{"id":83,"date":"2021-08-02T14:01:54","date_gmt":"2021-08-02T12:01:54","guid":{"rendered":"https:\/\/gender-planning.lva.tuwien.ac.at\/?page_id=83"},"modified":"2021-09-10T12:40:49","modified_gmt":"2021-09-10T10:40:49","slug":"gender-planning-in-salzburg","status":"publish","type":"page","link":"https:\/\/gender-planning.lva.tuwien.ac.at\/index.php\/lehrveranstaltungen\/gender-planning-im-laendlichen-raum-2020w\/gender-planning-in-salzburg\/","title":{"rendered":"Gender Planning in Salzburg"},"content":{"rendered":"\n<figure class=\"wp-block-image size-large\"><a href=\"https:\/\/gender-planning.lva.tuwien.ac.at\/wp-content\/uploads\/2021\/08\/salzburg_genderplanning.pdf\" target=\"_blank\" rel=\"noopener\"><img loading=\"lazy\" decoding=\"async\" width=\"1024\" height=\"768\" src=\"https:\/\/gender-planning.lva.tuwien.ac.at\/wp-content\/uploads\/2021\/08\/Seitenbild_Salzburg_Zeichenfla\u0308che-1-1024x768.png\" alt=\"Gender Planning in Salzburg\" class=\"wp-image-116\" srcset=\"https:\/\/gender-planning.lva.tuwien.ac.at\/wp-content\/uploads\/2021\/08\/Seitenbild_Salzburg_Zeichenfla\u0308che-1-1024x768.png 1024w, https:\/\/gender-planning.lva.tuwien.ac.at\/wp-content\/uploads\/2021\/08\/Seitenbild_Salzburg_Zeichenfla\u0308che-1-300x225.png 300w, https:\/\/gender-planning.lva.tuwien.ac.at\/wp-content\/uploads\/2021\/08\/Seitenbild_Salzburg_Zeichenfla\u0308che-1-768x576.png 768w, https:\/\/gender-planning.lva.tuwien.ac.at\/wp-content\/uploads\/2021\/08\/Seitenbild_Salzburg_Zeichenfla\u0308che-1-1536x1152.png 1536w, https:\/\/gender-planning.lva.tuwien.ac.at\/wp-content\/uploads\/2021\/08\/Seitenbild_Salzburg_Zeichenfla\u0308che-1-2048x1536.png 2048w, https:\/\/gender-planning.lva.tuwien.ac.at\/wp-content\/uploads\/2021\/08\/Seitenbild_Salzburg_Zeichenfla\u0308che-1-400x300.png 400w\" sizes=\"auto, (max-width: 1024px) 100vw, 1024px\" \/><\/a><\/figure>\n\n\n\n<hr class=\"wp-block-separator is-style-wide\"\/>\n\n\n\n<p>Im Jahr 2002 wurde vom Landtag Salzburg erstmals versucht, Gender Mainstreaming ins Landesgesetz zu integrieren, ein Jahr sp\u00e4ter wurde Gender Mainstreaming von der Salzburger Landesregierung als Leitprinzip beschlossen. (vgl.&nbsp;<a href=\"https:\/\/www.imag-gmb.at\/gender-mainstreaming\/implementierung-in-oesterreich\/umsetzung-auf-landesebene.html\" target=\"_blank\" rel=\"noreferrer noopener\">Bundeskanzleramt \u00d6sterreich 2019<\/a>)<\/p>\n\n\n\n<p>Im Bundesland Salzburg entwickelten sich die ersten genderbezogenen Projekte, Strategien und Organisationen Anfang der 2000er. W\u00e4hrend sich die meisten Projekte gezielt auf die Gemeindeebene und Regionalebene beziehen, gehen die Strategien und Organisationen in erster Linie vom Bundesland aus. Ein nennenswertes, grenz\u00fcberschreitendes Projekt f\u00fcr&nbsp; Salzburg, unter welchem mehrere genderbezogene Strategien erstellt wurden, ist&nbsp; GenderAlp!. Hierbei sind diverse Organisationen, wie das Land Salzburg oder der Verein Kokon bei der Umsetzung der Projekte involviert.<\/p>\n\n\n\n<p>Auch das Frauenb\u00fcro, welches sowohl in der Stadt Salzburg, als auch im Land Salzburg eingerichtet ist, setzt sich bei diversen Projekten mit unterschiedlichsten Themenschwerpunkten f\u00fcr die Frauenf\u00f6rderung ein. Generell l\u00e4sst sich au\u00dferdem feststellen, dass die Projekte und Strategien meist entweder einen hohen Raumbezug, oder aber einen starken Genderbezug haben. Dass sowohl der Raum-, als auch Genderbezug hoch beziehungsweise stark eingestuft werden kann, ist nur selten der Fall.&nbsp;<\/p>\n\n\n\n<p>Vor allem durch das Projekt GenderAlp! wurde in Bezug auf Gender Planning in Salzburg also schon einiges verwirklicht, bzw. Strategien erstellt. Jedoch ist zu sagen, dass immer noch Handlungsspielraum bestehtund dass gerade in den Gemeinden im l\u00e4ndlichen Raum noch mehr Projekte zu Gender Planning umgesetzt werden k\u00f6nnten.<\/p>\n\n\n\n<hr class=\"wp-block-separator is-style-wide\"\/>\n\n\n\n<div class=\"wp-block-file\"><a href=\"https:\/\/gender-planning.lva.tuwien.ac.at\/wp-content\/uploads\/2021\/08\/salzburg_genderplanning.pdf\" target=\"_blank\" rel=\"noreferrer noopener\"><strong>Hier geht&#8217;s zu den Organisationen, Projekten und Strategien in Salzburg<\/strong><\/a><a href=\"https:\/\/gender-planning.lva.tuwien.ac.at\/wp-content\/uploads\/2021\/08\/salzburg_genderplanning.pdf\" class=\"wp-block-file__button\" download>Herunterladen<\/a><\/div>\n","protected":false},"excerpt":{"rendered":"<p>Im Jahr 2002 wurde vom Landtag Salzburg erstmals versucht, Gender Mainstreaming ins Landesgesetz zu integrieren, ein Jahr sp\u00e4ter wurde Gender Mainstreaming von der Salzburger Landesregierung als Leitprinzip beschlossen. (vgl.&nbsp;Bundeskanzleramt \u00d6sterreich 2019) Im Bundesland Salzburg entwickelten sich die ersten genderbezogenen Projekte, Strategien und Organisationen Anfang der 2000er. W\u00e4hrend sich die meisten &hellip;<\/p>\n","protected":false},"author":4,"featured_media":0,"parent":67,"menu_order":7,"comment_status":"closed","ping_status":"closed","template":"","meta":{"footnotes":""},"class_list":["post-83","page","type-page","status-publish","hentry"],"yoast_head":"<!-- This site is optimized with the Yoast SEO plugin v27.5 - https:\/\/yoast.com\/product\/yoast-seo-wordpress\/ -->\n<title>Gender Planning in Salzburg - Gender Planning<\/title>\n<meta name=\"robots\" content=\"index, follow, max-snippet:-1, max-image-preview:large, max-video-preview:-1\" \/>\n<link rel=\"canonical\" href=\"https:\/\/gender-planning.lva.tuwien.ac.at\/index.php\/lehrveranstaltungen\/gender-planning-im-laendlichen-raum-2020w\/gender-planning-in-salzburg\/\" \/>\n<meta property=\"og:locale\" content=\"de_DE\" \/>\n<meta property=\"og:type\" content=\"article\" \/>\n<meta property=\"og:title\" content=\"Gender Planning in Salzburg - Gender Planning\" \/>\n<meta property=\"og:description\" content=\"Im Jahr 2002 wurde vom Landtag Salzburg erstmals versucht, Gender Mainstreaming ins Landesgesetz zu integrieren, ein Jahr sp\u00e4ter wurde Gender Mainstreaming von der Salzburger Landesregierung als Leitprinzip beschlossen. (vgl.&nbsp;Bundeskanzleramt \u00d6sterreich 2019) Im Bundesland Salzburg entwickelten sich die ersten genderbezogenen Projekte, Strategien und Organisationen Anfang der 2000er. W\u00e4hrend sich die meisten &hellip;\" \/>\n<meta property=\"og:url\" content=\"https:\/\/gender-planning.lva.tuwien.ac.at\/index.php\/lehrveranstaltungen\/gender-planning-im-laendlichen-raum-2020w\/gender-planning-in-salzburg\/\" \/>\n<meta property=\"og:site_name\" content=\"Gender Planning\" \/>\n<meta property=\"article:modified_time\" content=\"2021-09-10T10:40:49+00:00\" \/>\n<meta property=\"og:image\" content=\"https:\/\/gender-planning.lva.tuwien.ac.at\/wp-content\/uploads\/2021\/08\/Seitenbild_Salzburg_Zeichenfla\u0308che-1-1024x768.png\" \/>\n<meta name=\"twitter:card\" content=\"summary_large_image\" \/>\n<meta name=\"twitter:label1\" content=\"Gesch\u00e4tzte Lesezeit\" \/>\n\t<meta name=\"twitter:data1\" content=\"2\u00a0Minuten\" \/>\n<script type=\"application\/ld+json\" class=\"yoast-schema-graph\">{\"@context\":\"https:\\\/\\\/schema.org\",\"@graph\":[{\"@type\":\"WebPage\",\"@id\":\"https:\\\/\\\/gender-planning.lva.tuwien.ac.at\\\/index.php\\\/lehrveranstaltungen\\\/gender-planning-im-laendlichen-raum-2020w\\\/gender-planning-in-salzburg\\\/\",\"url\":\"https:\\\/\\\/gender-planning.lva.tuwien.ac.at\\\/index.php\\\/lehrveranstaltungen\\\/gender-planning-im-laendlichen-raum-2020w\\\/gender-planning-in-salzburg\\\/\",\"name\":\"Gender Planning in Salzburg - Gender Planning\",\"isPartOf\":{\"@id\":\"https:\\\/\\\/gender-planning.lva.tuwien.ac.at\\\/#website\"},\"datePublished\":\"2021-08-02T12:01:54+00:00\",\"dateModified\":\"2021-09-10T10:40:49+00:00\",\"breadcrumb\":{\"@id\":\"https:\\\/\\\/gender-planning.lva.tuwien.ac.at\\\/index.php\\\/lehrveranstaltungen\\\/gender-planning-im-laendlichen-raum-2020w\\\/gender-planning-in-salzburg\\\/#breadcrumb\"},\"inLanguage\":\"de\",\"potentialAction\":[{\"@type\":\"ReadAction\",\"target\":[\"https:\\\/\\\/gender-planning.lva.tuwien.ac.at\\\/index.php\\\/lehrveranstaltungen\\\/gender-planning-im-laendlichen-raum-2020w\\\/gender-planning-in-salzburg\\\/\"]}]},{\"@type\":\"BreadcrumbList\",\"@id\":\"https:\\\/\\\/gender-planning.lva.tuwien.ac.at\\\/index.php\\\/lehrveranstaltungen\\\/gender-planning-im-laendlichen-raum-2020w\\\/gender-planning-in-salzburg\\\/#breadcrumb\",\"itemListElement\":[{\"@type\":\"ListItem\",\"position\":1,\"name\":\"Startseite\",\"item\":\"https:\\\/\\\/gender-planning.lva.tuwien.ac.at\\\/\"},{\"@type\":\"ListItem\",\"position\":2,\"name\":\"Lehrveranstaltungen\",\"item\":\"https:\\\/\\\/gender-planning.lva.tuwien.ac.at\\\/index.php\\\/lehrveranstaltungen\\\/\"},{\"@type\":\"ListItem\",\"position\":3,\"name\":\"Gender Planning im l\u00e4ndlichen Raum (2020W)\",\"item\":\"https:\\\/\\\/gender-planning.lva.tuwien.ac.at\\\/index.php\\\/lehrveranstaltungen\\\/gender-planning-im-laendlichen-raum-2020w\\\/\"},{\"@type\":\"ListItem\",\"position\":4,\"name\":\"Gender Planning in Salzburg\"}]},{\"@type\":\"WebSite\",\"@id\":\"https:\\\/\\\/gender-planning.lva.tuwien.ac.at\\\/#website\",\"url\":\"https:\\\/\\\/gender-planning.lva.tuwien.ac.at\\\/\",\"name\":\"Gender Planning\",\"description\":\"Gender Planning\",\"potentialAction\":[{\"@type\":\"SearchAction\",\"target\":{\"@type\":\"EntryPoint\",\"urlTemplate\":\"https:\\\/\\\/gender-planning.lva.tuwien.ac.at\\\/?s={search_term_string}\"},\"query-input\":{\"@type\":\"PropertyValueSpecification\",\"valueRequired\":true,\"valueName\":\"search_term_string\"}}],\"inLanguage\":\"de\"}]}<\/script>\n<!-- \/ Yoast SEO plugin. -->","yoast_head_json":{"title":"Gender Planning in Salzburg - Gender Planning","robots":{"index":"index","follow":"follow","max-snippet":"max-snippet:-1","max-image-preview":"max-image-preview:large","max-video-preview":"max-video-preview:-1"},"canonical":"https:\/\/gender-planning.lva.tuwien.ac.at\/index.php\/lehrveranstaltungen\/gender-planning-im-laendlichen-raum-2020w\/gender-planning-in-salzburg\/","og_locale":"de_DE","og_type":"article","og_title":"Gender Planning in Salzburg - Gender Planning","og_description":"Im Jahr 2002 wurde vom Landtag Salzburg erstmals versucht, Gender Mainstreaming ins Landesgesetz zu integrieren, ein Jahr sp\u00e4ter wurde Gender Mainstreaming von der Salzburger Landesregierung als Leitprinzip beschlossen. (vgl.&nbsp;Bundeskanzleramt \u00d6sterreich 2019) Im Bundesland Salzburg entwickelten sich die ersten genderbezogenen Projekte, Strategien und Organisationen Anfang der 2000er. W\u00e4hrend sich die meisten &hellip;","og_url":"https:\/\/gender-planning.lva.tuwien.ac.at\/index.php\/lehrveranstaltungen\/gender-planning-im-laendlichen-raum-2020w\/gender-planning-in-salzburg\/","og_site_name":"Gender Planning","article_modified_time":"2021-09-10T10:40:49+00:00","og_image":[{"url":"https:\/\/gender-planning.lva.tuwien.ac.at\/wp-content\/uploads\/2021\/08\/Seitenbild_Salzburg_Zeichenfla\u0308che-1-1024x768.png","type":"","width":"","height":""}],"twitter_card":"summary_large_image","twitter_misc":{"Gesch\u00e4tzte Lesezeit":"2\u00a0Minuten"},"schema":{"@context":"https:\/\/schema.org","@graph":[{"@type":"WebPage","@id":"https:\/\/gender-planning.lva.tuwien.ac.at\/index.php\/lehrveranstaltungen\/gender-planning-im-laendlichen-raum-2020w\/gender-planning-in-salzburg\/","url":"https:\/\/gender-planning.lva.tuwien.ac.at\/index.php\/lehrveranstaltungen\/gender-planning-im-laendlichen-raum-2020w\/gender-planning-in-salzburg\/","name":"Gender Planning in Salzburg - Gender Planning","isPartOf":{"@id":"https:\/\/gender-planning.lva.tuwien.ac.at\/#website"},"datePublished":"2021-08-02T12:01:54+00:00","dateModified":"2021-09-10T10:40:49+00:00","breadcrumb":{"@id":"https:\/\/gender-planning.lva.tuwien.ac.at\/index.php\/lehrveranstaltungen\/gender-planning-im-laendlichen-raum-2020w\/gender-planning-in-salzburg\/#breadcrumb"},"inLanguage":"de","potentialAction":[{"@type":"ReadAction","target":["https:\/\/gender-planning.lva.tuwien.ac.at\/index.php\/lehrveranstaltungen\/gender-planning-im-laendlichen-raum-2020w\/gender-planning-in-salzburg\/"]}]},{"@type":"BreadcrumbList","@id":"https:\/\/gender-planning.lva.tuwien.ac.at\/index.php\/lehrveranstaltungen\/gender-planning-im-laendlichen-raum-2020w\/gender-planning-in-salzburg\/#breadcrumb","itemListElement":[{"@type":"ListItem","position":1,"name":"Startseite","item":"https:\/\/gender-planning.lva.tuwien.ac.at\/"},{"@type":"ListItem","position":2,"name":"Lehrveranstaltungen","item":"https:\/\/gender-planning.lva.tuwien.ac.at\/index.php\/lehrveranstaltungen\/"},{"@type":"ListItem","position":3,"name":"Gender Planning im l\u00e4ndlichen Raum (2020W)","item":"https:\/\/gender-planning.lva.tuwien.ac.at\/index.php\/lehrveranstaltungen\/gender-planning-im-laendlichen-raum-2020w\/"},{"@type":"ListItem","position":4,"name":"Gender Planning in Salzburg"}]},{"@type":"WebSite","@id":"https:\/\/gender-planning.lva.tuwien.ac.at\/#website","url":"https:\/\/gender-planning.lva.tuwien.ac.at\/","name":"Gender Planning","description":"Gender Planning","potentialAction":[{"@type":"SearchAction","target":{"@type":"EntryPoint","urlTemplate":"https:\/\/gender-planning.lva.tuwien.ac.at\/?s={search_term_string}"},"query-input":{"@type":"PropertyValueSpecification","valueRequired":true,"valueName":"search_term_string"}}],"inLanguage":"de"}]}},"_links":{"self":[{"href":"https:\/\/gender-planning.lva.tuwien.ac.at\/index.php\/wp-json\/wp\/v2\/pages\/83","targetHints":{"allow":["GET"]}}],"collection":[{"href":"https:\/\/gender-planning.lva.tuwien.ac.at\/index.php\/wp-json\/wp\/v2\/pages"}],"about":[{"href":"https:\/\/gender-planning.lva.tuwien.ac.at\/index.php\/wp-json\/wp\/v2\/types\/page"}],"author":[{"embeddable":true,"href":"https:\/\/gender-planning.lva.tuwien.ac.at\/index.php\/wp-json\/wp\/v2\/users\/4"}],"replies":[{"embeddable":true,"href":"https:\/\/gender-planning.lva.tuwien.ac.at\/index.php\/wp-json\/wp\/v2\/comments?post=83"}],"version-history":[{"count":6,"href":"https:\/\/gender-planning.lva.tuwien.ac.at\/index.php\/wp-json\/wp\/v2\/pages\/83\/revisions"}],"predecessor-version":[{"id":351,"href":"https:\/\/gender-planning.lva.tuwien.ac.at\/index.php\/wp-json\/wp\/v2\/pages\/83\/revisions\/351"}],"up":[{"embeddable":true,"href":"https:\/\/gender-planning.lva.tuwien.ac.at\/index.php\/wp-json\/wp\/v2\/pages\/67"}],"wp:attachment":[{"href":"https:\/\/gender-planning.lva.tuwien.ac.at\/index.php\/wp-json\/wp\/v2\/media?parent=83"}],"curies":[{"name":"wp","href":"https:\/\/api.w.org\/{rel}","templated":true}]}}