{"id":81,"date":"2021-08-02T14:01:34","date_gmt":"2021-08-02T12:01:34","guid":{"rendered":"https:\/\/gender-planning.lva.tuwien.ac.at\/?page_id=81"},"modified":"2021-09-10T12:42:56","modified_gmt":"2021-09-10T10:42:56","slug":"gender-planning-in-tirol","status":"publish","type":"page","link":"https:\/\/gender-planning.lva.tuwien.ac.at\/index.php\/lehrveranstaltungen\/gender-planning-im-laendlichen-raum-2020w\/gender-planning-in-tirol\/","title":{"rendered":"Gender Planning in Tirol"},"content":{"rendered":"\n<figure class=\"wp-block-image size-large\"><a href=\"https:\/\/gender-planning.lva.tuwien.ac.at\/wp-content\/uploads\/2021\/08\/tirol_genderplanning.pdf\" target=\"_blank\" rel=\"noopener\"><img loading=\"lazy\" decoding=\"async\" width=\"1024\" height=\"768\" src=\"https:\/\/gender-planning.lva.tuwien.ac.at\/wp-content\/uploads\/2021\/08\/Seitenbild_Tirol_Zeichenfla\u0308che-1-1024x768.png\" alt=\"Gender Planning in Tirol\" class=\"wp-image-118\" srcset=\"https:\/\/gender-planning.lva.tuwien.ac.at\/wp-content\/uploads\/2021\/08\/Seitenbild_Tirol_Zeichenfla\u0308che-1-1024x768.png 1024w, https:\/\/gender-planning.lva.tuwien.ac.at\/wp-content\/uploads\/2021\/08\/Seitenbild_Tirol_Zeichenfla\u0308che-1-300x225.png 300w, https:\/\/gender-planning.lva.tuwien.ac.at\/wp-content\/uploads\/2021\/08\/Seitenbild_Tirol_Zeichenfla\u0308che-1-768x576.png 768w, https:\/\/gender-planning.lva.tuwien.ac.at\/wp-content\/uploads\/2021\/08\/Seitenbild_Tirol_Zeichenfla\u0308che-1-1536x1152.png 1536w, https:\/\/gender-planning.lva.tuwien.ac.at\/wp-content\/uploads\/2021\/08\/Seitenbild_Tirol_Zeichenfla\u0308che-1-2048x1536.png 2048w, https:\/\/gender-planning.lva.tuwien.ac.at\/wp-content\/uploads\/2021\/08\/Seitenbild_Tirol_Zeichenfla\u0308che-1-400x300.png 400w\" sizes=\"auto, (max-width: 1024px) 100vw, 1024px\" \/><\/a><\/figure>\n\n\n\n<hr class=\"wp-block-separator is-style-wide\"\/>\n\n\n\n<p>Den Beginn des Gender Mainstreamings in Tirol stellte der Beschluss der Landesregierung 2001 \u00fcber die Verankerung der Gender Mainstreaming Strategie als Leitziel der Landespolitik dar. Ein Jahr sp\u00e4ter wurden vom Landtag beschlossen, sich zur Gender Mainstreaming Strategie zu bekennen und sich k\u00fcnftig vermehrt auf die legislative \u00dcberarbeitung und Anpassung nach Gesichtspunkten der Strategie zu fokussieren. Zur Umsetzung wurde eine Steuerungsgruppe eingerichtet. (vgl.&nbsp;<a href=\"https:\/\/www.imag-gmb.at\/gender-mainstreaming\/implementierung-in-oesterreich\/umsetzung-auf-landesebene.html\" target=\"_blank\" rel=\"noreferrer noopener\">Bundeskanzleramt \u00d6sterreich 2019<\/a>)<\/p>\n\n\n\n<p>Das Frauenreferat Tirol stellte bei der Recherche eine besonders wichtige Institution und Informationsquelle dar. Als einen Fokus des Gender Mainstreamings wurde in Tirol der wirtschaftliche Fokus identifiziert. Dabei wurden die Schlagworte \u201cStarke Unternehmerinnen\u201d in dem Kontext besonders oft genannt. \u201cFrauen*vernetzung\u201d nimmt eine zentrale Rolle f\u00fcr Anliegen und Rechte von Frauen ein. Das Netzwerk bringt 110 Einzelpersonen aus \u00fcber 30 unterschiedlichen Organisationen zusammen und f\u00f6rdert den Austausch und die Vernetzungen zwischen Frauen.&nbsp;<\/p>\n\n\n\n<p>Eine besonders spannende Studie wurde von der Europaregion Tirol-S\u00fcdtirol-Trentino in Zusammenarbeit mit der Agentur f\u00fcr Arbeit der Autonome Provinz Trient und den Gleichstellung- bzw. Frauen B\u00fcros der Autonomen Provinz Trient, der Autonomen Provinz Bozen S\u00fcdtirol und des Land Tirols ver\u00f6ffentlicht: \u201cDie Frau in der Europaregion Tirol-S\u00fcdtirol-Trentino\u201d. Die Untersuchung setzt sich mit den unterschiedlichen Lebensbedingungen von M\u00e4nnern und Frauen in der Europaregion auseinander.<\/p>\n\n\n\n<hr class=\"wp-block-separator is-style-wide\"\/>\n\n\n\n<div class=\"wp-block-file\"><a href=\"https:\/\/gender-planning.lva.tuwien.ac.at\/wp-content\/uploads\/2021\/08\/tirol_genderplanning.pdf\" target=\"_blank\" rel=\"noreferrer noopener\"><strong>Hier geht&#8217;s zu den Organisationen, Projekten und Strategien in Tirol<\/strong><\/a><a href=\"https:\/\/gender-planning.lva.tuwien.ac.at\/wp-content\/uploads\/2021\/08\/tirol_genderplanning.pdf\" class=\"wp-block-file__button\" download>Herunterladen<\/a><\/div>\n","protected":false},"excerpt":{"rendered":"<p>Den Beginn des Gender Mainstreamings in Tirol stellte der Beschluss der Landesregierung 2001 \u00fcber die Verankerung der Gender Mainstreaming Strategie als Leitziel der Landespolitik dar. Ein Jahr sp\u00e4ter wurden vom Landtag beschlossen, sich zur Gender Mainstreaming Strategie zu bekennen und sich k\u00fcnftig vermehrt auf die legislative \u00dcberarbeitung und Anpassung nach &hellip;<\/p>\n","protected":false},"author":4,"featured_media":0,"parent":67,"menu_order":6,"comment_status":"closed","ping_status":"closed","template":"","meta":{"footnotes":""},"class_list":["post-81","page","type-page","status-publish","hentry"],"yoast_head":"<!-- This site is optimized with the Yoast SEO plugin v27.5 - https:\/\/yoast.com\/product\/yoast-seo-wordpress\/ -->\n<title>Gender Planning in Tirol - Gender Planning<\/title>\n<meta name=\"robots\" content=\"index, follow, max-snippet:-1, max-image-preview:large, max-video-preview:-1\" \/>\n<link rel=\"canonical\" href=\"https:\/\/gender-planning.lva.tuwien.ac.at\/index.php\/lehrveranstaltungen\/gender-planning-im-laendlichen-raum-2020w\/gender-planning-in-tirol\/\" \/>\n<meta property=\"og:locale\" content=\"de_DE\" \/>\n<meta property=\"og:type\" content=\"article\" \/>\n<meta property=\"og:title\" content=\"Gender Planning in Tirol - Gender Planning\" \/>\n<meta property=\"og:description\" content=\"Den Beginn des Gender Mainstreamings in Tirol stellte der Beschluss der Landesregierung 2001 \u00fcber die Verankerung der Gender Mainstreaming Strategie als Leitziel der Landespolitik dar. Ein Jahr sp\u00e4ter wurden vom Landtag beschlossen, sich zur Gender Mainstreaming Strategie zu bekennen und sich k\u00fcnftig vermehrt auf die legislative \u00dcberarbeitung und Anpassung nach &hellip;\" \/>\n<meta property=\"og:url\" content=\"https:\/\/gender-planning.lva.tuwien.ac.at\/index.php\/lehrveranstaltungen\/gender-planning-im-laendlichen-raum-2020w\/gender-planning-in-tirol\/\" \/>\n<meta property=\"og:site_name\" content=\"Gender Planning\" \/>\n<meta property=\"article:modified_time\" content=\"2021-09-10T10:42:56+00:00\" \/>\n<meta property=\"og:image\" content=\"https:\/\/gender-planning.lva.tuwien.ac.at\/wp-content\/uploads\/2021\/08\/Seitenbild_Tirol_Zeichenfla\u0308che-1-1024x768.png\" \/>\n<meta name=\"twitter:card\" content=\"summary_large_image\" \/>\n<meta name=\"twitter:label1\" content=\"Gesch\u00e4tzte Lesezeit\" \/>\n\t<meta name=\"twitter:data1\" content=\"2\u00a0Minuten\" \/>\n<script type=\"application\/ld+json\" class=\"yoast-schema-graph\">{\"@context\":\"https:\\\/\\\/schema.org\",\"@graph\":[{\"@type\":\"WebPage\",\"@id\":\"https:\\\/\\\/gender-planning.lva.tuwien.ac.at\\\/index.php\\\/lehrveranstaltungen\\\/gender-planning-im-laendlichen-raum-2020w\\\/gender-planning-in-tirol\\\/\",\"url\":\"https:\\\/\\\/gender-planning.lva.tuwien.ac.at\\\/index.php\\\/lehrveranstaltungen\\\/gender-planning-im-laendlichen-raum-2020w\\\/gender-planning-in-tirol\\\/\",\"name\":\"Gender Planning in Tirol - Gender Planning\",\"isPartOf\":{\"@id\":\"https:\\\/\\\/gender-planning.lva.tuwien.ac.at\\\/#website\"},\"datePublished\":\"2021-08-02T12:01:34+00:00\",\"dateModified\":\"2021-09-10T10:42:56+00:00\",\"breadcrumb\":{\"@id\":\"https:\\\/\\\/gender-planning.lva.tuwien.ac.at\\\/index.php\\\/lehrveranstaltungen\\\/gender-planning-im-laendlichen-raum-2020w\\\/gender-planning-in-tirol\\\/#breadcrumb\"},\"inLanguage\":\"de\",\"potentialAction\":[{\"@type\":\"ReadAction\",\"target\":[\"https:\\\/\\\/gender-planning.lva.tuwien.ac.at\\\/index.php\\\/lehrveranstaltungen\\\/gender-planning-im-laendlichen-raum-2020w\\\/gender-planning-in-tirol\\\/\"]}]},{\"@type\":\"BreadcrumbList\",\"@id\":\"https:\\\/\\\/gender-planning.lva.tuwien.ac.at\\\/index.php\\\/lehrveranstaltungen\\\/gender-planning-im-laendlichen-raum-2020w\\\/gender-planning-in-tirol\\\/#breadcrumb\",\"itemListElement\":[{\"@type\":\"ListItem\",\"position\":1,\"name\":\"Startseite\",\"item\":\"https:\\\/\\\/gender-planning.lva.tuwien.ac.at\\\/\"},{\"@type\":\"ListItem\",\"position\":2,\"name\":\"Lehrveranstaltungen\",\"item\":\"https:\\\/\\\/gender-planning.lva.tuwien.ac.at\\\/index.php\\\/lehrveranstaltungen\\\/\"},{\"@type\":\"ListItem\",\"position\":3,\"name\":\"Gender Planning im l\u00e4ndlichen Raum (2020W)\",\"item\":\"https:\\\/\\\/gender-planning.lva.tuwien.ac.at\\\/index.php\\\/lehrveranstaltungen\\\/gender-planning-im-laendlichen-raum-2020w\\\/\"},{\"@type\":\"ListItem\",\"position\":4,\"name\":\"Gender Planning in Tirol\"}]},{\"@type\":\"WebSite\",\"@id\":\"https:\\\/\\\/gender-planning.lva.tuwien.ac.at\\\/#website\",\"url\":\"https:\\\/\\\/gender-planning.lva.tuwien.ac.at\\\/\",\"name\":\"Gender Planning\",\"description\":\"Gender Planning\",\"potentialAction\":[{\"@type\":\"SearchAction\",\"target\":{\"@type\":\"EntryPoint\",\"urlTemplate\":\"https:\\\/\\\/gender-planning.lva.tuwien.ac.at\\\/?s={search_term_string}\"},\"query-input\":{\"@type\":\"PropertyValueSpecification\",\"valueRequired\":true,\"valueName\":\"search_term_string\"}}],\"inLanguage\":\"de\"}]}<\/script>\n<!-- \/ Yoast SEO plugin. -->","yoast_head_json":{"title":"Gender Planning in Tirol - Gender Planning","robots":{"index":"index","follow":"follow","max-snippet":"max-snippet:-1","max-image-preview":"max-image-preview:large","max-video-preview":"max-video-preview:-1"},"canonical":"https:\/\/gender-planning.lva.tuwien.ac.at\/index.php\/lehrveranstaltungen\/gender-planning-im-laendlichen-raum-2020w\/gender-planning-in-tirol\/","og_locale":"de_DE","og_type":"article","og_title":"Gender Planning in Tirol - Gender Planning","og_description":"Den Beginn des Gender Mainstreamings in Tirol stellte der Beschluss der Landesregierung 2001 \u00fcber die Verankerung der Gender Mainstreaming Strategie als Leitziel der Landespolitik dar. Ein Jahr sp\u00e4ter wurden vom Landtag beschlossen, sich zur Gender Mainstreaming Strategie zu bekennen und sich k\u00fcnftig vermehrt auf die legislative \u00dcberarbeitung und Anpassung nach &hellip;","og_url":"https:\/\/gender-planning.lva.tuwien.ac.at\/index.php\/lehrveranstaltungen\/gender-planning-im-laendlichen-raum-2020w\/gender-planning-in-tirol\/","og_site_name":"Gender Planning","article_modified_time":"2021-09-10T10:42:56+00:00","og_image":[{"url":"https:\/\/gender-planning.lva.tuwien.ac.at\/wp-content\/uploads\/2021\/08\/Seitenbild_Tirol_Zeichenfla\u0308che-1-1024x768.png","type":"","width":"","height":""}],"twitter_card":"summary_large_image","twitter_misc":{"Gesch\u00e4tzte Lesezeit":"2\u00a0Minuten"},"schema":{"@context":"https:\/\/schema.org","@graph":[{"@type":"WebPage","@id":"https:\/\/gender-planning.lva.tuwien.ac.at\/index.php\/lehrveranstaltungen\/gender-planning-im-laendlichen-raum-2020w\/gender-planning-in-tirol\/","url":"https:\/\/gender-planning.lva.tuwien.ac.at\/index.php\/lehrveranstaltungen\/gender-planning-im-laendlichen-raum-2020w\/gender-planning-in-tirol\/","name":"Gender Planning in Tirol - Gender Planning","isPartOf":{"@id":"https:\/\/gender-planning.lva.tuwien.ac.at\/#website"},"datePublished":"2021-08-02T12:01:34+00:00","dateModified":"2021-09-10T10:42:56+00:00","breadcrumb":{"@id":"https:\/\/gender-planning.lva.tuwien.ac.at\/index.php\/lehrveranstaltungen\/gender-planning-im-laendlichen-raum-2020w\/gender-planning-in-tirol\/#breadcrumb"},"inLanguage":"de","potentialAction":[{"@type":"ReadAction","target":["https:\/\/gender-planning.lva.tuwien.ac.at\/index.php\/lehrveranstaltungen\/gender-planning-im-laendlichen-raum-2020w\/gender-planning-in-tirol\/"]}]},{"@type":"BreadcrumbList","@id":"https:\/\/gender-planning.lva.tuwien.ac.at\/index.php\/lehrveranstaltungen\/gender-planning-im-laendlichen-raum-2020w\/gender-planning-in-tirol\/#breadcrumb","itemListElement":[{"@type":"ListItem","position":1,"name":"Startseite","item":"https:\/\/gender-planning.lva.tuwien.ac.at\/"},{"@type":"ListItem","position":2,"name":"Lehrveranstaltungen","item":"https:\/\/gender-planning.lva.tuwien.ac.at\/index.php\/lehrveranstaltungen\/"},{"@type":"ListItem","position":3,"name":"Gender Planning im l\u00e4ndlichen Raum (2020W)","item":"https:\/\/gender-planning.lva.tuwien.ac.at\/index.php\/lehrveranstaltungen\/gender-planning-im-laendlichen-raum-2020w\/"},{"@type":"ListItem","position":4,"name":"Gender Planning in Tirol"}]},{"@type":"WebSite","@id":"https:\/\/gender-planning.lva.tuwien.ac.at\/#website","url":"https:\/\/gender-planning.lva.tuwien.ac.at\/","name":"Gender Planning","description":"Gender Planning","potentialAction":[{"@type":"SearchAction","target":{"@type":"EntryPoint","urlTemplate":"https:\/\/gender-planning.lva.tuwien.ac.at\/?s={search_term_string}"},"query-input":{"@type":"PropertyValueSpecification","valueRequired":true,"valueName":"search_term_string"}}],"inLanguage":"de"}]}},"_links":{"self":[{"href":"https:\/\/gender-planning.lva.tuwien.ac.at\/index.php\/wp-json\/wp\/v2\/pages\/81","targetHints":{"allow":["GET"]}}],"collection":[{"href":"https:\/\/gender-planning.lva.tuwien.ac.at\/index.php\/wp-json\/wp\/v2\/pages"}],"about":[{"href":"https:\/\/gender-planning.lva.tuwien.ac.at\/index.php\/wp-json\/wp\/v2\/types\/page"}],"author":[{"embeddable":true,"href":"https:\/\/gender-planning.lva.tuwien.ac.at\/index.php\/wp-json\/wp\/v2\/users\/4"}],"replies":[{"embeddable":true,"href":"https:\/\/gender-planning.lva.tuwien.ac.at\/index.php\/wp-json\/wp\/v2\/comments?post=81"}],"version-history":[{"count":4,"href":"https:\/\/gender-planning.lva.tuwien.ac.at\/index.php\/wp-json\/wp\/v2\/pages\/81\/revisions"}],"predecessor-version":[{"id":355,"href":"https:\/\/gender-planning.lva.tuwien.ac.at\/index.php\/wp-json\/wp\/v2\/pages\/81\/revisions\/355"}],"up":[{"embeddable":true,"href":"https:\/\/gender-planning.lva.tuwien.ac.at\/index.php\/wp-json\/wp\/v2\/pages\/67"}],"wp:attachment":[{"href":"https:\/\/gender-planning.lva.tuwien.ac.at\/index.php\/wp-json\/wp\/v2\/media?parent=81"}],"curies":[{"name":"wp","href":"https:\/\/api.w.org\/{rel}","templated":true}]}}