{"id":806,"date":"2022-05-24T16:21:17","date_gmt":"2022-05-24T14:21:17","guid":{"rendered":"https:\/\/gender-planning.lva.tuwien.ac.at\/?page_id=806"},"modified":"2022-08-03T12:07:47","modified_gmt":"2022-08-03T10:07:47","slug":"flintbar","status":"publish","type":"page","link":"https:\/\/gender-planning.lva.tuwien.ac.at\/index.php\/femistische-raumaneignung-politische-interventionen-im-oeffentlichen-raum\/flintbar\/","title":{"rendered":"FLINT*bAr"},"content":{"rendered":"\n<p><a href=\"#Fotos\">FOTOS<\/a> |&nbsp;<a href=\"#Texte\">TEXTE<\/a><\/p>\n\n\n\n<p>\u201cthis is a flinta space, please do not enter if you think you are a man\u201d<\/p>\n\n\n\n<p>Die FLINT*bAr ist ein Ort an denen Flinta*Personen Zugang haben um dort einen Safe Space zu schaffen. Einen Raum in dem Frauen, Trans-, Inter und Non- Binary Personen ohne Benachteiligungen, Grenz\u00fcberschreitungen, Gewalt und Vorurteilen, denen sie im Alltag ausgesetzt sind, sein k\u00f6nnen. Menschen definieren selbst, ob sie sich in diesen Zuschreibungen wiederfinden.<br><\/p>\n\n\n\n<p>Die FLINT*bAr ist au\u00dferdem ein Raum der <br>&#8211; das Konkurrenzdenken (an der Uni) aufbrechen kann <br>&#8211; der  patriarchal gepr\u00e4gte Unir\u00e4ume aufzeigt<br>&#8211; der Flinta*s erm\u00f6glicht sich zu organisieren und auszutauschen<br>&#8211; Platz bietet Freund*innenschaften zu bilden\/zu kuscheln\/etc.<\/p>\n\n\n\n<p><\/p>\n\n\n\n<h5 class=\"wp-block-heading\">Studierende<\/h5>\n\n\n\n<p>Emma Neuner | Oliver St\u00f6ckigt <\/p>\n\n\n\n<h5 class=\"wp-block-heading\" id=\"Fotos\">Fotos zur Aktion <\/h5>\n\n\n<div id=\"metaslider-id-1098\" style=\"max-width: 2560px;\" class=\"ml-slider-3-108-0 metaslider metaslider-flex metaslider-1098 ml-slider has-dots-nav ms-theme-default\" role=\"region\" aria-label=\"Flint*bAr\" data-height=\"1720\" data-width=\"2560\">\n    <div id=\"metaslider_container_1098\">\n        <div id=\"metaslider_1098\">\n            <ul class='slides'>\n                <li style=\"display: block; width: 100%;\" class=\"slide-1107 ms-image \" aria-roledescription=\"slide\" data-date=\"2022-07-19 10:44:48\" data-filename=\"IMG_8128-scaled-2560x1720.jpg\" data-slide-type=\"image\"><img loading=\"lazy\" decoding=\"async\" src=\"https:\/\/gender-planning.lva.tuwien.ac.at\/wp-content\/uploads\/2022\/07\/IMG_8128-scaled-2560x1720.jpg\" height=\"1720\" width=\"2560\" alt=\"Verschiedene Kunstinstallationen.\" class=\"slider-1098 slide-1107 msDefaultImage\" title=\"Flinta Bar\" \/><\/li>\n                <li style=\"display: none; width: 100%;\" class=\"slide-1106 ms-image \" aria-roledescription=\"slide\" data-date=\"2022-07-19 10:44:47\" data-filename=\"DSC00703-scaled-2533x1702.jpg\" data-slide-type=\"image\"><img loading=\"lazy\" decoding=\"async\" src=\"https:\/\/gender-planning.lva.tuwien.ac.at\/wp-content\/uploads\/2022\/07\/DSC00703-scaled-2533x1702.jpg\" height=\"1720\" width=\"2560\" alt=\"Das Flinte cafe.\" class=\"slider-1098 slide-1106 msDefaultImage\" title=\"DSC00703\" \/><\/li>\n                <li style=\"display: none; width: 100%;\" class=\"slide-1104 ms-image \" aria-roledescription=\"slide\" data-date=\"2022-07-19 10:44:47\" data-filename=\"DSC00719-scaled-2533x1702.jpg\" data-slide-type=\"image\"><img loading=\"lazy\" decoding=\"async\" src=\"https:\/\/gender-planning.lva.tuwien.ac.at\/wp-content\/uploads\/2022\/07\/DSC00719-scaled-2533x1702.jpg\" height=\"1720\" width=\"2560\" alt=\"Menschen sitzen und stehen im Innenhof.\" class=\"slider-1098 slide-1104 msDefaultImage\" title=\"DSC00719\" \/><\/li>\n                <li style=\"display: none; width: 100%;\" class=\"slide-1105 ms-image \" aria-roledescription=\"slide\" data-date=\"2022-07-19 10:44:47\" data-filename=\"DSC00711-scaled-2533x1702.jpg\" data-slide-type=\"image\"><img loading=\"lazy\" decoding=\"async\" src=\"https:\/\/gender-planning.lva.tuwien.ac.at\/wp-content\/uploads\/2022\/07\/DSC00711-scaled-2533x1702.jpg\" height=\"1720\" width=\"2560\" alt=\"\" class=\"slider-1098 slide-1105 msDefaultImage\" title=\"DSC00711\" \/><\/li>\n                <li style=\"display: none; width: 100%;\" class=\"slide-1100 ms-image \" aria-roledescription=\"slide\" data-date=\"2022-07-19 10:44:47\" data-filename=\"DSC00795-scaled-2533x1702.jpg\" data-slide-type=\"image\"><img loading=\"lazy\" decoding=\"async\" src=\"https:\/\/gender-planning.lva.tuwien.ac.at\/wp-content\/uploads\/2022\/07\/DSC00795-scaled-2533x1702.jpg\" height=\"1720\" width=\"2560\" alt=\"Zwei Personen halten eine Rede.\" class=\"slider-1098 slide-1100 msDefaultImage\" title=\"Flinta Bar\" \/><\/li>\n                <li style=\"display: none; width: 100%;\" class=\"slide-1101 ms-image \" aria-roledescription=\"slide\" data-date=\"2022-07-19 10:44:47\" data-filename=\"DSC00788-scaled-2533x1702.jpg\" data-slide-type=\"image\"><img loading=\"lazy\" decoding=\"async\" src=\"https:\/\/gender-planning.lva.tuwien.ac.at\/wp-content\/uploads\/2022\/07\/DSC00788-scaled-2533x1702.jpg\" height=\"1720\" width=\"2560\" alt=\"Zwei Personen halten eine Rede.\" class=\"slider-1098 slide-1101 msDefaultImage\" title=\"Flinta Bar\" \/><\/li>\n                <li style=\"display: none; width: 100%;\" class=\"slide-1102 ms-image \" aria-roledescription=\"slide\" data-date=\"2022-07-19 10:44:47\" data-filename=\"DSC00761-scaled-2533x1702.jpg\" data-slide-type=\"image\"><img loading=\"lazy\" decoding=\"async\" src=\"https:\/\/gender-planning.lva.tuwien.ac.at\/wp-content\/uploads\/2022\/07\/DSC00761-scaled-2533x1702.jpg\" height=\"1720\" width=\"2560\" alt=\"Eine Person legt Musik auf.\" class=\"slider-1098 slide-1102 msDefaultImage\" title=\"Flinta Bar\" \/><\/li>\n                <li style=\"display: none; width: 100%;\" class=\"slide-1103 ms-image \" aria-roledescription=\"slide\" data-date=\"2022-07-19 10:44:47\" data-filename=\"DSC00732-scaled-1702x1143.jpg\" data-slide-type=\"image\"><img loading=\"lazy\" decoding=\"async\" src=\"https:\/\/gender-planning.lva.tuwien.ac.at\/wp-content\/uploads\/2022\/07\/DSC00732-scaled-1702x1143.jpg\" height=\"1720\" width=\"2560\" alt=\"Ein Plakat \u00fcber das Thema Konsens.\" class=\"slider-1098 slide-1103 msDefaultImage\" title=\"Flinta Bar\" \/><\/li>\n            <\/ul>\n        <\/div>\n        \n    <\/div>\n<\/div>\n\n\n\n<h5 class=\"wp-block-heading\" id=\"Texte\">Texte zur Aktion <\/h5>\n\n\n\n<div class=\"_df_book df-lite\" id=\"df_1082\"  _slug=\"flintbar\" data-title=\"flintbar\" wpoptions=\"true\" thumbtype=\"\" ><\/div><script class=\"df-shortcode-script\" nowprocket type=\"application\/javascript\">window.option_df_1082 = {\"outline\":[],\"autoEnableOutline\":\"false\",\"autoEnableThumbnail\":\"false\",\"overwritePDFOutline\":\"false\",\"direction\":\"1\",\"pageSize\":\"0\",\"source\":\"https:\\\/\\\/gender-planning.lva.tuwien.ac.at\\\/wp-content\\\/uploads\\\/2022\\\/07\\\/Flint_bar.pdf\",\"wpOptions\":\"true\"}; if(window.DFLIP && window.DFLIP.parseBooks){window.DFLIP.parseBooks();}<\/script>\n\n\n\n<h3 class=\"wp-block-heading\">Awareness Leitfaden <\/h3>\n\n\n\n<h5 class=\"wp-block-heading\"><div class=\"_df_book df-lite\" id=\"df_1155\"  _slug=\"leitfaden-awarness-team\" data-title=\"leitfaden-awarness-team\" wpoptions=\"true\" thumbtype=\"\" ><\/div><script class=\"df-shortcode-script\" nowprocket type=\"application\/javascript\">window.option_df_1155 = {\"outline\":[],\"autoEnableOutline\":\"false\",\"autoEnableThumbnail\":\"false\",\"overwritePDFOutline\":\"false\",\"direction\":\"1\",\"pageSize\":\"0\",\"source\":\"https:\\\/\\\/gender-planning.lva.tuwien.ac.at\\\/wp-content\\\/uploads\\\/2022\\\/08\\\/FLINTBAR_awarenesskonzept.pdf\",\"wpOptions\":\"true\"}; if(window.DFLIP && window.DFLIP.parseBooks){window.DFLIP.parseBooks();}<\/script><\/h5>\n\n\n\n<h5 class=\"wp-block-heading\"><br>Ort der Intervention<\/h5>\n\n\n\n<br class=\"\u201cclear\u201d\">\n\n\n\n<figure class=\"wp-block-image size-large is-resized\"><img decoding=\"async\" src=\"https:\/\/gender-planning.lva.tuwien.ac.at\/wp-content\/uploads\/2022\/05\/FLINT_bAr-01-1024x764.png\" alt=\"\" class=\"wp-image-796\" width=\"524\" srcset=\"https:\/\/gender-planning.lva.tuwien.ac.at\/wp-content\/uploads\/2022\/05\/FLINT_bAr-01-1024x764.png 1024w, https:\/\/gender-planning.lva.tuwien.ac.at\/wp-content\/uploads\/2022\/05\/FLINT_bAr-01-300x224.png 300w, https:\/\/gender-planning.lva.tuwien.ac.at\/wp-content\/uploads\/2022\/05\/FLINT_bAr-01-768x573.png 768w, https:\/\/gender-planning.lva.tuwien.ac.at\/wp-content\/uploads\/2022\/05\/FLINT_bAr-01-1536x1147.png 1536w, https:\/\/gender-planning.lva.tuwien.ac.at\/wp-content\/uploads\/2022\/05\/FLINT_bAr-01-402x300.png 402w, https:\/\/gender-planning.lva.tuwien.ac.at\/wp-content\/uploads\/2022\/05\/FLINT_bAr-01.png 1684w\" sizes=\"(max-width: 1024px) 100vw, 1024px\" \/><\/figure>\n\n\n\n<br class=\"\u201cclear\u201d\">\n\n\n\n<h5 class=\"wp-block-heading\"><br><\/h5>\n\n\n\n<br class=\"\u201cclear\u201d\">\n","protected":false},"excerpt":{"rendered":"<p>FOTOS |&nbsp;TEXTE \u201cthis is a flinta space, please do not enter if you think you are a man\u201d Die FLINT*bAr ist ein Ort an denen Flinta*Personen Zugang haben um dort einen Safe Space zu schaffen. Einen Raum in dem Frauen, Trans-, Inter und Non- Binary Personen ohne Benachteiligungen, Grenz\u00fcberschreitungen, Gewalt &hellip;<\/p>\n","protected":false},"author":4,"featured_media":0,"parent":699,"menu_order":1,"comment_status":"closed","ping_status":"closed","template":"","meta":{"footnotes":""},"class_list":["post-806","page","type-page","status-publish","hentry"],"yoast_head":"<!-- This site is optimized with the Yoast SEO plugin v27.5 - https:\/\/yoast.com\/product\/yoast-seo-wordpress\/ -->\n<title>FLINT*bAr - Gender Planning<\/title>\n<meta name=\"robots\" content=\"index, follow, max-snippet:-1, max-image-preview:large, max-video-preview:-1\" \/>\n<link rel=\"canonical\" href=\"https:\/\/gender-planning.lva.tuwien.ac.at\/index.php\/femistische-raumaneignung-politische-interventionen-im-oeffentlichen-raum\/flintbar\/\" \/>\n<meta property=\"og:locale\" content=\"de_DE\" \/>\n<meta property=\"og:type\" content=\"article\" \/>\n<meta property=\"og:title\" content=\"FLINT*bAr - Gender Planning\" \/>\n<meta property=\"og:description\" content=\"FOTOS |&nbsp;TEXTE \u201cthis is a flinta space, please do not enter if you think you are a man\u201d Die FLINT*bAr ist ein Ort an denen Flinta*Personen Zugang haben um dort einen Safe Space zu schaffen. Einen Raum in dem Frauen, Trans-, Inter und Non- Binary Personen ohne Benachteiligungen, Grenz\u00fcberschreitungen, Gewalt &hellip;\" \/>\n<meta property=\"og:url\" content=\"https:\/\/gender-planning.lva.tuwien.ac.at\/index.php\/femistische-raumaneignung-politische-interventionen-im-oeffentlichen-raum\/flintbar\/\" \/>\n<meta property=\"og:site_name\" content=\"Gender Planning\" \/>\n<meta property=\"article:modified_time\" content=\"2022-08-03T10:07:47+00:00\" \/>\n<meta property=\"og:image\" content=\"https:\/\/gender-planning.lva.tuwien.ac.at\/wp-content\/uploads\/2022\/05\/FLINT_bAr-01-1024x764.png\" \/>\n<meta name=\"twitter:card\" content=\"summary_large_image\" \/>\n<meta name=\"twitter:label1\" content=\"Gesch\u00e4tzte Lesezeit\" \/>\n\t<meta name=\"twitter:data1\" content=\"1\u00a0Minute\" \/>\n<script type=\"application\/ld+json\" class=\"yoast-schema-graph\">{\"@context\":\"https:\\\/\\\/schema.org\",\"@graph\":[{\"@type\":\"WebPage\",\"@id\":\"https:\\\/\\\/gender-planning.lva.tuwien.ac.at\\\/index.php\\\/femistische-raumaneignung-politische-interventionen-im-oeffentlichen-raum\\\/flintbar\\\/\",\"url\":\"https:\\\/\\\/gender-planning.lva.tuwien.ac.at\\\/index.php\\\/femistische-raumaneignung-politische-interventionen-im-oeffentlichen-raum\\\/flintbar\\\/\",\"name\":\"FLINT*bAr - Gender Planning\",\"isPartOf\":{\"@id\":\"https:\\\/\\\/gender-planning.lva.tuwien.ac.at\\\/#website\"},\"primaryImageOfPage\":{\"@id\":\"https:\\\/\\\/gender-planning.lva.tuwien.ac.at\\\/index.php\\\/femistische-raumaneignung-politische-interventionen-im-oeffentlichen-raum\\\/flintbar\\\/#primaryimage\"},\"image\":{\"@id\":\"https:\\\/\\\/gender-planning.lva.tuwien.ac.at\\\/index.php\\\/femistische-raumaneignung-politische-interventionen-im-oeffentlichen-raum\\\/flintbar\\\/#primaryimage\"},\"thumbnailUrl\":\"https:\\\/\\\/gender-planning.lva.tuwien.ac.at\\\/wp-content\\\/uploads\\\/2022\\\/05\\\/FLINT_bAr-01-1024x764.png\",\"datePublished\":\"2022-05-24T14:21:17+00:00\",\"dateModified\":\"2022-08-03T10:07:47+00:00\",\"breadcrumb\":{\"@id\":\"https:\\\/\\\/gender-planning.lva.tuwien.ac.at\\\/index.php\\\/femistische-raumaneignung-politische-interventionen-im-oeffentlichen-raum\\\/flintbar\\\/#breadcrumb\"},\"inLanguage\":\"de\",\"potentialAction\":[{\"@type\":\"ReadAction\",\"target\":[\"https:\\\/\\\/gender-planning.lva.tuwien.ac.at\\\/index.php\\\/femistische-raumaneignung-politische-interventionen-im-oeffentlichen-raum\\\/flintbar\\\/\"]}]},{\"@type\":\"ImageObject\",\"inLanguage\":\"de\",\"@id\":\"https:\\\/\\\/gender-planning.lva.tuwien.ac.at\\\/index.php\\\/femistische-raumaneignung-politische-interventionen-im-oeffentlichen-raum\\\/flintbar\\\/#primaryimage\",\"url\":\"https:\\\/\\\/gender-planning.lva.tuwien.ac.at\\\/wp-content\\\/uploads\\\/2022\\\/05\\\/FLINT_bAr-01.png\",\"contentUrl\":\"https:\\\/\\\/gender-planning.lva.tuwien.ac.at\\\/wp-content\\\/uploads\\\/2022\\\/05\\\/FLINT_bAr-01.png\",\"width\":1684,\"height\":1257},{\"@type\":\"BreadcrumbList\",\"@id\":\"https:\\\/\\\/gender-planning.lva.tuwien.ac.at\\\/index.php\\\/femistische-raumaneignung-politische-interventionen-im-oeffentlichen-raum\\\/flintbar\\\/#breadcrumb\",\"itemListElement\":[{\"@type\":\"ListItem\",\"position\":1,\"name\":\"Startseite\",\"item\":\"https:\\\/\\\/gender-planning.lva.tuwien.ac.at\\\/\"},{\"@type\":\"ListItem\",\"position\":2,\"name\":\"Feministische Raumaneignung \u2013 Politische Interventionen im \u00f6ffentlichen Raum (2022S)\",\"item\":\"https:\\\/\\\/gender-planning.lva.tuwien.ac.at\\\/index.php\\\/femistische-raumaneignung-politische-interventionen-im-oeffentlichen-raum\\\/\"},{\"@type\":\"ListItem\",\"position\":3,\"name\":\"FLINT*bAr\"}]},{\"@type\":\"WebSite\",\"@id\":\"https:\\\/\\\/gender-planning.lva.tuwien.ac.at\\\/#website\",\"url\":\"https:\\\/\\\/gender-planning.lva.tuwien.ac.at\\\/\",\"name\":\"Gender Planning\",\"description\":\"Gender Planning\",\"potentialAction\":[{\"@type\":\"SearchAction\",\"target\":{\"@type\":\"EntryPoint\",\"urlTemplate\":\"https:\\\/\\\/gender-planning.lva.tuwien.ac.at\\\/?s={search_term_string}\"},\"query-input\":{\"@type\":\"PropertyValueSpecification\",\"valueRequired\":true,\"valueName\":\"search_term_string\"}}],\"inLanguage\":\"de\"}]}<\/script>\n<!-- \/ Yoast SEO plugin. -->","yoast_head_json":{"title":"FLINT*bAr - Gender Planning","robots":{"index":"index","follow":"follow","max-snippet":"max-snippet:-1","max-image-preview":"max-image-preview:large","max-video-preview":"max-video-preview:-1"},"canonical":"https:\/\/gender-planning.lva.tuwien.ac.at\/index.php\/femistische-raumaneignung-politische-interventionen-im-oeffentlichen-raum\/flintbar\/","og_locale":"de_DE","og_type":"article","og_title":"FLINT*bAr - Gender Planning","og_description":"FOTOS |&nbsp;TEXTE \u201cthis is a flinta space, please do not enter if you think you are a man\u201d Die FLINT*bAr ist ein Ort an denen Flinta*Personen Zugang haben um dort einen Safe Space zu schaffen. Einen Raum in dem Frauen, Trans-, Inter und Non- Binary Personen ohne Benachteiligungen, Grenz\u00fcberschreitungen, Gewalt &hellip;","og_url":"https:\/\/gender-planning.lva.tuwien.ac.at\/index.php\/femistische-raumaneignung-politische-interventionen-im-oeffentlichen-raum\/flintbar\/","og_site_name":"Gender Planning","article_modified_time":"2022-08-03T10:07:47+00:00","og_image":[{"url":"https:\/\/gender-planning.lva.tuwien.ac.at\/wp-content\/uploads\/2022\/05\/FLINT_bAr-01-1024x764.png","type":"","width":"","height":""}],"twitter_card":"summary_large_image","twitter_misc":{"Gesch\u00e4tzte Lesezeit":"1\u00a0Minute"},"schema":{"@context":"https:\/\/schema.org","@graph":[{"@type":"WebPage","@id":"https:\/\/gender-planning.lva.tuwien.ac.at\/index.php\/femistische-raumaneignung-politische-interventionen-im-oeffentlichen-raum\/flintbar\/","url":"https:\/\/gender-planning.lva.tuwien.ac.at\/index.php\/femistische-raumaneignung-politische-interventionen-im-oeffentlichen-raum\/flintbar\/","name":"FLINT*bAr - Gender Planning","isPartOf":{"@id":"https:\/\/gender-planning.lva.tuwien.ac.at\/#website"},"primaryImageOfPage":{"@id":"https:\/\/gender-planning.lva.tuwien.ac.at\/index.php\/femistische-raumaneignung-politische-interventionen-im-oeffentlichen-raum\/flintbar\/#primaryimage"},"image":{"@id":"https:\/\/gender-planning.lva.tuwien.ac.at\/index.php\/femistische-raumaneignung-politische-interventionen-im-oeffentlichen-raum\/flintbar\/#primaryimage"},"thumbnailUrl":"https:\/\/gender-planning.lva.tuwien.ac.at\/wp-content\/uploads\/2022\/05\/FLINT_bAr-01-1024x764.png","datePublished":"2022-05-24T14:21:17+00:00","dateModified":"2022-08-03T10:07:47+00:00","breadcrumb":{"@id":"https:\/\/gender-planning.lva.tuwien.ac.at\/index.php\/femistische-raumaneignung-politische-interventionen-im-oeffentlichen-raum\/flintbar\/#breadcrumb"},"inLanguage":"de","potentialAction":[{"@type":"ReadAction","target":["https:\/\/gender-planning.lva.tuwien.ac.at\/index.php\/femistische-raumaneignung-politische-interventionen-im-oeffentlichen-raum\/flintbar\/"]}]},{"@type":"ImageObject","inLanguage":"de","@id":"https:\/\/gender-planning.lva.tuwien.ac.at\/index.php\/femistische-raumaneignung-politische-interventionen-im-oeffentlichen-raum\/flintbar\/#primaryimage","url":"https:\/\/gender-planning.lva.tuwien.ac.at\/wp-content\/uploads\/2022\/05\/FLINT_bAr-01.png","contentUrl":"https:\/\/gender-planning.lva.tuwien.ac.at\/wp-content\/uploads\/2022\/05\/FLINT_bAr-01.png","width":1684,"height":1257},{"@type":"BreadcrumbList","@id":"https:\/\/gender-planning.lva.tuwien.ac.at\/index.php\/femistische-raumaneignung-politische-interventionen-im-oeffentlichen-raum\/flintbar\/#breadcrumb","itemListElement":[{"@type":"ListItem","position":1,"name":"Startseite","item":"https:\/\/gender-planning.lva.tuwien.ac.at\/"},{"@type":"ListItem","position":2,"name":"Feministische Raumaneignung \u2013 Politische Interventionen im \u00f6ffentlichen Raum (2022S)","item":"https:\/\/gender-planning.lva.tuwien.ac.at\/index.php\/femistische-raumaneignung-politische-interventionen-im-oeffentlichen-raum\/"},{"@type":"ListItem","position":3,"name":"FLINT*bAr"}]},{"@type":"WebSite","@id":"https:\/\/gender-planning.lva.tuwien.ac.at\/#website","url":"https:\/\/gender-planning.lva.tuwien.ac.at\/","name":"Gender Planning","description":"Gender Planning","potentialAction":[{"@type":"SearchAction","target":{"@type":"EntryPoint","urlTemplate":"https:\/\/gender-planning.lva.tuwien.ac.at\/?s={search_term_string}"},"query-input":{"@type":"PropertyValueSpecification","valueRequired":true,"valueName":"search_term_string"}}],"inLanguage":"de"}]}},"_links":{"self":[{"href":"https:\/\/gender-planning.lva.tuwien.ac.at\/index.php\/wp-json\/wp\/v2\/pages\/806","targetHints":{"allow":["GET"]}}],"collection":[{"href":"https:\/\/gender-planning.lva.tuwien.ac.at\/index.php\/wp-json\/wp\/v2\/pages"}],"about":[{"href":"https:\/\/gender-planning.lva.tuwien.ac.at\/index.php\/wp-json\/wp\/v2\/types\/page"}],"author":[{"embeddable":true,"href":"https:\/\/gender-planning.lva.tuwien.ac.at\/index.php\/wp-json\/wp\/v2\/users\/4"}],"replies":[{"embeddable":true,"href":"https:\/\/gender-planning.lva.tuwien.ac.at\/index.php\/wp-json\/wp\/v2\/comments?post=806"}],"version-history":[{"count":14,"href":"https:\/\/gender-planning.lva.tuwien.ac.at\/index.php\/wp-json\/wp\/v2\/pages\/806\/revisions"}],"predecessor-version":[{"id":1163,"href":"https:\/\/gender-planning.lva.tuwien.ac.at\/index.php\/wp-json\/wp\/v2\/pages\/806\/revisions\/1163"}],"up":[{"embeddable":true,"href":"https:\/\/gender-planning.lva.tuwien.ac.at\/index.php\/wp-json\/wp\/v2\/pages\/699"}],"wp:attachment":[{"href":"https:\/\/gender-planning.lva.tuwien.ac.at\/index.php\/wp-json\/wp\/v2\/media?parent=806"}],"curies":[{"name":"wp","href":"https:\/\/api.w.org\/{rel}","templated":true}]}}