{"id":799,"date":"2022-05-24T16:17:55","date_gmt":"2022-05-24T14:17:55","guid":{"rendered":"https:\/\/gender-planning.lva.tuwien.ac.at\/?page_id=799"},"modified":"2022-08-03T13:04:28","modified_gmt":"2022-08-03T11:04:28","slug":"care-arbeit-sichtbar-machen","status":"publish","type":"page","link":"https:\/\/gender-planning.lva.tuwien.ac.at\/index.php\/femistische-raumaneignung-politische-interventionen-im-oeffentlichen-raum\/care-arbeit-sichtbar-machen\/","title":{"rendered":"Care-Arbeit sichtbar machen!"},"content":{"rendered":"\n<p id=\"anker1\"><a href=\"#Video\">VIDEO<\/a> |&nbsp;<a href=\"#Fotos\">FOTOS<\/a> |&nbsp;<a href=\"#Texte\">TEXTE <\/a><\/p>\n\n\n\n<p>Ziel dieser performativen Kunstinstallation ist es, die Vielf\u00e4ltigkeit von Care-Arbeit (r\u00e4umlich) sichtbar zu machen und als das wertzusch\u00e4tzen was sie ist &#8211; ARBEIT.&nbsp;Mit der Einnahme und der Aneignung von \u00f6ffentlichem Raum sollen patriarchale Strukturen in unserer Gesellschaft beleuchtet und ein Raum zur Diskussion, Information und auch Provokation geschaffen werden. Denn eines ist klar: Solange Pl\u00e4tze, Parks, Stra\u00dfen und Wege \u00fcberwiegend von und f\u00fcr wei\u00dfe, gutverdienende cis M\u00e4nner geplant werden, reproduziert und festigt der \u00f6ffentliche Raum patriarchale Machtverh\u00e4ltnisse und Normen.<\/p>\n\n\n\n<p>In feministischen Diskursen wird oftmals von der Vergeschlechtlichung von Arbeit gesprochen: Care-Arbeit wird gesellschaftlich weiblich assoziiert und meist dem privaten Raum zugeordnet, w\u00e4hrend Lohnarbeit mehrfach m\u00e4nnlich konnotiert und \u00f6ffentlich sichtbar(er) ist. Die Aktion soll daher darauf aufmerksam machen, dass sich auch in der gebauten Umwelt gesellschaftliche Hierarchien widerspiegeln und Stadtplaner:innen sowie Architekt:innen eine Verantwortung tragen, wenn es um das \u00dcberwinden von gesellschaftlichen Vorstellungen geht, die bestimmte Personengruppen strukturell benachteiligen.<\/p>\n\n\n\n<h5 class=\"wp-block-heading\">Studierende<\/h5>\n\n\n\n<p>Eileen Stephan |&nbsp;Marie Mense |&nbsp;Julia Simhandl<\/p>\n\n\n\n<h5 class=\"wp-block-heading\" id=\"Video\">Video<\/h5>\n\n\n\n<figure class=\"wp-block-embed is-type-rich is-provider-handler-einbetten wp-block-embed-handler-einbetten wp-embed-aspect-16-9 wp-has-aspect-ratio\"><div class=\"wp-block-embed__wrapper\">\n<iframe loading=\"lazy\" title=\"Care-Arbeit sichtbar machen!\" width=\"762\" height=\"429\" src=\"https:\/\/www.youtube.com\/embed\/n-SFcXecN6M?feature=oembed\" frameborder=\"0\" allow=\"accelerometer; autoplay; clipboard-write; encrypted-media; gyroscope; picture-in-picture; web-share\" referrerpolicy=\"strict-origin-when-cross-origin\" allowfullscreen><\/iframe>\n<\/div><\/figure>\n\n\n\n<br class=\"\u201cclear\u201d\">\n\n\n\n<br class=\"\u201cclear\u201d\">\n\n\n\n<p id=\"Fotos\"><strong>Fotos der Intervention  <\/strong><\/p>\n\n\n<div id=\"metaslider-id-990\" style=\"max-width: 2560px;\" class=\"ml-slider-3-109-0 metaslider metaslider-flex metaslider-990 ml-slider has-dots-nav ms-theme-default\" role=\"region\" aria-label=\"Care Arbeit\" data-height=\"1720\" data-width=\"2560\">\n    <div id=\"metaslider_container_990\">\n        <div id=\"metaslider_990\">\n            <ul class='slides'>\n                <li style=\"display: block; width: 100%;\" class=\"slide-991 ms-image \" aria-roledescription=\"slide\" data-date=\"2022-07-13 16:19:46\" data-filename=\"Aufbau-scaled-2533x1702.jpg\" data-slide-type=\"image\"><img loading=\"lazy\" decoding=\"async\" src=\"https:\/\/gender-planning.lva.tuwien.ac.at\/wp-content\/uploads\/2022\/07\/Aufbau-scaled-2533x1702.jpg\" height=\"1720\" width=\"2560\" alt=\"Zwei Personen bauen eine Konstruktion aus Holzlatten.\" class=\"slider-990 slide-991 msDefaultImage\" title=\"Aufbau\" \/><div class=\"caption-wrap\"><div class=\"caption\">Aufbau der Aktion <\/div><\/div><\/li>\n                <li style=\"display: none; width: 100%;\" class=\"slide-999 ms-image \" aria-roledescription=\"slide\" data-date=\"2022-07-13 16:19:46\" data-filename=\"Aufbau2-scaled-2533x1702.jpg\" data-slide-type=\"image\"><img loading=\"lazy\" decoding=\"async\" src=\"https:\/\/gender-planning.lva.tuwien.ac.at\/wp-content\/uploads\/2022\/07\/Aufbau2-scaled-2533x1702.jpg\" height=\"1720\" width=\"2560\" alt=\"Zwei Personen bauen eine Konstruktion aus Holzlatten.\" class=\"slider-990 slide-999 msDefaultImage\" title=\"Aufbau Care Arbeit\" \/><\/li>\n                <li style=\"display: none; width: 100%;\" class=\"slide-995 ms-image \" aria-roledescription=\"slide\" data-date=\"2022-07-13 16:19:46\" data-filename=\"DSC00386-scaled-2533x1702.jpg\" data-slide-type=\"image\"><img loading=\"lazy\" decoding=\"async\" src=\"https:\/\/gender-planning.lva.tuwien.ac.at\/wp-content\/uploads\/2022\/07\/DSC00386-scaled-2533x1702.jpg\" height=\"1720\" width=\"2560\" alt=\"Mehrere lila Kisten und Holzlatten stehen im Innenhof.\" class=\"slider-990 slide-995 msDefaultImage\" title=\"Care Arbeit\" \/><\/li>\n                <li style=\"display: none; width: 100%;\" class=\"slide-998 ms-image \" aria-roledescription=\"slide\" data-date=\"2022-07-13 16:19:46\" data-filename=\"Aufbau3-scaled-2533x1702.jpg\" data-slide-type=\"image\"><img loading=\"lazy\" decoding=\"async\" src=\"https:\/\/gender-planning.lva.tuwien.ac.at\/wp-content\/uploads\/2022\/07\/Aufbau3-scaled-2533x1702.jpg\" height=\"1720\" width=\"2560\" alt=\"Zwei Personen beschriften lila Kisten mit Spr\u00fcchen zum Thema Carearbeit\" class=\"slider-990 slide-998 msDefaultImage\" title=\"Aufbau Care Arbeit\" \/><\/li>\n                <li style=\"display: none; width: 100%;\" class=\"slide-996 ms-image \" aria-roledescription=\"slide\" data-date=\"2022-07-13 16:19:46\" data-filename=\"DSC00380-scaled-2533x1702.jpg\" data-slide-type=\"image\"><img loading=\"lazy\" decoding=\"async\" src=\"https:\/\/gender-planning.lva.tuwien.ac.at\/wp-content\/uploads\/2022\/07\/DSC00380-scaled-2533x1702.jpg\" height=\"1720\" width=\"2560\" alt=\"Mehrere lila Kisten und Holzlatten stehen im Innenhof.\" class=\"slider-990 slide-996 msDefaultImage\" title=\"Care Arbeit\" \/><\/li>\n                <li style=\"display: none; width: 100%;\" class=\"slide-997 ms-image \" aria-roledescription=\"slide\" data-date=\"2022-07-13 16:19:46\" data-filename=\"Aufbau4-scaled-2560x1720.jpg\" data-slide-type=\"image\"><img loading=\"lazy\" decoding=\"async\" src=\"https:\/\/gender-planning.lva.tuwien.ac.at\/wp-content\/uploads\/2022\/07\/Aufbau4-scaled-2560x1720.jpg\" height=\"1720\" width=\"2560\" alt=\"Mehrere Personen Tragen lila Kisten und Holzlatten \u00fcber den Karlsplatz.\" class=\"slider-990 slide-997 msDefaultImage\" title=\"Aufbau Care Arbeit\" \/><\/li>\n                <li style=\"display: none; width: 100%;\" class=\"slide-992 ms-image \" aria-roledescription=\"slide\" data-date=\"2022-07-13 16:19:46\" data-filename=\"IMG_8078-scaled-1920x1290.jpg\" data-slide-type=\"image\"><img loading=\"lazy\" decoding=\"async\" src=\"https:\/\/gender-planning.lva.tuwien.ac.at\/wp-content\/uploads\/2022\/07\/IMG_8078-scaled-1920x1290.jpg\" height=\"1720\" width=\"2560\" alt=\"Kunstinstallation mit mehreren lila Kisten auf denen Spr\u00fcche zum Thema Care-Arbeit geschrieben sind.\" class=\"slider-990 slide-992 msDefaultImage\" title=\"IMG_8078\" \/><\/li>\n                <li style=\"display: none; width: 100%;\" class=\"slide-994 ms-image \" aria-roledescription=\"slide\" data-date=\"2022-07-13 16:19:46\" data-filename=\"DSC00615-scaled-2533x1702.jpg\" data-slide-type=\"image\"><img loading=\"lazy\" decoding=\"async\" src=\"https:\/\/gender-planning.lva.tuwien.ac.at\/wp-content\/uploads\/2022\/07\/DSC00615-scaled-2533x1702.jpg\" height=\"1720\" width=\"2560\" alt=\"Kunstinstallation mit mehreren lila Kisten auf denen Spr\u00fcche zum Thema Care-Arbeit geschrieben sind.\" class=\"slider-990 slide-994 msDefaultImage\" title=\"Care Arbeit\" \/><\/li>\n                <li style=\"display: none; width: 100%;\" class=\"slide-1002 ms-image \" aria-roledescription=\"slide\" data-date=\"2022-07-13 16:28:33\" data-filename=\"DSC00624-scaled-2533x1702.jpg\" data-slide-type=\"image\"><img loading=\"lazy\" decoding=\"async\" src=\"https:\/\/gender-planning.lva.tuwien.ac.at\/wp-content\/uploads\/2022\/07\/DSC00624-scaled-2533x1702.jpg\" height=\"1720\" width=\"2560\" alt=\"Kunstinstallation mit mehreren lila Kisten auf denen Spr\u00fcche zum Thema Care-Arbeit geschrieben sind.\" class=\"slider-990 slide-1002 msDefaultImage\" title=\"Care Arbeit\" \/><\/li>\n            <\/ul>\n        <\/div>\n        \n    <\/div>\n<\/div>\n\n\n\n<p><\/p>\n\n\n\n<p id=\"Texte\"><strong>Alle Texte zum Nachlesen <\/strong><\/p>\n\n\n\n<h5 class=\"wp-block-heading\"><div class=\"_df_book df-lite\" id=\"df_891\"  _slug=\"care-arbeit-sichtbar-machen\" data-title=\"care-arbeit-sichtbar-machen\" wpoptions=\"true\" thumb=\"https:\/\/gender-planning.lva.tuwien.ac.at\/wp-content\/uploads\/2022\/06\/Flyer_CareArbeit-1.pdf\" thumbtype=\"\" ><\/div><script class=\"df-shortcode-script\" nowprocket type=\"application\/javascript\">window.option_df_891 = {\"outline\":[],\"autoEnableOutline\":\"false\",\"autoEnableThumbnail\":\"false\",\"overwritePDFOutline\":\"false\",\"direction\":\"1\",\"pageSize\":\"0\",\"source\":\"https:\\\/\\\/gender-planning.lva.tuwien.ac.at\\\/wp-content\\\/uploads\\\/2022\\\/06\\\/Flyer_CareArbeit.pdf\",\"wpOptions\":\"true\"}; if(window.DFLIP && window.DFLIP.parseBooks){window.DFLIP.parseBooks();}<\/script><\/h5>\n\n\n\n<h2 class=\"wp-block-heading\"><\/h2>\n\n\n\n<h5 class=\"wp-block-heading\"><br><\/h5>\n\n\n\n<p><strong>Quellen und weiterf\u00fchrende Literatur:<\/strong><\/p>\n\n\n\n<p>Bundeszentrale f\u00fcr politische Bildung (bpb) (o.J.): Care-Arbeit. Online abrufbar unter:&nbsp;<a href=\"https:\/\/www.bpb.de\/themen\/familie\/care-arbeit\/\">https:\/\/www.bpb.de\/themen\/familie\/care-arbeit\/<\/a><\/p>\n\n\n\n<p>Heinrich B\u00f6ll Stiftung (o.J.): Care-Arbeit. Online abrufbar unter:&nbsp;<a href=\"https:\/\/www.bpb.de\/themen\/familie\/care-arbeit\/\">https:\/\/www.bpb.de\/themen\/familie\/care-arbeit\/<\/a><\/p>\n\n\n\n<p>Kern, Leslie (2020): Feminist City<\/p>\n\n\n\n<p>Schuster, Nina; H\u00f6hne, Stefan (2017): Stadt der Reproduktion. Einf\u00fchrung in den Themenschwerpunkt. In: suburban. Zeitschrift f\u00fcr kritische Stadtforschung. 5 (3), S. 9-22<\/p>\n\n\n\n<p>Stadt Wien (2015): Unbezahlte Care-Arbeit. Doppelbelastung f\u00fcr Frauen. Online abrufbar unter:&nbsp;<a href=\"https:\/\/www.wien.gv.at\/menschen\/frauen\/stichwort\/arbeit\/unbezahlt.html\">https:\/\/www.wien.gv.at\/menschen\/frauen\/stichwort\/arbeit\/unbezahlt.html<\/a>&nbsp;<\/p>\n\n\n\n<p>Thoneick, Rosa im Interview mit DBZ, online abrufbar unter:\u00a0<a href=\"https:\/\/www.dbz.de\/artikel\/dbz_Eine_gerechte_Mobilitaet_3721169.html\">https:\/\/www.dbz.de\/artikel\/dbz_Eine_gerechte_Mobilitaet_3721169.html<\/a><\/p>\n\n\n\n<p><\/p>\n\n\n\n<p><\/p>\n\n\n\n<h5 class=\"wp-block-heading\"><br>Ort der Intervention<\/h5>\n\n\n\n<br class=\"\u201cclear\u201d\">\n\n\n\n<figure class=\"wp-block-image size-large is-resized\"><img loading=\"lazy\" decoding=\"async\" src=\"https:\/\/gender-planning.lva.tuwien.ac.at\/wp-content\/uploads\/2022\/05\/Care-Arbeit-01-1024x764.png\" alt=\"\" class=\"wp-image-793\" width=\"524\" height=\"390\" srcset=\"https:\/\/gender-planning.lva.tuwien.ac.at\/wp-content\/uploads\/2022\/05\/Care-Arbeit-01-1024x764.png 1024w, https:\/\/gender-planning.lva.tuwien.ac.at\/wp-content\/uploads\/2022\/05\/Care-Arbeit-01-300x224.png 300w, https:\/\/gender-planning.lva.tuwien.ac.at\/wp-content\/uploads\/2022\/05\/Care-Arbeit-01-768x573.png 768w, https:\/\/gender-planning.lva.tuwien.ac.at\/wp-content\/uploads\/2022\/05\/Care-Arbeit-01-1536x1147.png 1536w, https:\/\/gender-planning.lva.tuwien.ac.at\/wp-content\/uploads\/2022\/05\/Care-Arbeit-01-402x300.png 402w, https:\/\/gender-planning.lva.tuwien.ac.at\/wp-content\/uploads\/2022\/05\/Care-Arbeit-01.png 1684w\" sizes=\"auto, (max-width: 524px) 100vw, 524px\" \/><\/figure>\n","protected":false},"excerpt":{"rendered":"<p>VIDEO |&nbsp;FOTOS |&nbsp;TEXTE Ziel dieser performativen Kunstinstallation ist es, die Vielf\u00e4ltigkeit von Care-Arbeit (r\u00e4umlich) sichtbar zu machen und als das wertzusch\u00e4tzen was sie ist &#8211; ARBEIT.&nbsp;Mit der Einnahme und der Aneignung von \u00f6ffentlichem Raum sollen patriarchale Strukturen in unserer Gesellschaft beleuchtet und ein Raum zur Diskussion, Information und auch Provokation &hellip;<\/p>\n","protected":false},"author":4,"featured_media":0,"parent":699,"menu_order":1,"comment_status":"closed","ping_status":"closed","template":"","meta":{"footnotes":""},"class_list":["post-799","page","type-page","status-publish","hentry"],"yoast_head":"<!-- This site is optimized with the Yoast SEO plugin v27.6 - https:\/\/yoast.com\/product\/yoast-seo-wordpress\/ -->\n<title>Care-Arbeit sichtbar machen! - Gender Planning<\/title>\n<meta name=\"robots\" content=\"index, follow, max-snippet:-1, max-image-preview:large, max-video-preview:-1\" \/>\n<link rel=\"canonical\" href=\"https:\/\/gender-planning.lva.tuwien.ac.at\/index.php\/femistische-raumaneignung-politische-interventionen-im-oeffentlichen-raum\/care-arbeit-sichtbar-machen\/\" \/>\n<meta property=\"og:locale\" content=\"de_DE\" \/>\n<meta property=\"og:type\" content=\"article\" \/>\n<meta property=\"og:title\" content=\"Care-Arbeit sichtbar machen! - Gender Planning\" \/>\n<meta property=\"og:description\" content=\"VIDEO |&nbsp;FOTOS |&nbsp;TEXTE Ziel dieser performativen Kunstinstallation ist es, die Vielf\u00e4ltigkeit von Care-Arbeit (r\u00e4umlich) sichtbar zu machen und als das wertzusch\u00e4tzen was sie ist &#8211; ARBEIT.&nbsp;Mit der Einnahme und der Aneignung von \u00f6ffentlichem Raum sollen patriarchale Strukturen in unserer Gesellschaft beleuchtet und ein Raum zur Diskussion, Information und auch Provokation &hellip;\" \/>\n<meta property=\"og:url\" content=\"https:\/\/gender-planning.lva.tuwien.ac.at\/index.php\/femistische-raumaneignung-politische-interventionen-im-oeffentlichen-raum\/care-arbeit-sichtbar-machen\/\" \/>\n<meta property=\"og:site_name\" content=\"Gender Planning\" \/>\n<meta property=\"article:modified_time\" content=\"2022-08-03T11:04:28+00:00\" \/>\n<meta property=\"og:image\" content=\"https:\/\/gender-planning.lva.tuwien.ac.at\/wp-content\/uploads\/2022\/05\/Care-Arbeit-01-1024x764.png\" \/>\n<meta name=\"twitter:card\" content=\"summary_large_image\" \/>\n<meta name=\"twitter:label1\" content=\"Gesch\u00e4tzte Lesezeit\" \/>\n\t<meta name=\"twitter:data1\" content=\"2\u00a0Minuten\" \/>\n<script type=\"application\/ld+json\" class=\"yoast-schema-graph\">{\"@context\":\"https:\\\/\\\/schema.org\",\"@graph\":[{\"@type\":\"WebPage\",\"@id\":\"https:\\\/\\\/gender-planning.lva.tuwien.ac.at\\\/index.php\\\/femistische-raumaneignung-politische-interventionen-im-oeffentlichen-raum\\\/care-arbeit-sichtbar-machen\\\/\",\"url\":\"https:\\\/\\\/gender-planning.lva.tuwien.ac.at\\\/index.php\\\/femistische-raumaneignung-politische-interventionen-im-oeffentlichen-raum\\\/care-arbeit-sichtbar-machen\\\/\",\"name\":\"Care-Arbeit sichtbar machen! - Gender Planning\",\"isPartOf\":{\"@id\":\"https:\\\/\\\/gender-planning.lva.tuwien.ac.at\\\/#website\"},\"primaryImageOfPage\":{\"@id\":\"https:\\\/\\\/gender-planning.lva.tuwien.ac.at\\\/index.php\\\/femistische-raumaneignung-politische-interventionen-im-oeffentlichen-raum\\\/care-arbeit-sichtbar-machen\\\/#primaryimage\"},\"image\":{\"@id\":\"https:\\\/\\\/gender-planning.lva.tuwien.ac.at\\\/index.php\\\/femistische-raumaneignung-politische-interventionen-im-oeffentlichen-raum\\\/care-arbeit-sichtbar-machen\\\/#primaryimage\"},\"thumbnailUrl\":\"https:\\\/\\\/gender-planning.lva.tuwien.ac.at\\\/wp-content\\\/uploads\\\/2022\\\/05\\\/Care-Arbeit-01-1024x764.png\",\"datePublished\":\"2022-05-24T14:17:55+00:00\",\"dateModified\":\"2022-08-03T11:04:28+00:00\",\"breadcrumb\":{\"@id\":\"https:\\\/\\\/gender-planning.lva.tuwien.ac.at\\\/index.php\\\/femistische-raumaneignung-politische-interventionen-im-oeffentlichen-raum\\\/care-arbeit-sichtbar-machen\\\/#breadcrumb\"},\"inLanguage\":\"de\",\"potentialAction\":[{\"@type\":\"ReadAction\",\"target\":[\"https:\\\/\\\/gender-planning.lva.tuwien.ac.at\\\/index.php\\\/femistische-raumaneignung-politische-interventionen-im-oeffentlichen-raum\\\/care-arbeit-sichtbar-machen\\\/\"]}]},{\"@type\":\"ImageObject\",\"inLanguage\":\"de\",\"@id\":\"https:\\\/\\\/gender-planning.lva.tuwien.ac.at\\\/index.php\\\/femistische-raumaneignung-politische-interventionen-im-oeffentlichen-raum\\\/care-arbeit-sichtbar-machen\\\/#primaryimage\",\"url\":\"https:\\\/\\\/gender-planning.lva.tuwien.ac.at\\\/wp-content\\\/uploads\\\/2022\\\/05\\\/Care-Arbeit-01.png\",\"contentUrl\":\"https:\\\/\\\/gender-planning.lva.tuwien.ac.at\\\/wp-content\\\/uploads\\\/2022\\\/05\\\/Care-Arbeit-01.png\",\"width\":1684,\"height\":1257},{\"@type\":\"BreadcrumbList\",\"@id\":\"https:\\\/\\\/gender-planning.lva.tuwien.ac.at\\\/index.php\\\/femistische-raumaneignung-politische-interventionen-im-oeffentlichen-raum\\\/care-arbeit-sichtbar-machen\\\/#breadcrumb\",\"itemListElement\":[{\"@type\":\"ListItem\",\"position\":1,\"name\":\"Startseite\",\"item\":\"https:\\\/\\\/gender-planning.lva.tuwien.ac.at\\\/\"},{\"@type\":\"ListItem\",\"position\":2,\"name\":\"Feministische Raumaneignung \u2013 Politische Interventionen im \u00f6ffentlichen Raum (2022S)\",\"item\":\"https:\\\/\\\/gender-planning.lva.tuwien.ac.at\\\/index.php\\\/femistische-raumaneignung-politische-interventionen-im-oeffentlichen-raum\\\/\"},{\"@type\":\"ListItem\",\"position\":3,\"name\":\"Care-Arbeit sichtbar machen!\"}]},{\"@type\":\"WebSite\",\"@id\":\"https:\\\/\\\/gender-planning.lva.tuwien.ac.at\\\/#website\",\"url\":\"https:\\\/\\\/gender-planning.lva.tuwien.ac.at\\\/\",\"name\":\"Gender Planning\",\"description\":\"Gender Planning\",\"potentialAction\":[{\"@type\":\"SearchAction\",\"target\":{\"@type\":\"EntryPoint\",\"urlTemplate\":\"https:\\\/\\\/gender-planning.lva.tuwien.ac.at\\\/?s={search_term_string}\"},\"query-input\":{\"@type\":\"PropertyValueSpecification\",\"valueRequired\":true,\"valueName\":\"search_term_string\"}}],\"inLanguage\":\"de\"}]}<\/script>\n<!-- \/ Yoast SEO plugin. -->","yoast_head_json":{"title":"Care-Arbeit sichtbar machen! - Gender Planning","robots":{"index":"index","follow":"follow","max-snippet":"max-snippet:-1","max-image-preview":"max-image-preview:large","max-video-preview":"max-video-preview:-1"},"canonical":"https:\/\/gender-planning.lva.tuwien.ac.at\/index.php\/femistische-raumaneignung-politische-interventionen-im-oeffentlichen-raum\/care-arbeit-sichtbar-machen\/","og_locale":"de_DE","og_type":"article","og_title":"Care-Arbeit sichtbar machen! - Gender Planning","og_description":"VIDEO |&nbsp;FOTOS |&nbsp;TEXTE Ziel dieser performativen Kunstinstallation ist es, die Vielf\u00e4ltigkeit von Care-Arbeit (r\u00e4umlich) sichtbar zu machen und als das wertzusch\u00e4tzen was sie ist &#8211; ARBEIT.&nbsp;Mit der Einnahme und der Aneignung von \u00f6ffentlichem Raum sollen patriarchale Strukturen in unserer Gesellschaft beleuchtet und ein Raum zur Diskussion, Information und auch Provokation &hellip;","og_url":"https:\/\/gender-planning.lva.tuwien.ac.at\/index.php\/femistische-raumaneignung-politische-interventionen-im-oeffentlichen-raum\/care-arbeit-sichtbar-machen\/","og_site_name":"Gender Planning","article_modified_time":"2022-08-03T11:04:28+00:00","og_image":[{"url":"https:\/\/gender-planning.lva.tuwien.ac.at\/wp-content\/uploads\/2022\/05\/Care-Arbeit-01-1024x764.png","type":"","width":"","height":""}],"twitter_card":"summary_large_image","twitter_misc":{"Gesch\u00e4tzte Lesezeit":"2\u00a0Minuten"},"schema":{"@context":"https:\/\/schema.org","@graph":[{"@type":"WebPage","@id":"https:\/\/gender-planning.lva.tuwien.ac.at\/index.php\/femistische-raumaneignung-politische-interventionen-im-oeffentlichen-raum\/care-arbeit-sichtbar-machen\/","url":"https:\/\/gender-planning.lva.tuwien.ac.at\/index.php\/femistische-raumaneignung-politische-interventionen-im-oeffentlichen-raum\/care-arbeit-sichtbar-machen\/","name":"Care-Arbeit sichtbar machen! - Gender Planning","isPartOf":{"@id":"https:\/\/gender-planning.lva.tuwien.ac.at\/#website"},"primaryImageOfPage":{"@id":"https:\/\/gender-planning.lva.tuwien.ac.at\/index.php\/femistische-raumaneignung-politische-interventionen-im-oeffentlichen-raum\/care-arbeit-sichtbar-machen\/#primaryimage"},"image":{"@id":"https:\/\/gender-planning.lva.tuwien.ac.at\/index.php\/femistische-raumaneignung-politische-interventionen-im-oeffentlichen-raum\/care-arbeit-sichtbar-machen\/#primaryimage"},"thumbnailUrl":"https:\/\/gender-planning.lva.tuwien.ac.at\/wp-content\/uploads\/2022\/05\/Care-Arbeit-01-1024x764.png","datePublished":"2022-05-24T14:17:55+00:00","dateModified":"2022-08-03T11:04:28+00:00","breadcrumb":{"@id":"https:\/\/gender-planning.lva.tuwien.ac.at\/index.php\/femistische-raumaneignung-politische-interventionen-im-oeffentlichen-raum\/care-arbeit-sichtbar-machen\/#breadcrumb"},"inLanguage":"de","potentialAction":[{"@type":"ReadAction","target":["https:\/\/gender-planning.lva.tuwien.ac.at\/index.php\/femistische-raumaneignung-politische-interventionen-im-oeffentlichen-raum\/care-arbeit-sichtbar-machen\/"]}]},{"@type":"ImageObject","inLanguage":"de","@id":"https:\/\/gender-planning.lva.tuwien.ac.at\/index.php\/femistische-raumaneignung-politische-interventionen-im-oeffentlichen-raum\/care-arbeit-sichtbar-machen\/#primaryimage","url":"https:\/\/gender-planning.lva.tuwien.ac.at\/wp-content\/uploads\/2022\/05\/Care-Arbeit-01.png","contentUrl":"https:\/\/gender-planning.lva.tuwien.ac.at\/wp-content\/uploads\/2022\/05\/Care-Arbeit-01.png","width":1684,"height":1257},{"@type":"BreadcrumbList","@id":"https:\/\/gender-planning.lva.tuwien.ac.at\/index.php\/femistische-raumaneignung-politische-interventionen-im-oeffentlichen-raum\/care-arbeit-sichtbar-machen\/#breadcrumb","itemListElement":[{"@type":"ListItem","position":1,"name":"Startseite","item":"https:\/\/gender-planning.lva.tuwien.ac.at\/"},{"@type":"ListItem","position":2,"name":"Feministische Raumaneignung \u2013 Politische Interventionen im \u00f6ffentlichen Raum (2022S)","item":"https:\/\/gender-planning.lva.tuwien.ac.at\/index.php\/femistische-raumaneignung-politische-interventionen-im-oeffentlichen-raum\/"},{"@type":"ListItem","position":3,"name":"Care-Arbeit sichtbar machen!"}]},{"@type":"WebSite","@id":"https:\/\/gender-planning.lva.tuwien.ac.at\/#website","url":"https:\/\/gender-planning.lva.tuwien.ac.at\/","name":"Gender Planning","description":"Gender Planning","potentialAction":[{"@type":"SearchAction","target":{"@type":"EntryPoint","urlTemplate":"https:\/\/gender-planning.lva.tuwien.ac.at\/?s={search_term_string}"},"query-input":{"@type":"PropertyValueSpecification","valueRequired":true,"valueName":"search_term_string"}}],"inLanguage":"de"}]}},"_links":{"self":[{"href":"https:\/\/gender-planning.lva.tuwien.ac.at\/index.php\/wp-json\/wp\/v2\/pages\/799","targetHints":{"allow":["GET"]}}],"collection":[{"href":"https:\/\/gender-planning.lva.tuwien.ac.at\/index.php\/wp-json\/wp\/v2\/pages"}],"about":[{"href":"https:\/\/gender-planning.lva.tuwien.ac.at\/index.php\/wp-json\/wp\/v2\/types\/page"}],"author":[{"embeddable":true,"href":"https:\/\/gender-planning.lva.tuwien.ac.at\/index.php\/wp-json\/wp\/v2\/users\/4"}],"replies":[{"embeddable":true,"href":"https:\/\/gender-planning.lva.tuwien.ac.at\/index.php\/wp-json\/wp\/v2\/comments?post=799"}],"version-history":[{"count":25,"href":"https:\/\/gender-planning.lva.tuwien.ac.at\/index.php\/wp-json\/wp\/v2\/pages\/799\/revisions"}],"predecessor-version":[{"id":1191,"href":"https:\/\/gender-planning.lva.tuwien.ac.at\/index.php\/wp-json\/wp\/v2\/pages\/799\/revisions\/1191"}],"up":[{"embeddable":true,"href":"https:\/\/gender-planning.lva.tuwien.ac.at\/index.php\/wp-json\/wp\/v2\/pages\/699"}],"wp:attachment":[{"href":"https:\/\/gender-planning.lva.tuwien.ac.at\/index.php\/wp-json\/wp\/v2\/media?parent=799"}],"curies":[{"name":"wp","href":"https:\/\/api.w.org\/{rel}","templated":true}]}}