{"id":77,"date":"2021-08-02T14:00:41","date_gmt":"2021-08-02T12:00:41","guid":{"rendered":"https:\/\/gender-planning.lva.tuwien.ac.at\/?page_id=77"},"modified":"2021-09-10T12:38:55","modified_gmt":"2021-09-10T10:38:55","slug":"gender-planning-in-oberoesterreich","status":"publish","type":"page","link":"https:\/\/gender-planning.lva.tuwien.ac.at\/index.php\/lehrveranstaltungen\/gender-planning-im-laendlichen-raum-2020w\/gender-planning-in-oberoesterreich\/","title":{"rendered":"Gender Planning in Ober\u00f6sterreich"},"content":{"rendered":"\n<figure class=\"wp-block-image size-large\"><a href=\"https:\/\/gender-planning.lva.tuwien.ac.at\/wp-content\/uploads\/2021\/08\/oberoesterreich_genderplanning.pdf\" target=\"_blank\" rel=\"noopener\"><img loading=\"lazy\" decoding=\"async\" width=\"1024\" height=\"768\" src=\"https:\/\/gender-planning.lva.tuwien.ac.at\/wp-content\/uploads\/2021\/08\/Seitenbild_OO\u0308_Zeichenfla\u0308che-1-1024x768.png\" alt=\"Gender Planning in Ober\u00f6sterreich\" class=\"wp-image-115\" srcset=\"https:\/\/gender-planning.lva.tuwien.ac.at\/wp-content\/uploads\/2021\/08\/Seitenbild_OO\u0308_Zeichenfla\u0308che-1-1024x768.png 1024w, https:\/\/gender-planning.lva.tuwien.ac.at\/wp-content\/uploads\/2021\/08\/Seitenbild_OO\u0308_Zeichenfla\u0308che-1-300x225.png 300w, https:\/\/gender-planning.lva.tuwien.ac.at\/wp-content\/uploads\/2021\/08\/Seitenbild_OO\u0308_Zeichenfla\u0308che-1-768x576.png 768w, https:\/\/gender-planning.lva.tuwien.ac.at\/wp-content\/uploads\/2021\/08\/Seitenbild_OO\u0308_Zeichenfla\u0308che-1-1536x1152.png 1536w, https:\/\/gender-planning.lva.tuwien.ac.at\/wp-content\/uploads\/2021\/08\/Seitenbild_OO\u0308_Zeichenfla\u0308che-1-2048x1536.png 2048w, https:\/\/gender-planning.lva.tuwien.ac.at\/wp-content\/uploads\/2021\/08\/Seitenbild_OO\u0308_Zeichenfla\u0308che-1-400x300.png 400w\" sizes=\"auto, (max-width: 1024px) 100vw, 1024px\" \/><\/a><\/figure>\n\n\n\n<hr class=\"wp-block-separator is-style-wide\"\/>\n\n\n\n<p>Mit dem im Jahr 1998 umgesetzten Projekt \u201eFrauengerechtes Wohnen im Remisenhof in Urfahr\u201c wurde auf Bundeslandebene ein Meilenstein gesetzt: Zum ersten mal wurde der Genderaspekt in Ober\u00f6sterreich bewusst ber\u00fccksichtigt. Im Jahr 2002 wurde Gender Mainstreaming schlie\u00dflich erstmals von der Landesregierung zum Leitprinzip bekannt. Zwei Jahre sp\u00e4ter erfolgte die Implementierung von Gender Budgeting. (vgl.&nbsp;<a href=\"https:\/\/www.imag-gmb.at\/gender-mainstreaming\/implementierung-in-oesterreich\/umsetzung-auf-landesebene.html\" target=\"_blank\" rel=\"noreferrer noopener\">Bundeskanzleramt \u00d6sterreich 2019<\/a>)<\/p>\n\n\n\n<p>Das Land Ober\u00f6sterreich setzt seitdem regelm\u00e4\u00dfige Impulse, um Gender in die zuk\u00fcnftige Stadtentwicklung zu integrieren. Es gr\u00fcndeten sich die ersten Organisationen, welche sich den Rechercheegebnissen zufolge gro\u00dfteils auf Bundeslandebene und auf regionale Ebene beziehen. Auch Bildungseinrichtungen, wie die FH Ober\u00f6sterreich oder die Johannes-Kepler-Universit\u00e4t Linz, integrieren Genderaspekte gezielt in den Lehrplan und in die Organisation.&nbsp;<\/p>\n\n\n\n<p>Seit den 2000ern werden immer h\u00e4ufiger Projekte und Strategien in Ober\u00f6sterreich durchgef\u00fchrt, welche Gender Mainstreaming oder Gender Planning bewusst mit einbeziehen. Jedoch wurde im Zuge der Recherche ebenso deutlich, dass die genderbezogenen Projekte nur selten ausreichend Raumbezug haben. Oft fokussieren sie sich auf andere Themenbereiche, wie beispielsweise auf die F\u00f6rderung von Frauen in der Arbeitswelt oder Bildung. Vor allem das Regionalmanagement O\u00d6, welches auch im grenz\u00fcberschreitenden GenderAlp! mitgewirkt hat, befasst sich aktiv mit Gender im l\u00e4ndlichen Raum Ober\u00f6sterreich.&nbsp;<\/p>\n\n\n\n<p>Auch in manchen Entwicklungskonzepten, wie in jenem der Stadt Wels, ist Gender f\u00fcr eine nachhaltige Stadtentwicklung eine wichtige Voraussetzung. Des weiteren ist Ober\u00f6sterreich auch in grenz\u00fcberschreitenden Prozessen wie Interreg (Bayern- \u00d6sterreich; \u00d6sterreich \u2013 Tschechien) involviert.<\/p>\n\n\n\n<hr class=\"wp-block-separator is-style-wide\"\/>\n\n\n\n<div class=\"wp-block-file\"><a href=\"https:\/\/gender-planning.lva.tuwien.ac.at\/wp-content\/uploads\/2021\/08\/oberoesterreich_genderplanning.pdf\" target=\"_blank\" rel=\"noreferrer noopener\"><strong>Hier geht&#8217;s zu den Organisationen, Projekten und Strategien in Ober\u00f6sterreich<\/strong><\/a><a href=\"https:\/\/gender-planning.lva.tuwien.ac.at\/wp-content\/uploads\/2021\/08\/oberoesterreich_genderplanning.pdf\" class=\"wp-block-file__button\" download>Herunterladen<\/a><\/div>\n\n\n\n<p><\/p>\n","protected":false},"excerpt":{"rendered":"<p>Mit dem im Jahr 1998 umgesetzten Projekt \u201eFrauengerechtes Wohnen im Remisenhof in Urfahr\u201c wurde auf Bundeslandebene ein Meilenstein gesetzt: Zum ersten mal wurde der Genderaspekt in Ober\u00f6sterreich bewusst ber\u00fccksichtigt. Im Jahr 2002 wurde Gender Mainstreaming schlie\u00dflich erstmals von der Landesregierung zum Leitprinzip bekannt. Zwei Jahre sp\u00e4ter erfolgte die Implementierung von &hellip;<\/p>\n","protected":false},"author":4,"featured_media":0,"parent":67,"menu_order":4,"comment_status":"closed","ping_status":"closed","template":"","meta":{"footnotes":""},"class_list":["post-77","page","type-page","status-publish","hentry"],"yoast_head":"<!-- This site is optimized with the Yoast SEO plugin v27.4 - https:\/\/yoast.com\/product\/yoast-seo-wordpress\/ -->\n<title>Gender Planning in Ober\u00f6sterreich - Gender Planning<\/title>\n<meta name=\"robots\" content=\"index, follow, max-snippet:-1, max-image-preview:large, max-video-preview:-1\" \/>\n<link rel=\"canonical\" href=\"https:\/\/gender-planning.lva.tuwien.ac.at\/index.php\/lehrveranstaltungen\/gender-planning-im-laendlichen-raum-2020w\/gender-planning-in-oberoesterreich\/\" \/>\n<meta property=\"og:locale\" content=\"de_DE\" \/>\n<meta property=\"og:type\" content=\"article\" \/>\n<meta property=\"og:title\" content=\"Gender Planning in Ober\u00f6sterreich - Gender Planning\" \/>\n<meta property=\"og:description\" content=\"Mit dem im Jahr 1998 umgesetzten Projekt \u201eFrauengerechtes Wohnen im Remisenhof in Urfahr\u201c wurde auf Bundeslandebene ein Meilenstein gesetzt: Zum ersten mal wurde der Genderaspekt in Ober\u00f6sterreich bewusst ber\u00fccksichtigt. Im Jahr 2002 wurde Gender Mainstreaming schlie\u00dflich erstmals von der Landesregierung zum Leitprinzip bekannt. Zwei Jahre sp\u00e4ter erfolgte die Implementierung von &hellip;\" \/>\n<meta property=\"og:url\" content=\"https:\/\/gender-planning.lva.tuwien.ac.at\/index.php\/lehrveranstaltungen\/gender-planning-im-laendlichen-raum-2020w\/gender-planning-in-oberoesterreich\/\" \/>\n<meta property=\"og:site_name\" content=\"Gender Planning\" \/>\n<meta property=\"article:modified_time\" content=\"2021-09-10T10:38:55+00:00\" \/>\n<meta property=\"og:image\" content=\"https:\/\/gender-planning.lva.tuwien.ac.at\/wp-content\/uploads\/2021\/08\/Seitenbild_OO\u0308_Zeichenfla\u0308che-1-1024x768.png\" \/>\n<meta name=\"twitter:card\" content=\"summary_large_image\" \/>\n<meta name=\"twitter:label1\" content=\"Gesch\u00e4tzte Lesezeit\" \/>\n\t<meta name=\"twitter:data1\" content=\"2\u00a0Minuten\" \/>\n<script type=\"application\/ld+json\" class=\"yoast-schema-graph\">{\"@context\":\"https:\\\/\\\/schema.org\",\"@graph\":[{\"@type\":\"WebPage\",\"@id\":\"https:\\\/\\\/gender-planning.lva.tuwien.ac.at\\\/index.php\\\/lehrveranstaltungen\\\/gender-planning-im-laendlichen-raum-2020w\\\/gender-planning-in-oberoesterreich\\\/\",\"url\":\"https:\\\/\\\/gender-planning.lva.tuwien.ac.at\\\/index.php\\\/lehrveranstaltungen\\\/gender-planning-im-laendlichen-raum-2020w\\\/gender-planning-in-oberoesterreich\\\/\",\"name\":\"Gender Planning in Ober\u00f6sterreich - Gender Planning\",\"isPartOf\":{\"@id\":\"https:\\\/\\\/gender-planning.lva.tuwien.ac.at\\\/#website\"},\"datePublished\":\"2021-08-02T12:00:41+00:00\",\"dateModified\":\"2021-09-10T10:38:55+00:00\",\"breadcrumb\":{\"@id\":\"https:\\\/\\\/gender-planning.lva.tuwien.ac.at\\\/index.php\\\/lehrveranstaltungen\\\/gender-planning-im-laendlichen-raum-2020w\\\/gender-planning-in-oberoesterreich\\\/#breadcrumb\"},\"inLanguage\":\"de\",\"potentialAction\":[{\"@type\":\"ReadAction\",\"target\":[\"https:\\\/\\\/gender-planning.lva.tuwien.ac.at\\\/index.php\\\/lehrveranstaltungen\\\/gender-planning-im-laendlichen-raum-2020w\\\/gender-planning-in-oberoesterreich\\\/\"]}]},{\"@type\":\"BreadcrumbList\",\"@id\":\"https:\\\/\\\/gender-planning.lva.tuwien.ac.at\\\/index.php\\\/lehrveranstaltungen\\\/gender-planning-im-laendlichen-raum-2020w\\\/gender-planning-in-oberoesterreich\\\/#breadcrumb\",\"itemListElement\":[{\"@type\":\"ListItem\",\"position\":1,\"name\":\"Startseite\",\"item\":\"https:\\\/\\\/gender-planning.lva.tuwien.ac.at\\\/\"},{\"@type\":\"ListItem\",\"position\":2,\"name\":\"Lehrveranstaltungen\",\"item\":\"https:\\\/\\\/gender-planning.lva.tuwien.ac.at\\\/index.php\\\/lehrveranstaltungen\\\/\"},{\"@type\":\"ListItem\",\"position\":3,\"name\":\"Gender Planning im l\u00e4ndlichen Raum (2020W)\",\"item\":\"https:\\\/\\\/gender-planning.lva.tuwien.ac.at\\\/index.php\\\/lehrveranstaltungen\\\/gender-planning-im-laendlichen-raum-2020w\\\/\"},{\"@type\":\"ListItem\",\"position\":4,\"name\":\"Gender Planning in Ober\u00f6sterreich\"}]},{\"@type\":\"WebSite\",\"@id\":\"https:\\\/\\\/gender-planning.lva.tuwien.ac.at\\\/#website\",\"url\":\"https:\\\/\\\/gender-planning.lva.tuwien.ac.at\\\/\",\"name\":\"Gender Planning\",\"description\":\"Gender Planning\",\"potentialAction\":[{\"@type\":\"SearchAction\",\"target\":{\"@type\":\"EntryPoint\",\"urlTemplate\":\"https:\\\/\\\/gender-planning.lva.tuwien.ac.at\\\/?s={search_term_string}\"},\"query-input\":{\"@type\":\"PropertyValueSpecification\",\"valueRequired\":true,\"valueName\":\"search_term_string\"}}],\"inLanguage\":\"de\"}]}<\/script>\n<!-- \/ Yoast SEO plugin. -->","yoast_head_json":{"title":"Gender Planning in Ober\u00f6sterreich - Gender Planning","robots":{"index":"index","follow":"follow","max-snippet":"max-snippet:-1","max-image-preview":"max-image-preview:large","max-video-preview":"max-video-preview:-1"},"canonical":"https:\/\/gender-planning.lva.tuwien.ac.at\/index.php\/lehrveranstaltungen\/gender-planning-im-laendlichen-raum-2020w\/gender-planning-in-oberoesterreich\/","og_locale":"de_DE","og_type":"article","og_title":"Gender Planning in Ober\u00f6sterreich - Gender Planning","og_description":"Mit dem im Jahr 1998 umgesetzten Projekt \u201eFrauengerechtes Wohnen im Remisenhof in Urfahr\u201c wurde auf Bundeslandebene ein Meilenstein gesetzt: Zum ersten mal wurde der Genderaspekt in Ober\u00f6sterreich bewusst ber\u00fccksichtigt. Im Jahr 2002 wurde Gender Mainstreaming schlie\u00dflich erstmals von der Landesregierung zum Leitprinzip bekannt. Zwei Jahre sp\u00e4ter erfolgte die Implementierung von &hellip;","og_url":"https:\/\/gender-planning.lva.tuwien.ac.at\/index.php\/lehrveranstaltungen\/gender-planning-im-laendlichen-raum-2020w\/gender-planning-in-oberoesterreich\/","og_site_name":"Gender Planning","article_modified_time":"2021-09-10T10:38:55+00:00","og_image":[{"url":"https:\/\/gender-planning.lva.tuwien.ac.at\/wp-content\/uploads\/2021\/08\/Seitenbild_OO\u0308_Zeichenfla\u0308che-1-1024x768.png","type":"","width":"","height":""}],"twitter_card":"summary_large_image","twitter_misc":{"Gesch\u00e4tzte Lesezeit":"2\u00a0Minuten"},"schema":{"@context":"https:\/\/schema.org","@graph":[{"@type":"WebPage","@id":"https:\/\/gender-planning.lva.tuwien.ac.at\/index.php\/lehrveranstaltungen\/gender-planning-im-laendlichen-raum-2020w\/gender-planning-in-oberoesterreich\/","url":"https:\/\/gender-planning.lva.tuwien.ac.at\/index.php\/lehrveranstaltungen\/gender-planning-im-laendlichen-raum-2020w\/gender-planning-in-oberoesterreich\/","name":"Gender Planning in Ober\u00f6sterreich - Gender Planning","isPartOf":{"@id":"https:\/\/gender-planning.lva.tuwien.ac.at\/#website"},"datePublished":"2021-08-02T12:00:41+00:00","dateModified":"2021-09-10T10:38:55+00:00","breadcrumb":{"@id":"https:\/\/gender-planning.lva.tuwien.ac.at\/index.php\/lehrveranstaltungen\/gender-planning-im-laendlichen-raum-2020w\/gender-planning-in-oberoesterreich\/#breadcrumb"},"inLanguage":"de","potentialAction":[{"@type":"ReadAction","target":["https:\/\/gender-planning.lva.tuwien.ac.at\/index.php\/lehrveranstaltungen\/gender-planning-im-laendlichen-raum-2020w\/gender-planning-in-oberoesterreich\/"]}]},{"@type":"BreadcrumbList","@id":"https:\/\/gender-planning.lva.tuwien.ac.at\/index.php\/lehrveranstaltungen\/gender-planning-im-laendlichen-raum-2020w\/gender-planning-in-oberoesterreich\/#breadcrumb","itemListElement":[{"@type":"ListItem","position":1,"name":"Startseite","item":"https:\/\/gender-planning.lva.tuwien.ac.at\/"},{"@type":"ListItem","position":2,"name":"Lehrveranstaltungen","item":"https:\/\/gender-planning.lva.tuwien.ac.at\/index.php\/lehrveranstaltungen\/"},{"@type":"ListItem","position":3,"name":"Gender Planning im l\u00e4ndlichen Raum (2020W)","item":"https:\/\/gender-planning.lva.tuwien.ac.at\/index.php\/lehrveranstaltungen\/gender-planning-im-laendlichen-raum-2020w\/"},{"@type":"ListItem","position":4,"name":"Gender Planning in Ober\u00f6sterreich"}]},{"@type":"WebSite","@id":"https:\/\/gender-planning.lva.tuwien.ac.at\/#website","url":"https:\/\/gender-planning.lva.tuwien.ac.at\/","name":"Gender Planning","description":"Gender Planning","potentialAction":[{"@type":"SearchAction","target":{"@type":"EntryPoint","urlTemplate":"https:\/\/gender-planning.lva.tuwien.ac.at\/?s={search_term_string}"},"query-input":{"@type":"PropertyValueSpecification","valueRequired":true,"valueName":"search_term_string"}}],"inLanguage":"de"}]}},"_links":{"self":[{"href":"https:\/\/gender-planning.lva.tuwien.ac.at\/index.php\/wp-json\/wp\/v2\/pages\/77","targetHints":{"allow":["GET"]}}],"collection":[{"href":"https:\/\/gender-planning.lva.tuwien.ac.at\/index.php\/wp-json\/wp\/v2\/pages"}],"about":[{"href":"https:\/\/gender-planning.lva.tuwien.ac.at\/index.php\/wp-json\/wp\/v2\/types\/page"}],"author":[{"embeddable":true,"href":"https:\/\/gender-planning.lva.tuwien.ac.at\/index.php\/wp-json\/wp\/v2\/users\/4"}],"replies":[{"embeddable":true,"href":"https:\/\/gender-planning.lva.tuwien.ac.at\/index.php\/wp-json\/wp\/v2\/comments?post=77"}],"version-history":[{"count":7,"href":"https:\/\/gender-planning.lva.tuwien.ac.at\/index.php\/wp-json\/wp\/v2\/pages\/77\/revisions"}],"predecessor-version":[{"id":348,"href":"https:\/\/gender-planning.lva.tuwien.ac.at\/index.php\/wp-json\/wp\/v2\/pages\/77\/revisions\/348"}],"up":[{"embeddable":true,"href":"https:\/\/gender-planning.lva.tuwien.ac.at\/index.php\/wp-json\/wp\/v2\/pages\/67"}],"wp:attachment":[{"href":"https:\/\/gender-planning.lva.tuwien.ac.at\/index.php\/wp-json\/wp\/v2\/media?parent=77"}],"curies":[{"name":"wp","href":"https:\/\/api.w.org\/{rel}","templated":true}]}}