{"id":724,"date":"2022-05-24T14:38:15","date_gmt":"2022-05-24T12:38:15","guid":{"rendered":"https:\/\/gender-planning.lva.tuwien.ac.at\/?page_id=724"},"modified":"2022-08-03T13:06:50","modified_gmt":"2022-08-03T11:06:50","slug":"kritische-maennlichkeit","status":"publish","type":"page","link":"https:\/\/gender-planning.lva.tuwien.ac.at\/index.php\/femistische-raumaneignung-politische-interventionen-im-oeffentlichen-raum\/kritische-maennlichkeit\/","title":{"rendered":"Kritische M\u00e4nnlichkeit"},"content":{"rendered":"\n<p><a href=\"#Fotos\">FOTOS<\/a> |&nbsp;<a href=\"#Sound\">SOUNDINSTALLATION<\/a> |&nbsp; <a href=\"#Texte\">TEXTE<\/a><\/p>\n\n\n\n<p class=\"has-normal-font-size\">Mit Fragen und Aussagen soll ein Gedankengang angesto\u00dfen werden, welcher idealtypische M\u00e4nnlichkeitsbilder kritisch hinterfragt. Diese idealtypischen Bilder spiegeln sich in Kriterien wider, um als \u201erichtiger\u201c Mann akzeptiert zu werden, dazu geh\u00f6ren:<\/p>\n\n\n\n<p>&#8211;&nbsp; &nbsp; &nbsp; &nbsp; &nbsp; St\u00e4ndig stark und souver\u00e4n zu sein<\/p>\n\n\n\n<p>&#8211;&nbsp; &nbsp; &nbsp; &nbsp; &nbsp; Dominanz und F\u00fchrungsanspruch zeigen<\/p>\n\n\n\n<p>&#8211;&nbsp; &nbsp; &nbsp; &nbsp; &nbsp; Risikobereitschaft und Mut deutlich machen<\/p>\n\n\n\n<p>Diese Vorstellung beeinflusst das Verhalten von M\u00e4nnern und ist dabei nicht zwingend negativ. Problematisch ist die Verankerung in der Gesellschaft, dass M\u00e4nner sich im Allgemeinen so verhalten <em>m\u00fcssen<\/em>. Schaden tr\u00e4gt, neben den FLINTA*s, dann auch der Mann selbst, welcher unter st\u00e4ndigen Druck \u201egen\u00fcgend\u201c m\u00e4nnlich zu sein, leidet. Dieser Druck wird auch als <strong>\u201etoxische M\u00e4nnlichkeit\u201c<\/strong> beschrieben. \u00c4u\u00dfern kann sich diese so:<\/p>\n\n\n\n<p>&#8211;&nbsp; &nbsp; &nbsp; &nbsp; &nbsp; Man zeigt weder Gef\u00fchle noch Schw\u00e4chen und darf vor allem nicht weinen.<\/p>\n\n\n\n<p>&#8211;&nbsp; &nbsp; &nbsp; &nbsp; &nbsp; Man \u00fcbt Gewalt gegen FLINTA*s und anderen M\u00e4nnern aus.<\/p>\n\n\n\n<p>&#8211;&nbsp; &nbsp; &nbsp; &nbsp; &nbsp; Man gef\u00e4hrdet oder verletzt sich selbst.<\/p>\n\n\n\n<p>Die<strong> Kritische M\u00e4nnlichkeit <\/strong>beleuchtet problematische M\u00e4nnlichkeitsbildern, -anforderungen und -verhaltensweisen, sowie Privilegien von M\u00e4nnern bzw. M\u00e4nnlichkeit. Dabei sollen neue, alternative M\u00e4nnlichkeitsbilder gest\u00fctzt werden, welche toxischen M\u00e4nnlichkeitsanforderungen entgegen wirken und sexistisches Verhalten minimieren. Dabei ist die Kritische M\u00e4nnlichkeit_en<strong> ein individueller Prozesse der Auseinandersetzung <\/strong>(besonders von cis-hetero M\u00e4nnern), der eigenen sexistisches\/toxisches Verhaltensweisen. Mit der gro\u00dfen Herausforderung auch andere M\u00e4nner auf ihre Verhaltensweisen aufmerksam zu machen.&nbsp;<\/p>\n\n\n\n<p><\/p>\n\n\n\n<p><\/p>\n\n\n\n<h5 class=\"wp-block-heading\">Studierende<\/h5>\n\n\n\n<p>Christiana Rath | Tino Sambleben | Maria Stepan | Daniel Wally<\/p>\n\n\n\n<h5 class=\"wp-block-heading\" id=\"Fotos\"><br>Fotos<\/h5>\n\n\n<div id=\"metaslider-id-1117\" style=\"max-width: 2560px;\" class=\"ml-slider-3-107-0 metaslider metaslider-flex metaslider-1117 ml-slider has-dots-nav ms-theme-default\" role=\"region\" aria-label=\"Kritische M\u00e4nnlichkeit\" data-height=\"1720\" data-width=\"2560\">\n    <div id=\"metaslider_container_1117\">\n        <div id=\"metaslider_1117\">\n            <ul class='slides'>\n                <li style=\"display: block; width: 100%;\" class=\"slide-1129 ms-image \" aria-roledescription=\"slide\" data-date=\"2022-07-19 11:05:18\" data-filename=\"DSC00369-scaled-1702x1143.jpg\" data-slide-type=\"image\"><img loading=\"lazy\" decoding=\"async\" src=\"https:\/\/gender-planning.lva.tuwien.ac.at\/wp-content\/uploads\/2022\/07\/DSC00369-scaled-1702x1143.jpg\" height=\"1720\" width=\"2560\" alt=\"\" class=\"slider-1117 slide-1129 msDefaultImage\" title=\"Kritische M\u00e4nnlichkeit\" \/><\/li>\n                <li style=\"display: none; width: 100%;\" class=\"slide-1128 ms-image \" aria-roledescription=\"slide\" data-date=\"2022-07-19 11:05:18\" data-filename=\"DSC00364-scaled-2533x1702.jpg\" data-slide-type=\"image\"><img loading=\"lazy\" decoding=\"async\" src=\"https:\/\/gender-planning.lva.tuwien.ac.at\/wp-content\/uploads\/2022\/07\/DSC00364-scaled-2533x1702.jpg\" height=\"1720\" width=\"2560\" alt=\"Meherere Personne bauen die Videoinstallation zum Thema Kritische M\u00e4nnlichkeit auf.\" class=\"slider-1117 slide-1128 msDefaultImage\" title=\"Kritische M\u00e4nnlichkeit\" \/><\/li>\n                <li style=\"display: none; width: 100%;\" class=\"slide-1131 ms-image \" aria-roledescription=\"slide\" data-date=\"2022-07-19 11:05:18\" data-filename=\"DSC00449-scaled-1702x1143.jpg\" data-slide-type=\"image\"><img loading=\"lazy\" decoding=\"async\" src=\"https:\/\/gender-planning.lva.tuwien.ac.at\/wp-content\/uploads\/2022\/07\/DSC00449-scaled-1702x1143.jpg\" height=\"1720\" width=\"2560\" alt=\"Eine Person sieht sich die Videoinstallation an.\" class=\"slider-1117 slide-1131 msDefaultImage\" title=\"Kritische M\u00e4nnlichkeit\" \/><\/li>\n                <li style=\"display: none; width: 100%;\" class=\"slide-1133 ms-image \" aria-roledescription=\"slide\" data-date=\"2022-07-19 11:05:18\" data-filename=\"IMG_8115-scaled-1920x1290.jpg\" data-slide-type=\"image\"><img loading=\"lazy\" decoding=\"async\" src=\"https:\/\/gender-planning.lva.tuwien.ac.at\/wp-content\/uploads\/2022\/07\/IMG_8115-scaled-1920x1290.jpg\" height=\"1720\" width=\"2560\" alt=\"Mehrere Personen sehen sich die Videoinstallation zum Thema Kritische M\u00e4nnlichkeit an.\" class=\"slider-1117 slide-1133 msDefaultImage\" title=\"Kritische M\u00e4nnlichkeit\" \/><\/li>\n                <li style=\"display: none; width: 100%;\" class=\"slide-1130 ms-image \" aria-roledescription=\"slide\" data-date=\"2022-07-19 11:05:18\" data-filename=\"DSC00440-scaled-2533x1702.jpg\" data-slide-type=\"image\"><img loading=\"lazy\" decoding=\"async\" src=\"https:\/\/gender-planning.lva.tuwien.ac.at\/wp-content\/uploads\/2022\/07\/DSC00440-scaled-2533x1702.jpg\" height=\"1720\" width=\"2560\" alt=\"\" class=\"slider-1117 slide-1130 msDefaultImage\" title=\"Kritische M\u00e4nnlichkeit\" \/><\/li>\n                <li style=\"display: none; width: 100%;\" class=\"slide-1127 ms-image \" aria-roledescription=\"slide\" data-date=\"2022-07-19 11:05:18\" data-filename=\"20220602_133152-scaled-1920x1290.jpg\" data-slide-type=\"image\"><img loading=\"lazy\" decoding=\"async\" src=\"https:\/\/gender-planning.lva.tuwien.ac.at\/wp-content\/uploads\/2022\/07\/20220602_133152-scaled-1920x1290.jpg\" height=\"1720\" width=\"2560\" alt=\"Ein Zettel mit einer Reflexionsfrage zum Thema Kritische M\u00e4nnlichkeit h\u00e4ngt \u00fcber einem Pissoir.\" class=\"slider-1117 slide-1127 msDefaultImage\" title=\"Kritische M\u00e4nnlichkeit\" \/><\/li>\n                <li style=\"display: none; width: 100%;\" class=\"slide-1126 ms-image \" aria-roledescription=\"slide\" data-date=\"2022-07-19 11:05:18\" data-filename=\"20220602_131517-scaled-1920x1290.jpg\" data-slide-type=\"image\"><img loading=\"lazy\" decoding=\"async\" src=\"https:\/\/gender-planning.lva.tuwien.ac.at\/wp-content\/uploads\/2022\/07\/20220602_131517-scaled-1920x1290.jpg\" height=\"1720\" width=\"2560\" alt=\"Ein Zettel mit eine rReflexionsfrage zum Thema Kritische M\u00e4nnlichkeit h\u00e4ngt \u00fcber dem Waschbecken.\" class=\"slider-1117 slide-1126 msDefaultImage\" title=\"20220602_131517\" \/><\/li>\n                <li style=\"display: none; width: 100%;\" class=\"slide-1132 ms-image \" aria-roledescription=\"slide\" data-date=\"2022-07-19 11:05:18\" data-filename=\"IMG_8110-scaled-2560x1720.jpg\" data-slide-type=\"image\"><img loading=\"lazy\" decoding=\"async\" src=\"https:\/\/gender-planning.lva.tuwien.ac.at\/wp-content\/uploads\/2022\/07\/IMG_8110-scaled-2560x1720.jpg\" height=\"1720\" width=\"2560\" alt=\"Videoinstallation zum Thema Kritische M\u00e4nnlichkeit\" class=\"slider-1117 slide-1132 msDefaultImage\" title=\"IMG_8110\" \/><\/li>\n            <\/ul>\n        <\/div>\n        \n    <\/div>\n<\/div>\n\n\n\n<p><\/p>\n\n\n\n<h2 class=\"wp-block-heading\" id=\"Sound\">Soundinstallation <\/h2>\n\n\n\n<figure class=\"wp-block-embed is-type-rich is-provider-handler-einbetten wp-block-embed-handler-einbetten wp-embed-aspect-16-9 wp-has-aspect-ratio\"><div class=\"wp-block-embed__wrapper\">\n<iframe loading=\"lazy\" title=\"S\u00e4tze die viel zu selten gesagt werden\" width=\"762\" height=\"429\" src=\"https:\/\/www.youtube.com\/embed\/zpOb_Np9zsI?feature=oembed\" frameborder=\"0\" allow=\"accelerometer; autoplay; clipboard-write; encrypted-media; gyroscope; picture-in-picture\" allowfullscreen><\/iframe>\n<\/div><\/figure>\n\n\n\n<p><\/p>\n\n\n\n<p><\/p>\n\n\n\n<p><\/p>\n\n\n\n<p><\/p>\n\n\n\n<br class=\"\u201cclear\u201d\">\n\n\n\n<h5 class=\"wp-block-heading\" id=\"Texte\"><br>Alle Texte zum Nachlesen<\/h5>\n\n\n\n<br class=\"\u201cclear\u201d\">\n\n\n<div class=\"_df_book df-lite\" id=\"df_750\"  _slug=\"gruppe-kritische-maennlichkeit\" data-title=\"gruppe-kritische-maennlichkeit\" wpoptions=\"true\" thumbtype=\"\" ><\/div><script class=\"df-shortcode-script\" nowprocket type=\"application\/javascript\">window.option_df_750 = {\"outline\":[],\"autoEnableOutline\":\"false\",\"autoEnableThumbnail\":\"false\",\"overwritePDFOutline\":\"false\",\"direction\":\"1\",\"pageSize\":\"0\",\"source\":\"https:\\\/\\\/gender-planning.lva.tuwien.ac.at\\\/wp-content\\\/uploads\\\/2022\\\/05\\\/KritischeMaennlichkeiten.pdf\",\"wpOptions\":\"true\"}; if(window.DFLIP && window.DFLIP.parseBooks){window.DFLIP.parseBooks();}<\/script>\n\n\n\n<p><\/p>\n\n\n\n<p><strong>Weiterf\u00fchrende Quellen:<\/strong><\/p>\n\n\n\n<p>&#8211;<a href=\"https:\/\/kritische-maennlichkeit.de\/was-ist-kritische-maennlichkeit\/\">https:\/\/kritische-maennlichkeit.de\/was-ist-kritische-maennlichkeit\/<\/a><\/p>\n\n\n\n<p>&#8211;<a href=\"https:\/\/kritischer-adventskalender.de\/\">https:\/\/kritischer-adventskalender.de\/<\/a><\/p>\n\n\n\n<h5 class=\"wp-block-heading\"><br>Ort der Intervention<\/h5>\n\n\n\n<br class=\"\u201cclear\u201d\">\n\n\n\n<figure class=\"wp-block-image size-large is-resized\"><img loading=\"lazy\" decoding=\"async\" src=\"https:\/\/gender-planning.lva.tuwien.ac.at\/wp-content\/uploads\/2022\/05\/Kritische-Maennlichkeit-01-1024x764.png\" alt=\"\" class=\"wp-image-797\" width=\"524\" height=\"391\" srcset=\"https:\/\/gender-planning.lva.tuwien.ac.at\/wp-content\/uploads\/2022\/05\/Kritische-Maennlichkeit-01-1024x764.png 1024w, https:\/\/gender-planning.lva.tuwien.ac.at\/wp-content\/uploads\/2022\/05\/Kritische-Maennlichkeit-01-300x224.png 300w, https:\/\/gender-planning.lva.tuwien.ac.at\/wp-content\/uploads\/2022\/05\/Kritische-Maennlichkeit-01-768x573.png 768w, https:\/\/gender-planning.lva.tuwien.ac.at\/wp-content\/uploads\/2022\/05\/Kritische-Maennlichkeit-01-1536x1147.png 1536w, https:\/\/gender-planning.lva.tuwien.ac.at\/wp-content\/uploads\/2022\/05\/Kritische-Maennlichkeit-01-402x300.png 402w, https:\/\/gender-planning.lva.tuwien.ac.at\/wp-content\/uploads\/2022\/05\/Kritische-Maennlichkeit-01.png 1684w\" sizes=\"auto, (max-width: 524px) 100vw, 524px\" \/><\/figure>\n","protected":false},"excerpt":{"rendered":"<p>FOTOS |&nbsp;SOUNDINSTALLATION |&nbsp; TEXTE Mit Fragen und Aussagen soll ein Gedankengang angesto\u00dfen werden, welcher idealtypische M\u00e4nnlichkeitsbilder kritisch hinterfragt. Diese idealtypischen Bilder spiegeln sich in Kriterien wider, um als \u201erichtiger\u201c Mann akzeptiert zu werden, dazu geh\u00f6ren: &#8211;&nbsp; &nbsp; &nbsp; &nbsp; &nbsp; St\u00e4ndig stark und souver\u00e4n zu sein &#8211;&nbsp; &nbsp; &nbsp; &nbsp; &hellip;<\/p>\n","protected":false},"author":4,"featured_media":0,"parent":699,"menu_order":1,"comment_status":"closed","ping_status":"closed","template":"","meta":{"footnotes":""},"class_list":["post-724","page","type-page","status-publish","hentry"],"yoast_head":"<!-- This site is optimized with the Yoast SEO plugin v27.3 - https:\/\/yoast.com\/product\/yoast-seo-wordpress\/ -->\n<title>Kritische M\u00e4nnlichkeit - Gender Planning<\/title>\n<meta name=\"robots\" content=\"index, follow, max-snippet:-1, max-image-preview:large, max-video-preview:-1\" \/>\n<link rel=\"canonical\" href=\"https:\/\/gender-planning.lva.tuwien.ac.at\/index.php\/femistische-raumaneignung-politische-interventionen-im-oeffentlichen-raum\/kritische-maennlichkeit\/\" \/>\n<meta property=\"og:locale\" content=\"de_DE\" \/>\n<meta property=\"og:type\" content=\"article\" \/>\n<meta property=\"og:title\" content=\"Kritische M\u00e4nnlichkeit - Gender Planning\" \/>\n<meta property=\"og:description\" content=\"FOTOS |&nbsp;SOUNDINSTALLATION |&nbsp; TEXTE Mit Fragen und Aussagen soll ein Gedankengang angesto\u00dfen werden, welcher idealtypische M\u00e4nnlichkeitsbilder kritisch hinterfragt. Diese idealtypischen Bilder spiegeln sich in Kriterien wider, um als \u201erichtiger\u201c Mann akzeptiert zu werden, dazu geh\u00f6ren: &#8211;&nbsp; &nbsp; &nbsp; &nbsp; &nbsp; St\u00e4ndig stark und souver\u00e4n zu sein &#8211;&nbsp; &nbsp; &nbsp; &nbsp; &hellip;\" \/>\n<meta property=\"og:url\" content=\"https:\/\/gender-planning.lva.tuwien.ac.at\/index.php\/femistische-raumaneignung-politische-interventionen-im-oeffentlichen-raum\/kritische-maennlichkeit\/\" \/>\n<meta property=\"og:site_name\" content=\"Gender Planning\" \/>\n<meta property=\"article:modified_time\" content=\"2022-08-03T11:06:50+00:00\" \/>\n<meta property=\"og:image\" content=\"https:\/\/gender-planning.lva.tuwien.ac.at\/wp-content\/uploads\/2022\/05\/Kritische-Maennlichkeit-01-1024x764.png\" \/>\n<meta name=\"twitter:card\" content=\"summary_large_image\" \/>\n<meta name=\"twitter:label1\" content=\"Gesch\u00e4tzte Lesezeit\" \/>\n\t<meta name=\"twitter:data1\" content=\"2\u00a0Minuten\" \/>\n<script type=\"application\/ld+json\" class=\"yoast-schema-graph\">{\"@context\":\"https:\\\/\\\/schema.org\",\"@graph\":[{\"@type\":\"WebPage\",\"@id\":\"https:\\\/\\\/gender-planning.lva.tuwien.ac.at\\\/index.php\\\/femistische-raumaneignung-politische-interventionen-im-oeffentlichen-raum\\\/kritische-maennlichkeit\\\/\",\"url\":\"https:\\\/\\\/gender-planning.lva.tuwien.ac.at\\\/index.php\\\/femistische-raumaneignung-politische-interventionen-im-oeffentlichen-raum\\\/kritische-maennlichkeit\\\/\",\"name\":\"Kritische M\u00e4nnlichkeit - Gender Planning\",\"isPartOf\":{\"@id\":\"https:\\\/\\\/gender-planning.lva.tuwien.ac.at\\\/#website\"},\"primaryImageOfPage\":{\"@id\":\"https:\\\/\\\/gender-planning.lva.tuwien.ac.at\\\/index.php\\\/femistische-raumaneignung-politische-interventionen-im-oeffentlichen-raum\\\/kritische-maennlichkeit\\\/#primaryimage\"},\"image\":{\"@id\":\"https:\\\/\\\/gender-planning.lva.tuwien.ac.at\\\/index.php\\\/femistische-raumaneignung-politische-interventionen-im-oeffentlichen-raum\\\/kritische-maennlichkeit\\\/#primaryimage\"},\"thumbnailUrl\":\"https:\\\/\\\/gender-planning.lva.tuwien.ac.at\\\/wp-content\\\/uploads\\\/2022\\\/05\\\/Kritische-Maennlichkeit-01-1024x764.png\",\"datePublished\":\"2022-05-24T12:38:15+00:00\",\"dateModified\":\"2022-08-03T11:06:50+00:00\",\"breadcrumb\":{\"@id\":\"https:\\\/\\\/gender-planning.lva.tuwien.ac.at\\\/index.php\\\/femistische-raumaneignung-politische-interventionen-im-oeffentlichen-raum\\\/kritische-maennlichkeit\\\/#breadcrumb\"},\"inLanguage\":\"de\",\"potentialAction\":[{\"@type\":\"ReadAction\",\"target\":[\"https:\\\/\\\/gender-planning.lva.tuwien.ac.at\\\/index.php\\\/femistische-raumaneignung-politische-interventionen-im-oeffentlichen-raum\\\/kritische-maennlichkeit\\\/\"]}]},{\"@type\":\"ImageObject\",\"inLanguage\":\"de\",\"@id\":\"https:\\\/\\\/gender-planning.lva.tuwien.ac.at\\\/index.php\\\/femistische-raumaneignung-politische-interventionen-im-oeffentlichen-raum\\\/kritische-maennlichkeit\\\/#primaryimage\",\"url\":\"https:\\\/\\\/gender-planning.lva.tuwien.ac.at\\\/wp-content\\\/uploads\\\/2022\\\/05\\\/Kritische-Maennlichkeit-01.png\",\"contentUrl\":\"https:\\\/\\\/gender-planning.lva.tuwien.ac.at\\\/wp-content\\\/uploads\\\/2022\\\/05\\\/Kritische-Maennlichkeit-01.png\",\"width\":1684,\"height\":1257},{\"@type\":\"BreadcrumbList\",\"@id\":\"https:\\\/\\\/gender-planning.lva.tuwien.ac.at\\\/index.php\\\/femistische-raumaneignung-politische-interventionen-im-oeffentlichen-raum\\\/kritische-maennlichkeit\\\/#breadcrumb\",\"itemListElement\":[{\"@type\":\"ListItem\",\"position\":1,\"name\":\"Startseite\",\"item\":\"https:\\\/\\\/gender-planning.lva.tuwien.ac.at\\\/\"},{\"@type\":\"ListItem\",\"position\":2,\"name\":\"Feministische Raumaneignung \u2013 Politische Interventionen im \u00f6ffentlichen Raum (2022S)\",\"item\":\"https:\\\/\\\/gender-planning.lva.tuwien.ac.at\\\/index.php\\\/femistische-raumaneignung-politische-interventionen-im-oeffentlichen-raum\\\/\"},{\"@type\":\"ListItem\",\"position\":3,\"name\":\"Kritische M\u00e4nnlichkeit\"}]},{\"@type\":\"WebSite\",\"@id\":\"https:\\\/\\\/gender-planning.lva.tuwien.ac.at\\\/#website\",\"url\":\"https:\\\/\\\/gender-planning.lva.tuwien.ac.at\\\/\",\"name\":\"Gender Planning\",\"description\":\"Gender Planning\",\"potentialAction\":[{\"@type\":\"SearchAction\",\"target\":{\"@type\":\"EntryPoint\",\"urlTemplate\":\"https:\\\/\\\/gender-planning.lva.tuwien.ac.at\\\/?s={search_term_string}\"},\"query-input\":{\"@type\":\"PropertyValueSpecification\",\"valueRequired\":true,\"valueName\":\"search_term_string\"}}],\"inLanguage\":\"de\"}]}<\/script>\n<!-- \/ Yoast SEO plugin. -->","yoast_head_json":{"title":"Kritische M\u00e4nnlichkeit - Gender Planning","robots":{"index":"index","follow":"follow","max-snippet":"max-snippet:-1","max-image-preview":"max-image-preview:large","max-video-preview":"max-video-preview:-1"},"canonical":"https:\/\/gender-planning.lva.tuwien.ac.at\/index.php\/femistische-raumaneignung-politische-interventionen-im-oeffentlichen-raum\/kritische-maennlichkeit\/","og_locale":"de_DE","og_type":"article","og_title":"Kritische M\u00e4nnlichkeit - Gender Planning","og_description":"FOTOS |&nbsp;SOUNDINSTALLATION |&nbsp; TEXTE Mit Fragen und Aussagen soll ein Gedankengang angesto\u00dfen werden, welcher idealtypische M\u00e4nnlichkeitsbilder kritisch hinterfragt. Diese idealtypischen Bilder spiegeln sich in Kriterien wider, um als \u201erichtiger\u201c Mann akzeptiert zu werden, dazu geh\u00f6ren: &#8211;&nbsp; &nbsp; &nbsp; &nbsp; &nbsp; St\u00e4ndig stark und souver\u00e4n zu sein &#8211;&nbsp; &nbsp; &nbsp; &nbsp; &hellip;","og_url":"https:\/\/gender-planning.lva.tuwien.ac.at\/index.php\/femistische-raumaneignung-politische-interventionen-im-oeffentlichen-raum\/kritische-maennlichkeit\/","og_site_name":"Gender Planning","article_modified_time":"2022-08-03T11:06:50+00:00","og_image":[{"url":"https:\/\/gender-planning.lva.tuwien.ac.at\/wp-content\/uploads\/2022\/05\/Kritische-Maennlichkeit-01-1024x764.png","type":"","width":"","height":""}],"twitter_card":"summary_large_image","twitter_misc":{"Gesch\u00e4tzte Lesezeit":"2\u00a0Minuten"},"schema":{"@context":"https:\/\/schema.org","@graph":[{"@type":"WebPage","@id":"https:\/\/gender-planning.lva.tuwien.ac.at\/index.php\/femistische-raumaneignung-politische-interventionen-im-oeffentlichen-raum\/kritische-maennlichkeit\/","url":"https:\/\/gender-planning.lva.tuwien.ac.at\/index.php\/femistische-raumaneignung-politische-interventionen-im-oeffentlichen-raum\/kritische-maennlichkeit\/","name":"Kritische M\u00e4nnlichkeit - Gender Planning","isPartOf":{"@id":"https:\/\/gender-planning.lva.tuwien.ac.at\/#website"},"primaryImageOfPage":{"@id":"https:\/\/gender-planning.lva.tuwien.ac.at\/index.php\/femistische-raumaneignung-politische-interventionen-im-oeffentlichen-raum\/kritische-maennlichkeit\/#primaryimage"},"image":{"@id":"https:\/\/gender-planning.lva.tuwien.ac.at\/index.php\/femistische-raumaneignung-politische-interventionen-im-oeffentlichen-raum\/kritische-maennlichkeit\/#primaryimage"},"thumbnailUrl":"https:\/\/gender-planning.lva.tuwien.ac.at\/wp-content\/uploads\/2022\/05\/Kritische-Maennlichkeit-01-1024x764.png","datePublished":"2022-05-24T12:38:15+00:00","dateModified":"2022-08-03T11:06:50+00:00","breadcrumb":{"@id":"https:\/\/gender-planning.lva.tuwien.ac.at\/index.php\/femistische-raumaneignung-politische-interventionen-im-oeffentlichen-raum\/kritische-maennlichkeit\/#breadcrumb"},"inLanguage":"de","potentialAction":[{"@type":"ReadAction","target":["https:\/\/gender-planning.lva.tuwien.ac.at\/index.php\/femistische-raumaneignung-politische-interventionen-im-oeffentlichen-raum\/kritische-maennlichkeit\/"]}]},{"@type":"ImageObject","inLanguage":"de","@id":"https:\/\/gender-planning.lva.tuwien.ac.at\/index.php\/femistische-raumaneignung-politische-interventionen-im-oeffentlichen-raum\/kritische-maennlichkeit\/#primaryimage","url":"https:\/\/gender-planning.lva.tuwien.ac.at\/wp-content\/uploads\/2022\/05\/Kritische-Maennlichkeit-01.png","contentUrl":"https:\/\/gender-planning.lva.tuwien.ac.at\/wp-content\/uploads\/2022\/05\/Kritische-Maennlichkeit-01.png","width":1684,"height":1257},{"@type":"BreadcrumbList","@id":"https:\/\/gender-planning.lva.tuwien.ac.at\/index.php\/femistische-raumaneignung-politische-interventionen-im-oeffentlichen-raum\/kritische-maennlichkeit\/#breadcrumb","itemListElement":[{"@type":"ListItem","position":1,"name":"Startseite","item":"https:\/\/gender-planning.lva.tuwien.ac.at\/"},{"@type":"ListItem","position":2,"name":"Feministische Raumaneignung \u2013 Politische Interventionen im \u00f6ffentlichen Raum (2022S)","item":"https:\/\/gender-planning.lva.tuwien.ac.at\/index.php\/femistische-raumaneignung-politische-interventionen-im-oeffentlichen-raum\/"},{"@type":"ListItem","position":3,"name":"Kritische M\u00e4nnlichkeit"}]},{"@type":"WebSite","@id":"https:\/\/gender-planning.lva.tuwien.ac.at\/#website","url":"https:\/\/gender-planning.lva.tuwien.ac.at\/","name":"Gender Planning","description":"Gender Planning","potentialAction":[{"@type":"SearchAction","target":{"@type":"EntryPoint","urlTemplate":"https:\/\/gender-planning.lva.tuwien.ac.at\/?s={search_term_string}"},"query-input":{"@type":"PropertyValueSpecification","valueRequired":true,"valueName":"search_term_string"}}],"inLanguage":"de"}]}},"_links":{"self":[{"href":"https:\/\/gender-planning.lva.tuwien.ac.at\/index.php\/wp-json\/wp\/v2\/pages\/724","targetHints":{"allow":["GET"]}}],"collection":[{"href":"https:\/\/gender-planning.lva.tuwien.ac.at\/index.php\/wp-json\/wp\/v2\/pages"}],"about":[{"href":"https:\/\/gender-planning.lva.tuwien.ac.at\/index.php\/wp-json\/wp\/v2\/types\/page"}],"author":[{"embeddable":true,"href":"https:\/\/gender-planning.lva.tuwien.ac.at\/index.php\/wp-json\/wp\/v2\/users\/4"}],"replies":[{"embeddable":true,"href":"https:\/\/gender-planning.lva.tuwien.ac.at\/index.php\/wp-json\/wp\/v2\/comments?post=724"}],"version-history":[{"count":48,"href":"https:\/\/gender-planning.lva.tuwien.ac.at\/index.php\/wp-json\/wp\/v2\/pages\/724\/revisions"}],"predecessor-version":[{"id":1168,"href":"https:\/\/gender-planning.lva.tuwien.ac.at\/index.php\/wp-json\/wp\/v2\/pages\/724\/revisions\/1168"}],"up":[{"embeddable":true,"href":"https:\/\/gender-planning.lva.tuwien.ac.at\/index.php\/wp-json\/wp\/v2\/pages\/699"}],"wp:attachment":[{"href":"https:\/\/gender-planning.lva.tuwien.ac.at\/index.php\/wp-json\/wp\/v2\/media?parent=724"}],"curies":[{"name":"wp","href":"https:\/\/api.w.org\/{rel}","templated":true}]}}