{"id":71,"date":"2021-08-02T13:59:20","date_gmt":"2021-08-02T11:59:20","guid":{"rendered":"https:\/\/gender-planning.lva.tuwien.ac.at\/?page_id=71"},"modified":"2021-09-10T12:37:46","modified_gmt":"2021-09-10T10:37:46","slug":"gender-planning-in-niederoesterreich","status":"publish","type":"page","link":"https:\/\/gender-planning.lva.tuwien.ac.at\/index.php\/lehrveranstaltungen\/gender-planning-im-laendlichen-raum-2020w\/gender-planning-in-niederoesterreich\/","title":{"rendered":"Gender Planning in Nieder\u00f6sterreich"},"content":{"rendered":"\n<figure class=\"wp-block-image size-large\"><a href=\"https:\/\/gender-planning.lva.tuwien.ac.at\/wp-content\/uploads\/2021\/08\/niederoesterreich_genderplanning.pdf\" target=\"_blank\" rel=\"noopener\"><img loading=\"lazy\" decoding=\"async\" width=\"1024\" height=\"768\" src=\"https:\/\/gender-planning.lva.tuwien.ac.at\/wp-content\/uploads\/2021\/08\/Seitenbild_NO\u0308_Zeichenfla\u0308che-1-1024x768.png\" alt=\"Gender Planning in Nieder\u00f6sterreich\" class=\"wp-image-114\" srcset=\"https:\/\/gender-planning.lva.tuwien.ac.at\/wp-content\/uploads\/2021\/08\/Seitenbild_NO\u0308_Zeichenfla\u0308che-1-1024x768.png 1024w, https:\/\/gender-planning.lva.tuwien.ac.at\/wp-content\/uploads\/2021\/08\/Seitenbild_NO\u0308_Zeichenfla\u0308che-1-300x225.png 300w, https:\/\/gender-planning.lva.tuwien.ac.at\/wp-content\/uploads\/2021\/08\/Seitenbild_NO\u0308_Zeichenfla\u0308che-1-768x576.png 768w, https:\/\/gender-planning.lva.tuwien.ac.at\/wp-content\/uploads\/2021\/08\/Seitenbild_NO\u0308_Zeichenfla\u0308che-1-1536x1152.png 1536w, https:\/\/gender-planning.lva.tuwien.ac.at\/wp-content\/uploads\/2021\/08\/Seitenbild_NO\u0308_Zeichenfla\u0308che-1-2048x1536.png 2048w, https:\/\/gender-planning.lva.tuwien.ac.at\/wp-content\/uploads\/2021\/08\/Seitenbild_NO\u0308_Zeichenfla\u0308che-1-400x300.png 400w\" sizes=\"auto, (max-width: 1024px) 100vw, 1024px\" \/><\/a><\/figure>\n\n\n\n<hr class=\"wp-block-separator is-style-wide\"\/>\n\n\n\n<p>2002 hat sich Nieder\u00f6sterreich mit Beschl\u00fcssen des Landtags 2002 und der Landesregierung 2004 zur Verankerung von Gender Mainstreaming in allen Bereichen der Landespolitik bekannt. Um die Strategie umzusetzen wurde ein Arbeitskreis eingerichtet, der dienststellen\u00fcbergreifend arbeitet. (vgl.&nbsp;<a href=\"https:\/\/www.imag-gmb.at\/gender-mainstreaming\/implementierung-in-oesterreich\/umsetzung-auf-landesebene.html\" target=\"_blank\" rel=\"noreferrer noopener\">Bundeskanzleramt \u00d6sterreich 2019<\/a>)<\/p>\n\n\n\n<p>Bei der Recherche wurden eher weniger Projekte zu dem Thema Gender Planning aufgefunden, daf\u00fcr wiesen die vorhandenen Projekte hohen Gender- und Raumbezug auf. Ein Beispiel f\u00fcr eine interessante Implementierung von Genderthemen im l\u00e4ndlichen Raum war die Workshopreihe \u201cGender Planning Impact in Planungsprozessen in der Stadtgemeinde Schwechat\u201c. Das Ziel des Projektes war, die Kategorie Gender bei k\u00fcnftigen \u00dcberlegungen, Planungen und Entscheidungen automatisch zu ber\u00fccksichtigen, um Auswirkungen planerischer Ma\u00dfnahmen in Bezug auf alle Geschlechter einbeziehen zu k\u00f6nnen.&nbsp;<\/p>\n\n\n\n<p>Auf strategischer Ebene existieren einige Konzepte, die fast ausschlie\u00dflich vom Land Nieder\u00f6sterreich erstellt wurden. Eines davon ist die Strategie \u201cGender Mainstreaming und Mobilit\u00e4t in Nieder\u00f6sterreich\u201d, die das Mobilit\u00e4tsverhalten von M\u00e4nner und Frauen analysiert. Betreffend Institutionen und Organisationen in Nieder\u00f6sterreich wurden einige gefunden, die starken Fokus auf das Thema Besch\u00e4ftigung und Integration von Frauen in den Arbeitsalltag lenken.<\/p>\n\n\n\n<hr class=\"wp-block-separator is-style-wide\"\/>\n\n\n\n<div class=\"wp-block-file\"><a href=\"https:\/\/gender-planning.lva.tuwien.ac.at\/wp-content\/uploads\/2021\/08\/niederoesterreich_genderplanning.pdf\" target=\"_blank\" rel=\"noreferrer noopener\"><strong>Hier geht&#8217;s zu den Organisationen, Projekten und Strategien in Nieder\u00f6sterreich<\/strong><\/a><a href=\"https:\/\/gender-planning.lva.tuwien.ac.at\/wp-content\/uploads\/2021\/08\/niederoesterreich_genderplanning.pdf\" class=\"wp-block-file__button\" download>Herunterladen<\/a><\/div>\n","protected":false},"excerpt":{"rendered":"<p>2002 hat sich Nieder\u00f6sterreich mit Beschl\u00fcssen des Landtags 2002 und der Landesregierung 2004 zur Verankerung von Gender Mainstreaming in allen Bereichen der Landespolitik bekannt. Um die Strategie umzusetzen wurde ein Arbeitskreis eingerichtet, der dienststellen\u00fcbergreifend arbeitet. (vgl.&nbsp;Bundeskanzleramt \u00d6sterreich 2019) Bei der Recherche wurden eher weniger Projekte zu dem Thema Gender Planning &hellip;<\/p>\n","protected":false},"author":4,"featured_media":0,"parent":67,"menu_order":1,"comment_status":"closed","ping_status":"closed","template":"","meta":{"footnotes":""},"class_list":["post-71","page","type-page","status-publish","hentry"],"yoast_head":"<!-- This site is optimized with the Yoast SEO plugin v27.5 - https:\/\/yoast.com\/product\/yoast-seo-wordpress\/ -->\n<title>Gender Planning in Nieder\u00f6sterreich - Gender Planning<\/title>\n<meta name=\"robots\" content=\"index, follow, max-snippet:-1, max-image-preview:large, max-video-preview:-1\" \/>\n<link rel=\"canonical\" href=\"https:\/\/gender-planning.lva.tuwien.ac.at\/index.php\/lehrveranstaltungen\/gender-planning-im-laendlichen-raum-2020w\/gender-planning-in-niederoesterreich\/\" \/>\n<meta property=\"og:locale\" content=\"de_DE\" \/>\n<meta property=\"og:type\" content=\"article\" \/>\n<meta property=\"og:title\" content=\"Gender Planning in Nieder\u00f6sterreich - Gender Planning\" \/>\n<meta property=\"og:description\" content=\"2002 hat sich Nieder\u00f6sterreich mit Beschl\u00fcssen des Landtags 2002 und der Landesregierung 2004 zur Verankerung von Gender Mainstreaming in allen Bereichen der Landespolitik bekannt. Um die Strategie umzusetzen wurde ein Arbeitskreis eingerichtet, der dienststellen\u00fcbergreifend arbeitet. (vgl.&nbsp;Bundeskanzleramt \u00d6sterreich 2019) Bei der Recherche wurden eher weniger Projekte zu dem Thema Gender Planning &hellip;\" \/>\n<meta property=\"og:url\" content=\"https:\/\/gender-planning.lva.tuwien.ac.at\/index.php\/lehrveranstaltungen\/gender-planning-im-laendlichen-raum-2020w\/gender-planning-in-niederoesterreich\/\" \/>\n<meta property=\"og:site_name\" content=\"Gender Planning\" \/>\n<meta property=\"article:modified_time\" content=\"2021-09-10T10:37:46+00:00\" \/>\n<meta property=\"og:image\" content=\"https:\/\/gender-planning.lva.tuwien.ac.at\/wp-content\/uploads\/2021\/08\/Seitenbild_NO\u0308_Zeichenfla\u0308che-1-1024x768.png\" \/>\n<meta name=\"twitter:card\" content=\"summary_large_image\" \/>\n<meta name=\"twitter:label1\" content=\"Gesch\u00e4tzte Lesezeit\" \/>\n\t<meta name=\"twitter:data1\" content=\"1\u00a0Minute\" \/>\n<script type=\"application\/ld+json\" class=\"yoast-schema-graph\">{\"@context\":\"https:\\\/\\\/schema.org\",\"@graph\":[{\"@type\":\"WebPage\",\"@id\":\"https:\\\/\\\/gender-planning.lva.tuwien.ac.at\\\/index.php\\\/lehrveranstaltungen\\\/gender-planning-im-laendlichen-raum-2020w\\\/gender-planning-in-niederoesterreich\\\/\",\"url\":\"https:\\\/\\\/gender-planning.lva.tuwien.ac.at\\\/index.php\\\/lehrveranstaltungen\\\/gender-planning-im-laendlichen-raum-2020w\\\/gender-planning-in-niederoesterreich\\\/\",\"name\":\"Gender Planning in Nieder\u00f6sterreich - Gender Planning\",\"isPartOf\":{\"@id\":\"https:\\\/\\\/gender-planning.lva.tuwien.ac.at\\\/#website\"},\"datePublished\":\"2021-08-02T11:59:20+00:00\",\"dateModified\":\"2021-09-10T10:37:46+00:00\",\"breadcrumb\":{\"@id\":\"https:\\\/\\\/gender-planning.lva.tuwien.ac.at\\\/index.php\\\/lehrveranstaltungen\\\/gender-planning-im-laendlichen-raum-2020w\\\/gender-planning-in-niederoesterreich\\\/#breadcrumb\"},\"inLanguage\":\"de\",\"potentialAction\":[{\"@type\":\"ReadAction\",\"target\":[\"https:\\\/\\\/gender-planning.lva.tuwien.ac.at\\\/index.php\\\/lehrveranstaltungen\\\/gender-planning-im-laendlichen-raum-2020w\\\/gender-planning-in-niederoesterreich\\\/\"]}]},{\"@type\":\"BreadcrumbList\",\"@id\":\"https:\\\/\\\/gender-planning.lva.tuwien.ac.at\\\/index.php\\\/lehrveranstaltungen\\\/gender-planning-im-laendlichen-raum-2020w\\\/gender-planning-in-niederoesterreich\\\/#breadcrumb\",\"itemListElement\":[{\"@type\":\"ListItem\",\"position\":1,\"name\":\"Startseite\",\"item\":\"https:\\\/\\\/gender-planning.lva.tuwien.ac.at\\\/\"},{\"@type\":\"ListItem\",\"position\":2,\"name\":\"Lehrveranstaltungen\",\"item\":\"https:\\\/\\\/gender-planning.lva.tuwien.ac.at\\\/index.php\\\/lehrveranstaltungen\\\/\"},{\"@type\":\"ListItem\",\"position\":3,\"name\":\"Gender Planning im l\u00e4ndlichen Raum (2020W)\",\"item\":\"https:\\\/\\\/gender-planning.lva.tuwien.ac.at\\\/index.php\\\/lehrveranstaltungen\\\/gender-planning-im-laendlichen-raum-2020w\\\/\"},{\"@type\":\"ListItem\",\"position\":4,\"name\":\"Gender Planning in Nieder\u00f6sterreich\"}]},{\"@type\":\"WebSite\",\"@id\":\"https:\\\/\\\/gender-planning.lva.tuwien.ac.at\\\/#website\",\"url\":\"https:\\\/\\\/gender-planning.lva.tuwien.ac.at\\\/\",\"name\":\"Gender Planning\",\"description\":\"Gender Planning\",\"potentialAction\":[{\"@type\":\"SearchAction\",\"target\":{\"@type\":\"EntryPoint\",\"urlTemplate\":\"https:\\\/\\\/gender-planning.lva.tuwien.ac.at\\\/?s={search_term_string}\"},\"query-input\":{\"@type\":\"PropertyValueSpecification\",\"valueRequired\":true,\"valueName\":\"search_term_string\"}}],\"inLanguage\":\"de\"}]}<\/script>\n<!-- \/ Yoast SEO plugin. -->","yoast_head_json":{"title":"Gender Planning in Nieder\u00f6sterreich - Gender Planning","robots":{"index":"index","follow":"follow","max-snippet":"max-snippet:-1","max-image-preview":"max-image-preview:large","max-video-preview":"max-video-preview:-1"},"canonical":"https:\/\/gender-planning.lva.tuwien.ac.at\/index.php\/lehrveranstaltungen\/gender-planning-im-laendlichen-raum-2020w\/gender-planning-in-niederoesterreich\/","og_locale":"de_DE","og_type":"article","og_title":"Gender Planning in Nieder\u00f6sterreich - Gender Planning","og_description":"2002 hat sich Nieder\u00f6sterreich mit Beschl\u00fcssen des Landtags 2002 und der Landesregierung 2004 zur Verankerung von Gender Mainstreaming in allen Bereichen der Landespolitik bekannt. Um die Strategie umzusetzen wurde ein Arbeitskreis eingerichtet, der dienststellen\u00fcbergreifend arbeitet. (vgl.&nbsp;Bundeskanzleramt \u00d6sterreich 2019) Bei der Recherche wurden eher weniger Projekte zu dem Thema Gender Planning &hellip;","og_url":"https:\/\/gender-planning.lva.tuwien.ac.at\/index.php\/lehrveranstaltungen\/gender-planning-im-laendlichen-raum-2020w\/gender-planning-in-niederoesterreich\/","og_site_name":"Gender Planning","article_modified_time":"2021-09-10T10:37:46+00:00","og_image":[{"url":"https:\/\/gender-planning.lva.tuwien.ac.at\/wp-content\/uploads\/2021\/08\/Seitenbild_NO\u0308_Zeichenfla\u0308che-1-1024x768.png","type":"","width":"","height":""}],"twitter_card":"summary_large_image","twitter_misc":{"Gesch\u00e4tzte Lesezeit":"1\u00a0Minute"},"schema":{"@context":"https:\/\/schema.org","@graph":[{"@type":"WebPage","@id":"https:\/\/gender-planning.lva.tuwien.ac.at\/index.php\/lehrveranstaltungen\/gender-planning-im-laendlichen-raum-2020w\/gender-planning-in-niederoesterreich\/","url":"https:\/\/gender-planning.lva.tuwien.ac.at\/index.php\/lehrveranstaltungen\/gender-planning-im-laendlichen-raum-2020w\/gender-planning-in-niederoesterreich\/","name":"Gender Planning in Nieder\u00f6sterreich - Gender Planning","isPartOf":{"@id":"https:\/\/gender-planning.lva.tuwien.ac.at\/#website"},"datePublished":"2021-08-02T11:59:20+00:00","dateModified":"2021-09-10T10:37:46+00:00","breadcrumb":{"@id":"https:\/\/gender-planning.lva.tuwien.ac.at\/index.php\/lehrveranstaltungen\/gender-planning-im-laendlichen-raum-2020w\/gender-planning-in-niederoesterreich\/#breadcrumb"},"inLanguage":"de","potentialAction":[{"@type":"ReadAction","target":["https:\/\/gender-planning.lva.tuwien.ac.at\/index.php\/lehrveranstaltungen\/gender-planning-im-laendlichen-raum-2020w\/gender-planning-in-niederoesterreich\/"]}]},{"@type":"BreadcrumbList","@id":"https:\/\/gender-planning.lva.tuwien.ac.at\/index.php\/lehrveranstaltungen\/gender-planning-im-laendlichen-raum-2020w\/gender-planning-in-niederoesterreich\/#breadcrumb","itemListElement":[{"@type":"ListItem","position":1,"name":"Startseite","item":"https:\/\/gender-planning.lva.tuwien.ac.at\/"},{"@type":"ListItem","position":2,"name":"Lehrveranstaltungen","item":"https:\/\/gender-planning.lva.tuwien.ac.at\/index.php\/lehrveranstaltungen\/"},{"@type":"ListItem","position":3,"name":"Gender Planning im l\u00e4ndlichen Raum (2020W)","item":"https:\/\/gender-planning.lva.tuwien.ac.at\/index.php\/lehrveranstaltungen\/gender-planning-im-laendlichen-raum-2020w\/"},{"@type":"ListItem","position":4,"name":"Gender Planning in Nieder\u00f6sterreich"}]},{"@type":"WebSite","@id":"https:\/\/gender-planning.lva.tuwien.ac.at\/#website","url":"https:\/\/gender-planning.lva.tuwien.ac.at\/","name":"Gender Planning","description":"Gender Planning","potentialAction":[{"@type":"SearchAction","target":{"@type":"EntryPoint","urlTemplate":"https:\/\/gender-planning.lva.tuwien.ac.at\/?s={search_term_string}"},"query-input":{"@type":"PropertyValueSpecification","valueRequired":true,"valueName":"search_term_string"}}],"inLanguage":"de"}]}},"_links":{"self":[{"href":"https:\/\/gender-planning.lva.tuwien.ac.at\/index.php\/wp-json\/wp\/v2\/pages\/71","targetHints":{"allow":["GET"]}}],"collection":[{"href":"https:\/\/gender-planning.lva.tuwien.ac.at\/index.php\/wp-json\/wp\/v2\/pages"}],"about":[{"href":"https:\/\/gender-planning.lva.tuwien.ac.at\/index.php\/wp-json\/wp\/v2\/types\/page"}],"author":[{"embeddable":true,"href":"https:\/\/gender-planning.lva.tuwien.ac.at\/index.php\/wp-json\/wp\/v2\/users\/4"}],"replies":[{"embeddable":true,"href":"https:\/\/gender-planning.lva.tuwien.ac.at\/index.php\/wp-json\/wp\/v2\/comments?post=71"}],"version-history":[{"count":10,"href":"https:\/\/gender-planning.lva.tuwien.ac.at\/index.php\/wp-json\/wp\/v2\/pages\/71\/revisions"}],"predecessor-version":[{"id":346,"href":"https:\/\/gender-planning.lva.tuwien.ac.at\/index.php\/wp-json\/wp\/v2\/pages\/71\/revisions\/346"}],"up":[{"embeddable":true,"href":"https:\/\/gender-planning.lva.tuwien.ac.at\/index.php\/wp-json\/wp\/v2\/pages\/67"}],"wp:attachment":[{"href":"https:\/\/gender-planning.lva.tuwien.ac.at\/index.php\/wp-json\/wp\/v2\/media?parent=71"}],"curies":[{"name":"wp","href":"https:\/\/api.w.org\/{rel}","templated":true}]}}