{"id":69,"date":"2021-08-02T13:58:54","date_gmt":"2021-08-02T11:58:54","guid":{"rendered":"https:\/\/gender-planning.lva.tuwien.ac.at\/?page_id=69"},"modified":"2021-09-10T12:37:10","modified_gmt":"2021-09-10T10:37:10","slug":"gender-planning-in-kaernten","status":"publish","type":"page","link":"https:\/\/gender-planning.lva.tuwien.ac.at\/index.php\/lehrveranstaltungen\/gender-planning-im-laendlichen-raum-2020w\/gender-planning-in-kaernten\/","title":{"rendered":"Gender Planning in K\u00e4rnten"},"content":{"rendered":"\n<figure class=\"wp-block-image size-full is-resized is-style-default\"><a href=\"https:\/\/gender-planning.lva.tuwien.ac.at\/wp-content\/uploads\/2021\/08\/kaernten_genderplanning-1.pdf\" target=\"_blank\" rel=\"noopener\"><img loading=\"lazy\" decoding=\"async\" src=\"https:\/\/gender-planning.lva.tuwien.ac.at\/wp-content\/uploads\/2021\/08\/Seitenbild_Ka\u0308rnten_Zeichenfla\u0308che-1.png\" alt=\"Gender Planning in K\u00e4rnten\" class=\"wp-image-113\" width=\"823\" height=\"617\" srcset=\"https:\/\/gender-planning.lva.tuwien.ac.at\/wp-content\/uploads\/2021\/08\/Seitenbild_Ka\u0308rnten_Zeichenfla\u0308che-1.png 6667w, https:\/\/gender-planning.lva.tuwien.ac.at\/wp-content\/uploads\/2021\/08\/Seitenbild_Ka\u0308rnten_Zeichenfla\u0308che-1-300x225.png 300w, https:\/\/gender-planning.lva.tuwien.ac.at\/wp-content\/uploads\/2021\/08\/Seitenbild_Ka\u0308rnten_Zeichenfla\u0308che-1-1024x768.png 1024w, https:\/\/gender-planning.lva.tuwien.ac.at\/wp-content\/uploads\/2021\/08\/Seitenbild_Ka\u0308rnten_Zeichenfla\u0308che-1-768x576.png 768w, https:\/\/gender-planning.lva.tuwien.ac.at\/wp-content\/uploads\/2021\/08\/Seitenbild_Ka\u0308rnten_Zeichenfla\u0308che-1-1536x1152.png 1536w, https:\/\/gender-planning.lva.tuwien.ac.at\/wp-content\/uploads\/2021\/08\/Seitenbild_Ka\u0308rnten_Zeichenfla\u0308che-1-2048x1536.png 2048w, https:\/\/gender-planning.lva.tuwien.ac.at\/wp-content\/uploads\/2021\/08\/Seitenbild_Ka\u0308rnten_Zeichenfla\u0308che-1-400x300.png 400w\" sizes=\"auto, (max-width: 823px) 100vw, 823px\" \/><\/a><\/figure>\n\n\n\n<hr class=\"wp-block-separator is-style-wide\"\/>\n\n\n\n<p>Im Bundesland K\u00e4rnten fasste die Landesregierung im Jahr 2001 einen Beschluss zur Umsetzung von Gender Mainstreaming. Im Zuge dessen wurde eine Arbeitsgruppe mit Expert*innen in die Landesverwaltung implementiert. (vgl.&nbsp;<a href=\"https:\/\/www.imag-gmb.at\/gender-mainstreaming\/implementierung-in-oesterreich\/umsetzung-auf-landesebene.html\" target=\"_blank\" rel=\"noreferrer noopener\">Bundeskanzleramt \u00d6sterreich 2019<\/a>)<\/p>\n\n\n\n<p>Es l\u00e4sst sich \u00fcberblicksm\u00e4\u00dfig feststellen, dass die meisten Organisationen, Projekte und Strategien \u2013 \u00e4hnlich wie bei anderen Bundesl\u00e4ndern \u2013 einen starken Genderbezug, jedoch nur geringe Raumrelevanz vorweisen. Insbesondere Organisationen beziehen sich allgemein betrachtet auf Genderthemen, welche nur eine geringe Raumrelevanz aufweisen.&nbsp;<\/p>\n\n\n\n<p>Die meisten Organisationen und Projekte beziehen sich auf Gemeindeebene, wobei die St\u00e4dte Klagenfurt und Villach den Ursprung f\u00fcr nahezu alle Organisationen darstellen. Ebenso erw\u00e4hnenswert ist das FrauenReferat K\u00e4rnten, welches bereits in sehr vielen Projekten involviert war, oder diese initiiert hat. Neben Klagenfurt und Villach weist auch die Hermagor-Pressegger Seeregion die meisten Organisationen, Projekte sowie Strategien zum Thema Gender Planning&nbsp; in K\u00e4rnten auf.&nbsp;<\/p>\n\n\n\n<p>Erw\u00e4hnenswert ist au\u00dferdem der \u201eLeitfaden zur Umsetzung von Gender Mainstreaming in der Wegenetzplanung in Gemeinden am Beispiel der Gemeinde Hermagor-Pressegger See\u201c, sowie die Projekte&nbsp; \u201cSOZIALMOBIL HERMAGOR-GITSCHTAL\u201d und \u201cM\u00c4DCHEN(T)RAUM\u201d. Ein weiteres Merkmal f\u00fcr Gender Planning im Bundesland K\u00e4rnten ist au\u00dferdem die geringe Anzahl an Projekten und Organisationen in D\u00f6rfern.<\/p>\n\n\n\n<hr class=\"wp-block-separator is-style-wide\"\/>\n\n\n\n<div class=\"wp-block-file\"><a href=\"https:\/\/gender-planning.lva.tuwien.ac.at\/wp-content\/uploads\/2021\/08\/kaernten_genderplanning-1.pdf\"><strong>Hier geht&#8217;s zu den Organisationen, Projekten und Strategien in K\u00e4rnten<\/strong><\/a><a href=\"https:\/\/gender-planning.lva.tuwien.ac.at\/wp-content\/uploads\/2021\/08\/kaernten_genderplanning-1.pdf\" class=\"wp-block-file__button\" download>Herunterladen<\/a><\/div>\n","protected":false},"excerpt":{"rendered":"<p>Im Bundesland K\u00e4rnten fasste die Landesregierung im Jahr 2001 einen Beschluss zur Umsetzung von Gender Mainstreaming. Im Zuge dessen wurde eine Arbeitsgruppe mit Expert*innen in die Landesverwaltung implementiert. (vgl.&nbsp;Bundeskanzleramt \u00d6sterreich 2019) Es l\u00e4sst sich \u00fcberblicksm\u00e4\u00dfig feststellen, dass die meisten Organisationen, Projekte und Strategien \u2013 \u00e4hnlich wie bei anderen Bundesl\u00e4ndern \u2013 &hellip;<\/p>\n","protected":false},"author":4,"featured_media":0,"parent":67,"menu_order":0,"comment_status":"closed","ping_status":"closed","template":"","meta":{"footnotes":""},"class_list":["post-69","page","type-page","status-publish","hentry"],"yoast_head":"<!-- This site is optimized with the Yoast SEO plugin v27.5 - https:\/\/yoast.com\/product\/yoast-seo-wordpress\/ -->\n<title>Gender Planning in K\u00e4rnten - Gender Planning<\/title>\n<meta name=\"robots\" content=\"index, follow, max-snippet:-1, max-image-preview:large, max-video-preview:-1\" \/>\n<link rel=\"canonical\" href=\"https:\/\/gender-planning.lva.tuwien.ac.at\/index.php\/lehrveranstaltungen\/gender-planning-im-laendlichen-raum-2020w\/gender-planning-in-kaernten\/\" \/>\n<meta property=\"og:locale\" content=\"de_DE\" \/>\n<meta property=\"og:type\" content=\"article\" \/>\n<meta property=\"og:title\" content=\"Gender Planning in K\u00e4rnten - Gender Planning\" \/>\n<meta property=\"og:description\" content=\"Im Bundesland K\u00e4rnten fasste die Landesregierung im Jahr 2001 einen Beschluss zur Umsetzung von Gender Mainstreaming. Im Zuge dessen wurde eine Arbeitsgruppe mit Expert*innen in die Landesverwaltung implementiert. (vgl.&nbsp;Bundeskanzleramt \u00d6sterreich 2019) Es l\u00e4sst sich \u00fcberblicksm\u00e4\u00dfig feststellen, dass die meisten Organisationen, Projekte und Strategien \u2013 \u00e4hnlich wie bei anderen Bundesl\u00e4ndern \u2013 &hellip;\" \/>\n<meta property=\"og:url\" content=\"https:\/\/gender-planning.lva.tuwien.ac.at\/index.php\/lehrveranstaltungen\/gender-planning-im-laendlichen-raum-2020w\/gender-planning-in-kaernten\/\" \/>\n<meta property=\"og:site_name\" content=\"Gender Planning\" \/>\n<meta property=\"article:modified_time\" content=\"2021-09-10T10:37:10+00:00\" \/>\n<meta property=\"og:image\" content=\"https:\/\/gender-planning.lva.tuwien.ac.at\/wp-content\/uploads\/2021\/08\/Seitenbild_Ka\u0308rnten_Zeichenfla\u0308che-1.png\" \/>\n<meta name=\"twitter:card\" content=\"summary_large_image\" \/>\n<meta name=\"twitter:label1\" content=\"Gesch\u00e4tzte Lesezeit\" \/>\n\t<meta name=\"twitter:data1\" content=\"2\u00a0Minuten\" \/>\n<script type=\"application\/ld+json\" class=\"yoast-schema-graph\">{\"@context\":\"https:\\\/\\\/schema.org\",\"@graph\":[{\"@type\":\"WebPage\",\"@id\":\"https:\\\/\\\/gender-planning.lva.tuwien.ac.at\\\/index.php\\\/lehrveranstaltungen\\\/gender-planning-im-laendlichen-raum-2020w\\\/gender-planning-in-kaernten\\\/\",\"url\":\"https:\\\/\\\/gender-planning.lva.tuwien.ac.at\\\/index.php\\\/lehrveranstaltungen\\\/gender-planning-im-laendlichen-raum-2020w\\\/gender-planning-in-kaernten\\\/\",\"name\":\"Gender Planning in K\u00e4rnten - Gender Planning\",\"isPartOf\":{\"@id\":\"https:\\\/\\\/gender-planning.lva.tuwien.ac.at\\\/#website\"},\"datePublished\":\"2021-08-02T11:58:54+00:00\",\"dateModified\":\"2021-09-10T10:37:10+00:00\",\"breadcrumb\":{\"@id\":\"https:\\\/\\\/gender-planning.lva.tuwien.ac.at\\\/index.php\\\/lehrveranstaltungen\\\/gender-planning-im-laendlichen-raum-2020w\\\/gender-planning-in-kaernten\\\/#breadcrumb\"},\"inLanguage\":\"de\",\"potentialAction\":[{\"@type\":\"ReadAction\",\"target\":[\"https:\\\/\\\/gender-planning.lva.tuwien.ac.at\\\/index.php\\\/lehrveranstaltungen\\\/gender-planning-im-laendlichen-raum-2020w\\\/gender-planning-in-kaernten\\\/\"]}]},{\"@type\":\"BreadcrumbList\",\"@id\":\"https:\\\/\\\/gender-planning.lva.tuwien.ac.at\\\/index.php\\\/lehrveranstaltungen\\\/gender-planning-im-laendlichen-raum-2020w\\\/gender-planning-in-kaernten\\\/#breadcrumb\",\"itemListElement\":[{\"@type\":\"ListItem\",\"position\":1,\"name\":\"Startseite\",\"item\":\"https:\\\/\\\/gender-planning.lva.tuwien.ac.at\\\/\"},{\"@type\":\"ListItem\",\"position\":2,\"name\":\"Lehrveranstaltungen\",\"item\":\"https:\\\/\\\/gender-planning.lva.tuwien.ac.at\\\/index.php\\\/lehrveranstaltungen\\\/\"},{\"@type\":\"ListItem\",\"position\":3,\"name\":\"Gender Planning im l\u00e4ndlichen Raum (2020W)\",\"item\":\"https:\\\/\\\/gender-planning.lva.tuwien.ac.at\\\/index.php\\\/lehrveranstaltungen\\\/gender-planning-im-laendlichen-raum-2020w\\\/\"},{\"@type\":\"ListItem\",\"position\":4,\"name\":\"Gender Planning in K\u00e4rnten\"}]},{\"@type\":\"WebSite\",\"@id\":\"https:\\\/\\\/gender-planning.lva.tuwien.ac.at\\\/#website\",\"url\":\"https:\\\/\\\/gender-planning.lva.tuwien.ac.at\\\/\",\"name\":\"Gender Planning\",\"description\":\"Gender Planning\",\"potentialAction\":[{\"@type\":\"SearchAction\",\"target\":{\"@type\":\"EntryPoint\",\"urlTemplate\":\"https:\\\/\\\/gender-planning.lva.tuwien.ac.at\\\/?s={search_term_string}\"},\"query-input\":{\"@type\":\"PropertyValueSpecification\",\"valueRequired\":true,\"valueName\":\"search_term_string\"}}],\"inLanguage\":\"de\"}]}<\/script>\n<!-- \/ Yoast SEO plugin. -->","yoast_head_json":{"title":"Gender Planning in K\u00e4rnten - Gender Planning","robots":{"index":"index","follow":"follow","max-snippet":"max-snippet:-1","max-image-preview":"max-image-preview:large","max-video-preview":"max-video-preview:-1"},"canonical":"https:\/\/gender-planning.lva.tuwien.ac.at\/index.php\/lehrveranstaltungen\/gender-planning-im-laendlichen-raum-2020w\/gender-planning-in-kaernten\/","og_locale":"de_DE","og_type":"article","og_title":"Gender Planning in K\u00e4rnten - Gender Planning","og_description":"Im Bundesland K\u00e4rnten fasste die Landesregierung im Jahr 2001 einen Beschluss zur Umsetzung von Gender Mainstreaming. Im Zuge dessen wurde eine Arbeitsgruppe mit Expert*innen in die Landesverwaltung implementiert. (vgl.&nbsp;Bundeskanzleramt \u00d6sterreich 2019) Es l\u00e4sst sich \u00fcberblicksm\u00e4\u00dfig feststellen, dass die meisten Organisationen, Projekte und Strategien \u2013 \u00e4hnlich wie bei anderen Bundesl\u00e4ndern \u2013 &hellip;","og_url":"https:\/\/gender-planning.lva.tuwien.ac.at\/index.php\/lehrveranstaltungen\/gender-planning-im-laendlichen-raum-2020w\/gender-planning-in-kaernten\/","og_site_name":"Gender Planning","article_modified_time":"2021-09-10T10:37:10+00:00","og_image":[{"url":"https:\/\/gender-planning.lva.tuwien.ac.at\/wp-content\/uploads\/2021\/08\/Seitenbild_Ka\u0308rnten_Zeichenfla\u0308che-1.png","type":"","width":"","height":""}],"twitter_card":"summary_large_image","twitter_misc":{"Gesch\u00e4tzte Lesezeit":"2\u00a0Minuten"},"schema":{"@context":"https:\/\/schema.org","@graph":[{"@type":"WebPage","@id":"https:\/\/gender-planning.lva.tuwien.ac.at\/index.php\/lehrveranstaltungen\/gender-planning-im-laendlichen-raum-2020w\/gender-planning-in-kaernten\/","url":"https:\/\/gender-planning.lva.tuwien.ac.at\/index.php\/lehrveranstaltungen\/gender-planning-im-laendlichen-raum-2020w\/gender-planning-in-kaernten\/","name":"Gender Planning in K\u00e4rnten - Gender Planning","isPartOf":{"@id":"https:\/\/gender-planning.lva.tuwien.ac.at\/#website"},"datePublished":"2021-08-02T11:58:54+00:00","dateModified":"2021-09-10T10:37:10+00:00","breadcrumb":{"@id":"https:\/\/gender-planning.lva.tuwien.ac.at\/index.php\/lehrveranstaltungen\/gender-planning-im-laendlichen-raum-2020w\/gender-planning-in-kaernten\/#breadcrumb"},"inLanguage":"de","potentialAction":[{"@type":"ReadAction","target":["https:\/\/gender-planning.lva.tuwien.ac.at\/index.php\/lehrveranstaltungen\/gender-planning-im-laendlichen-raum-2020w\/gender-planning-in-kaernten\/"]}]},{"@type":"BreadcrumbList","@id":"https:\/\/gender-planning.lva.tuwien.ac.at\/index.php\/lehrveranstaltungen\/gender-planning-im-laendlichen-raum-2020w\/gender-planning-in-kaernten\/#breadcrumb","itemListElement":[{"@type":"ListItem","position":1,"name":"Startseite","item":"https:\/\/gender-planning.lva.tuwien.ac.at\/"},{"@type":"ListItem","position":2,"name":"Lehrveranstaltungen","item":"https:\/\/gender-planning.lva.tuwien.ac.at\/index.php\/lehrveranstaltungen\/"},{"@type":"ListItem","position":3,"name":"Gender Planning im l\u00e4ndlichen Raum (2020W)","item":"https:\/\/gender-planning.lva.tuwien.ac.at\/index.php\/lehrveranstaltungen\/gender-planning-im-laendlichen-raum-2020w\/"},{"@type":"ListItem","position":4,"name":"Gender Planning in K\u00e4rnten"}]},{"@type":"WebSite","@id":"https:\/\/gender-planning.lva.tuwien.ac.at\/#website","url":"https:\/\/gender-planning.lva.tuwien.ac.at\/","name":"Gender Planning","description":"Gender Planning","potentialAction":[{"@type":"SearchAction","target":{"@type":"EntryPoint","urlTemplate":"https:\/\/gender-planning.lva.tuwien.ac.at\/?s={search_term_string}"},"query-input":{"@type":"PropertyValueSpecification","valueRequired":true,"valueName":"search_term_string"}}],"inLanguage":"de"}]}},"_links":{"self":[{"href":"https:\/\/gender-planning.lva.tuwien.ac.at\/index.php\/wp-json\/wp\/v2\/pages\/69","targetHints":{"allow":["GET"]}}],"collection":[{"href":"https:\/\/gender-planning.lva.tuwien.ac.at\/index.php\/wp-json\/wp\/v2\/pages"}],"about":[{"href":"https:\/\/gender-planning.lva.tuwien.ac.at\/index.php\/wp-json\/wp\/v2\/types\/page"}],"author":[{"embeddable":true,"href":"https:\/\/gender-planning.lva.tuwien.ac.at\/index.php\/wp-json\/wp\/v2\/users\/4"}],"replies":[{"embeddable":true,"href":"https:\/\/gender-planning.lva.tuwien.ac.at\/index.php\/wp-json\/wp\/v2\/comments?post=69"}],"version-history":[{"count":24,"href":"https:\/\/gender-planning.lva.tuwien.ac.at\/index.php\/wp-json\/wp\/v2\/pages\/69\/revisions"}],"predecessor-version":[{"id":343,"href":"https:\/\/gender-planning.lva.tuwien.ac.at\/index.php\/wp-json\/wp\/v2\/pages\/69\/revisions\/343"}],"up":[{"embeddable":true,"href":"https:\/\/gender-planning.lva.tuwien.ac.at\/index.php\/wp-json\/wp\/v2\/pages\/67"}],"wp:attachment":[{"href":"https:\/\/gender-planning.lva.tuwien.ac.at\/index.php\/wp-json\/wp\/v2\/media?parent=69"}],"curies":[{"name":"wp","href":"https:\/\/api.w.org\/{rel}","templated":true}]}}