{"id":46,"date":"2021-08-02T12:05:28","date_gmt":"2021-08-02T10:05:28","guid":{"rendered":"https:\/\/gender-planning.lva.tuwien.ac.at\/?page_id=46"},"modified":"2022-08-04T11:42:17","modified_gmt":"2022-08-04T09:42:17","slug":"lehrveranstaltungen","status":"publish","type":"page","link":"https:\/\/gender-planning.lva.tuwien.ac.at\/index.php\/lehrveranstaltungen\/","title":{"rendered":"Lehrveranstaltungen"},"content":{"rendered":"\n<p>In einer Reihe von thematisch verkn\u00fcpften Lehrveranstaltungen setzen sich Studierende der Architektur und Raumplanung mit Fragestellungen aus dem Themenfeld Gender Planning auseinander. Gender Planning ber\u00fccksichtigt die unterschiedlichen Anspr\u00fcche und Interessen im Alltag unterschiedlicher Nutzer*innengruppen auf allen Planungsebenen. Ziel ist ein verbessertes Qualit\u00e4tsbewusstsein in r\u00e4umlichen Planungsprozessen.<\/p>\n\n\n\n<p>Die Lehrveranstaltungen werden von Univ.Ass.<sup>in<\/sup> DI<sup>in<\/sup> Dr.<sup>in<\/sup> <strong>Petra Hirschler <\/strong>und Univ.Ass.<sup>in<\/sup> DI<sup>in<\/sup> Dr.<sup>in<\/sup> <strong>Sabina Ri\u00df <\/strong>geleitet.<\/p>\n\n\n\n<h5 class=\"wp-block-heading\"><br>Gender Planning im l\u00e4ndlichen Raum<\/h5>\n\n\n\n<p>Den Auftakt machte im Wintersemester 2020 das Seminar <strong><a href=\"https:\/\/gender-planning.lva.tuwien.ac.at\/index.php\/lehrveranstaltungen\/gender-planning-im-laendlichen-raum-2020w\/\">Gender Planning im l\u00e4ndlichen Raum<\/a><\/strong>, in dem sich elf Studierende mit der Thematik auf Bundesl\u00e4nderebene in \u00d6sterreich auseinandersetzten und eine \u00dcbersicht \u00fcber Projekte, Planungsdokumente und Organisationen mit Bezug zu Gender Planning im l\u00e4ndlichen Raum erstellten. <\/p>\n\n\n\n<h5 class=\"wp-block-heading\"><br>Gender Planning in der Praxis<\/h5>\n\n\n\n<p>Die Folgelehrveranstaltung <strong><a href=\"https:\/\/gender-planning.lva.tuwien.ac.at\/index.php\/gender-planning-in-der-praxis-2021s\/\">Gender Planning in der Praxis<\/a><\/strong> im Sommersemester 2021widmete sich der Bewertung von Planungsprojekten hinsichtlich ihrer Gendersensibilit\u00e4t. Die Studierenden erarbeiteten zu diesem Zweck Checkmatrizen f\u00fcr unterschiedliche Planungsebenen (Land, Region, Gemeinde, Quartier und Geb\u00e4ude), welche sie in einem zweiten Schritt auf eigene Planungsprojekte anwandten. Abschlie\u00dfend erfolgte eine Umplanung nach Gesichtspunkten der Gendersensibilit\u00e4t.<\/p>\n\n\n\n<h5 class=\"wp-block-heading\">Feministische Raumaneignung <\/h5>\n\n\n\n<p>Die Lehrveranstaltung <a href=\"https:\/\/gender-planning.lva.tuwien.ac.at\/index.php\/femistische-raumaneignung-politische-interventionen-im-oeffentlichen-raum\/\"><strong>Feministische Raumaneignung &#8211; Politische Interventionen im \u00d6ffentlichen Raum<\/strong><\/a> im Sommersemester 2022 besch\u00e4ftigte sich mit dem von Macht, Herrschaftsverh\u00e4ltnissen und Normen durchzogenen, \u00f6ffentlichen Raum. Die Lehrveranstaltung \u201eFeministische Raumaneignung\u201c suchte nach kreativen M\u00f6glichkeiten der Neuordnung, wobei die M\u00f6glichkeiten der selbstbestimmten Produktion eines feministischen, sozialen Raumes im Fokus stand. Die Aufgabe der Studierenden war es jeweils allein oder in Gruppen ein Projekt in Form einer Aktion, einer Performance oder einer anderen Form der Intervention im \u00d6ffentlichen Raum zu planen. <\/p>\n\n\n\n<h5 class=\"wp-block-heading\"><meta charset=\"utf-8\"><br>Vortrag von Sabina Ri\u00df zur Lehrveranstaltungsreihe  |  TU M\u00fcnchen  |  28.10.2021<br><\/h5>\n\n\n\n<figure class=\"wp-block-embed is-type-video is-provider-youtube wp-block-embed-youtube wp-embed-aspect-16-9 wp-has-aspect-ratio\"><div class=\"wp-block-embed__wrapper\">\n<iframe loading=\"lazy\" title=\"AJA &#039;21 | 28.10 | Thementag Social Gaps\" width=\"762\" height=\"429\" src=\"https:\/\/www.youtube.com\/embed\/OhgcIPYsaRM?feature=oembed\" frameborder=\"0\" allow=\"accelerometer; autoplay; clipboard-write; encrypted-media; gyroscope; picture-in-picture\" allowfullscreen><\/iframe>\n<\/div><\/figure>\n","protected":false},"excerpt":{"rendered":"<p>In einer Reihe von thematisch verkn\u00fcpften Lehrveranstaltungen setzen sich Studierende der Architektur und Raumplanung mit Fragestellungen aus dem Themenfeld Gender Planning auseinander. Gender Planning ber\u00fccksichtigt die unterschiedlichen Anspr\u00fcche und Interessen im Alltag unterschiedlicher Nutzer*innengruppen auf allen Planungsebenen. Ziel ist ein verbessertes Qualit\u00e4tsbewusstsein in r\u00e4umlichen Planungsprozessen. Die Lehrveranstaltungen werden von Univ.Ass.in &hellip;<\/p>\n","protected":false},"author":4,"featured_media":0,"parent":0,"menu_order":0,"comment_status":"closed","ping_status":"closed","template":"","meta":{"footnotes":""},"class_list":["post-46","page","type-page","status-publish","hentry"],"yoast_head":"<!-- This site is optimized with the Yoast SEO plugin v27.4 - https:\/\/yoast.com\/product\/yoast-seo-wordpress\/ -->\n<title>Lehrveranstaltungen - Gender Planning<\/title>\n<meta name=\"robots\" content=\"index, follow, max-snippet:-1, max-image-preview:large, max-video-preview:-1\" \/>\n<link rel=\"canonical\" href=\"https:\/\/gender-planning.lva.tuwien.ac.at\/index.php\/lehrveranstaltungen\/\" \/>\n<meta property=\"og:locale\" content=\"de_DE\" \/>\n<meta property=\"og:type\" content=\"article\" \/>\n<meta property=\"og:title\" content=\"Lehrveranstaltungen - Gender Planning\" \/>\n<meta property=\"og:description\" content=\"In einer Reihe von thematisch verkn\u00fcpften Lehrveranstaltungen setzen sich Studierende der Architektur und Raumplanung mit Fragestellungen aus dem Themenfeld Gender Planning auseinander. Gender Planning ber\u00fccksichtigt die unterschiedlichen Anspr\u00fcche und Interessen im Alltag unterschiedlicher Nutzer*innengruppen auf allen Planungsebenen. Ziel ist ein verbessertes Qualit\u00e4tsbewusstsein in r\u00e4umlichen Planungsprozessen. Die Lehrveranstaltungen werden von Univ.Ass.in &hellip;\" \/>\n<meta property=\"og:url\" content=\"https:\/\/gender-planning.lva.tuwien.ac.at\/index.php\/lehrveranstaltungen\/\" \/>\n<meta property=\"og:site_name\" content=\"Gender Planning\" \/>\n<meta property=\"article:modified_time\" content=\"2022-08-04T09:42:17+00:00\" \/>\n<meta name=\"twitter:card\" content=\"summary_large_image\" \/>\n<meta name=\"twitter:label1\" content=\"Gesch\u00e4tzte Lesezeit\" \/>\n\t<meta name=\"twitter:data1\" content=\"2\u00a0Minuten\" \/>\n<script type=\"application\/ld+json\" class=\"yoast-schema-graph\">{\"@context\":\"https:\\\/\\\/schema.org\",\"@graph\":[{\"@type\":\"WebPage\",\"@id\":\"https:\\\/\\\/gender-planning.lva.tuwien.ac.at\\\/index.php\\\/lehrveranstaltungen\\\/\",\"url\":\"https:\\\/\\\/gender-planning.lva.tuwien.ac.at\\\/index.php\\\/lehrveranstaltungen\\\/\",\"name\":\"Lehrveranstaltungen - Gender Planning\",\"isPartOf\":{\"@id\":\"https:\\\/\\\/gender-planning.lva.tuwien.ac.at\\\/#website\"},\"datePublished\":\"2021-08-02T10:05:28+00:00\",\"dateModified\":\"2022-08-04T09:42:17+00:00\",\"breadcrumb\":{\"@id\":\"https:\\\/\\\/gender-planning.lva.tuwien.ac.at\\\/index.php\\\/lehrveranstaltungen\\\/#breadcrumb\"},\"inLanguage\":\"de\",\"potentialAction\":[{\"@type\":\"ReadAction\",\"target\":[\"https:\\\/\\\/gender-planning.lva.tuwien.ac.at\\\/index.php\\\/lehrveranstaltungen\\\/\"]}]},{\"@type\":\"BreadcrumbList\",\"@id\":\"https:\\\/\\\/gender-planning.lva.tuwien.ac.at\\\/index.php\\\/lehrveranstaltungen\\\/#breadcrumb\",\"itemListElement\":[{\"@type\":\"ListItem\",\"position\":1,\"name\":\"Startseite\",\"item\":\"https:\\\/\\\/gender-planning.lva.tuwien.ac.at\\\/\"},{\"@type\":\"ListItem\",\"position\":2,\"name\":\"Lehrveranstaltungen\"}]},{\"@type\":\"WebSite\",\"@id\":\"https:\\\/\\\/gender-planning.lva.tuwien.ac.at\\\/#website\",\"url\":\"https:\\\/\\\/gender-planning.lva.tuwien.ac.at\\\/\",\"name\":\"Gender Planning\",\"description\":\"Gender Planning\",\"potentialAction\":[{\"@type\":\"SearchAction\",\"target\":{\"@type\":\"EntryPoint\",\"urlTemplate\":\"https:\\\/\\\/gender-planning.lva.tuwien.ac.at\\\/?s={search_term_string}\"},\"query-input\":{\"@type\":\"PropertyValueSpecification\",\"valueRequired\":true,\"valueName\":\"search_term_string\"}}],\"inLanguage\":\"de\"}]}<\/script>\n<!-- \/ Yoast SEO plugin. -->","yoast_head_json":{"title":"Lehrveranstaltungen - Gender Planning","robots":{"index":"index","follow":"follow","max-snippet":"max-snippet:-1","max-image-preview":"max-image-preview:large","max-video-preview":"max-video-preview:-1"},"canonical":"https:\/\/gender-planning.lva.tuwien.ac.at\/index.php\/lehrveranstaltungen\/","og_locale":"de_DE","og_type":"article","og_title":"Lehrveranstaltungen - Gender Planning","og_description":"In einer Reihe von thematisch verkn\u00fcpften Lehrveranstaltungen setzen sich Studierende der Architektur und Raumplanung mit Fragestellungen aus dem Themenfeld Gender Planning auseinander. Gender Planning ber\u00fccksichtigt die unterschiedlichen Anspr\u00fcche und Interessen im Alltag unterschiedlicher Nutzer*innengruppen auf allen Planungsebenen. Ziel ist ein verbessertes Qualit\u00e4tsbewusstsein in r\u00e4umlichen Planungsprozessen. Die Lehrveranstaltungen werden von Univ.Ass.in &hellip;","og_url":"https:\/\/gender-planning.lva.tuwien.ac.at\/index.php\/lehrveranstaltungen\/","og_site_name":"Gender Planning","article_modified_time":"2022-08-04T09:42:17+00:00","twitter_card":"summary_large_image","twitter_misc":{"Gesch\u00e4tzte Lesezeit":"2\u00a0Minuten"},"schema":{"@context":"https:\/\/schema.org","@graph":[{"@type":"WebPage","@id":"https:\/\/gender-planning.lva.tuwien.ac.at\/index.php\/lehrveranstaltungen\/","url":"https:\/\/gender-planning.lva.tuwien.ac.at\/index.php\/lehrveranstaltungen\/","name":"Lehrveranstaltungen - Gender Planning","isPartOf":{"@id":"https:\/\/gender-planning.lva.tuwien.ac.at\/#website"},"datePublished":"2021-08-02T10:05:28+00:00","dateModified":"2022-08-04T09:42:17+00:00","breadcrumb":{"@id":"https:\/\/gender-planning.lva.tuwien.ac.at\/index.php\/lehrveranstaltungen\/#breadcrumb"},"inLanguage":"de","potentialAction":[{"@type":"ReadAction","target":["https:\/\/gender-planning.lva.tuwien.ac.at\/index.php\/lehrveranstaltungen\/"]}]},{"@type":"BreadcrumbList","@id":"https:\/\/gender-planning.lva.tuwien.ac.at\/index.php\/lehrveranstaltungen\/#breadcrumb","itemListElement":[{"@type":"ListItem","position":1,"name":"Startseite","item":"https:\/\/gender-planning.lva.tuwien.ac.at\/"},{"@type":"ListItem","position":2,"name":"Lehrveranstaltungen"}]},{"@type":"WebSite","@id":"https:\/\/gender-planning.lva.tuwien.ac.at\/#website","url":"https:\/\/gender-planning.lva.tuwien.ac.at\/","name":"Gender Planning","description":"Gender Planning","potentialAction":[{"@type":"SearchAction","target":{"@type":"EntryPoint","urlTemplate":"https:\/\/gender-planning.lva.tuwien.ac.at\/?s={search_term_string}"},"query-input":{"@type":"PropertyValueSpecification","valueRequired":true,"valueName":"search_term_string"}}],"inLanguage":"de"}]}},"_links":{"self":[{"href":"https:\/\/gender-planning.lva.tuwien.ac.at\/index.php\/wp-json\/wp\/v2\/pages\/46","targetHints":{"allow":["GET"]}}],"collection":[{"href":"https:\/\/gender-planning.lva.tuwien.ac.at\/index.php\/wp-json\/wp\/v2\/pages"}],"about":[{"href":"https:\/\/gender-planning.lva.tuwien.ac.at\/index.php\/wp-json\/wp\/v2\/types\/page"}],"author":[{"embeddable":true,"href":"https:\/\/gender-planning.lva.tuwien.ac.at\/index.php\/wp-json\/wp\/v2\/users\/4"}],"replies":[{"embeddable":true,"href":"https:\/\/gender-planning.lva.tuwien.ac.at\/index.php\/wp-json\/wp\/v2\/comments?post=46"}],"version-history":[{"count":21,"href":"https:\/\/gender-planning.lva.tuwien.ac.at\/index.php\/wp-json\/wp\/v2\/pages\/46\/revisions"}],"predecessor-version":[{"id":1175,"href":"https:\/\/gender-planning.lva.tuwien.ac.at\/index.php\/wp-json\/wp\/v2\/pages\/46\/revisions\/1175"}],"wp:attachment":[{"href":"https:\/\/gender-planning.lva.tuwien.ac.at\/index.php\/wp-json\/wp\/v2\/media?parent=46"}],"curies":[{"name":"wp","href":"https:\/\/api.w.org\/{rel}","templated":true}]}}