{"id":438,"date":"2021-09-29T16:05:47","date_gmt":"2021-09-29T14:05:47","guid":{"rendered":"https:\/\/gender-planning.lva.tuwien.ac.at\/?page_id=438"},"modified":"2021-10-08T13:41:31","modified_gmt":"2021-10-08T11:41:31","slug":"ebene-quartier","status":"publish","type":"page","link":"https:\/\/gender-planning.lva.tuwien.ac.at\/index.php\/gender-planning-in-der-praxis-2021s\/ebene-quartier\/","title":{"rendered":"Checkmatrix Quartier"},"content":{"rendered":"\n<p>Die Checkmatrix f\u00fcr die Quartiersebene gliedert sich in zwei Themenbl\u00f6cke:<\/p>\n\n\n\n<ul class=\"wp-block-list\"><li>Prozess<\/li><li>Inhalt<\/li><\/ul>\n\n\n\n<p>\u00dcberpr\u00fcft werden k\u00f6nnen st\u00e4dtebauliche Projekte sowie Plandokumente, Konzepte und Bebauungspl\u00e4ne. Bewertet werden k\u00f6nnen abgeschlossene sowie laufende Projekte. Zudem soll die Matrix dazu dienen, k\u00fcnftige Projekte bereits im Planungsprozess auf ihre Gender-Vertr\u00e4glichkeit zu pr\u00fcfen.<\/p>\n\n\n\n<h3 class=\"wp-block-heading\">Hinweise zum Ausf\u00fcllen<\/h3>\n\n\n\n<p>Die den Themenbl\u00f6cken zugeordneten Fragen k\u00f6nnen mit erf\u00fcllt (1), teilweise erf\u00fcllt (0,5) oder nicht erf\u00fcllt (0) beantwortet werden. Die Beantwortung der Fragen erfolgt perspektivisch getrennt nach Altersgruppen, Mobilit\u00e4tseinschr\u00e4nkung, Genderaspekten, Migrationshintergrund, Expert*innen. <\/p>\n\n\n\n<p>Durch die Beantwortung der Fragen wird das entsprechende Projekt auf seine Gender-Wirksamkeit \u00fcberpr\u00fcft. Mit der Matrix verbunden ist ein Punktesystem, welches das Projekt schlussendlich quantitativ bewertet. <\/p>\n\n\n\n<h3 class=\"wp-block-heading\">Interaktive Checkmatrix<\/h3>\n\n\n\n<iframe loading=\"lazy\" width=\"1200\" height=\"800\" frameborder=\"0\" scrolling=\"no\" src=\"https:\/\/onedrive.live.com\/embed?resid=F5D8617581EBE480%2128560&amp;authkey=%21AD_dcOlL4eQiojI&amp;em=2&amp;wdAllowInteractivity=False&amp;AllowTyping=True&amp;ActiveCell='Checkmatrix'!E4&amp;Item=Eingabe&amp;wdHideGridlines=True&amp;wdDownloadButton=True&amp;wdInConfigurator=True\"><\/iframe>\n","protected":false},"excerpt":{"rendered":"<p>Die Checkmatrix f\u00fcr die Quartiersebene gliedert sich in zwei Themenbl\u00f6cke: Prozess Inhalt \u00dcberpr\u00fcft werden k\u00f6nnen st\u00e4dtebauliche Projekte sowie Plandokumente, Konzepte und Bebauungspl\u00e4ne. Bewertet werden k\u00f6nnen abgeschlossene sowie laufende Projekte. Zudem soll die Matrix dazu dienen, k\u00fcnftige Projekte bereits im Planungsprozess auf ihre Gender-Vertr\u00e4glichkeit zu pr\u00fcfen. Hinweise zum Ausf\u00fcllen Die den &hellip;<\/p>\n","protected":false},"author":4,"featured_media":0,"parent":362,"menu_order":0,"comment_status":"closed","ping_status":"closed","template":"","meta":{"footnotes":""},"class_list":["post-438","page","type-page","status-publish","hentry"],"yoast_head":"<!-- This site is optimized with the Yoast SEO plugin v27.5 - https:\/\/yoast.com\/product\/yoast-seo-wordpress\/ -->\n<title>Checkmatrix Quartier - Gender Planning<\/title>\n<meta name=\"robots\" content=\"index, follow, max-snippet:-1, max-image-preview:large, max-video-preview:-1\" \/>\n<link rel=\"canonical\" href=\"https:\/\/gender-planning.lva.tuwien.ac.at\/index.php\/gender-planning-in-der-praxis-2021s\/ebene-quartier\/\" \/>\n<meta property=\"og:locale\" content=\"de_DE\" \/>\n<meta property=\"og:type\" content=\"article\" \/>\n<meta property=\"og:title\" content=\"Checkmatrix Quartier - Gender Planning\" \/>\n<meta property=\"og:description\" content=\"Die Checkmatrix f\u00fcr die Quartiersebene gliedert sich in zwei Themenbl\u00f6cke: Prozess Inhalt \u00dcberpr\u00fcft werden k\u00f6nnen st\u00e4dtebauliche Projekte sowie Plandokumente, Konzepte und Bebauungspl\u00e4ne. Bewertet werden k\u00f6nnen abgeschlossene sowie laufende Projekte. Zudem soll die Matrix dazu dienen, k\u00fcnftige Projekte bereits im Planungsprozess auf ihre Gender-Vertr\u00e4glichkeit zu pr\u00fcfen. Hinweise zum Ausf\u00fcllen Die den &hellip;\" \/>\n<meta property=\"og:url\" content=\"https:\/\/gender-planning.lva.tuwien.ac.at\/index.php\/gender-planning-in-der-praxis-2021s\/ebene-quartier\/\" \/>\n<meta property=\"og:site_name\" content=\"Gender Planning\" \/>\n<meta property=\"article:modified_time\" content=\"2021-10-08T11:41:31+00:00\" \/>\n<meta name=\"twitter:card\" content=\"summary_large_image\" \/>\n<meta name=\"twitter:label1\" content=\"Gesch\u00e4tzte Lesezeit\" \/>\n\t<meta name=\"twitter:data1\" content=\"1\u00a0Minute\" \/>\n<script type=\"application\/ld+json\" class=\"yoast-schema-graph\">{\"@context\":\"https:\\\/\\\/schema.org\",\"@graph\":[{\"@type\":\"WebPage\",\"@id\":\"https:\\\/\\\/gender-planning.lva.tuwien.ac.at\\\/index.php\\\/gender-planning-in-der-praxis-2021s\\\/ebene-quartier\\\/\",\"url\":\"https:\\\/\\\/gender-planning.lva.tuwien.ac.at\\\/index.php\\\/gender-planning-in-der-praxis-2021s\\\/ebene-quartier\\\/\",\"name\":\"Checkmatrix Quartier - Gender Planning\",\"isPartOf\":{\"@id\":\"https:\\\/\\\/gender-planning.lva.tuwien.ac.at\\\/#website\"},\"datePublished\":\"2021-09-29T14:05:47+00:00\",\"dateModified\":\"2021-10-08T11:41:31+00:00\",\"breadcrumb\":{\"@id\":\"https:\\\/\\\/gender-planning.lva.tuwien.ac.at\\\/index.php\\\/gender-planning-in-der-praxis-2021s\\\/ebene-quartier\\\/#breadcrumb\"},\"inLanguage\":\"de\",\"potentialAction\":[{\"@type\":\"ReadAction\",\"target\":[\"https:\\\/\\\/gender-planning.lva.tuwien.ac.at\\\/index.php\\\/gender-planning-in-der-praxis-2021s\\\/ebene-quartier\\\/\"]}]},{\"@type\":\"BreadcrumbList\",\"@id\":\"https:\\\/\\\/gender-planning.lva.tuwien.ac.at\\\/index.php\\\/gender-planning-in-der-praxis-2021s\\\/ebene-quartier\\\/#breadcrumb\",\"itemListElement\":[{\"@type\":\"ListItem\",\"position\":1,\"name\":\"Startseite\",\"item\":\"https:\\\/\\\/gender-planning.lva.tuwien.ac.at\\\/\"},{\"@type\":\"ListItem\",\"position\":2,\"name\":\"Gender Planning in der Praxis (2021S)\",\"item\":\"https:\\\/\\\/gender-planning.lva.tuwien.ac.at\\\/index.php\\\/gender-planning-in-der-praxis-2021s\\\/\"},{\"@type\":\"ListItem\",\"position\":3,\"name\":\"Checkmatrix Quartier\"}]},{\"@type\":\"WebSite\",\"@id\":\"https:\\\/\\\/gender-planning.lva.tuwien.ac.at\\\/#website\",\"url\":\"https:\\\/\\\/gender-planning.lva.tuwien.ac.at\\\/\",\"name\":\"Gender Planning\",\"description\":\"Gender Planning\",\"potentialAction\":[{\"@type\":\"SearchAction\",\"target\":{\"@type\":\"EntryPoint\",\"urlTemplate\":\"https:\\\/\\\/gender-planning.lva.tuwien.ac.at\\\/?s={search_term_string}\"},\"query-input\":{\"@type\":\"PropertyValueSpecification\",\"valueRequired\":true,\"valueName\":\"search_term_string\"}}],\"inLanguage\":\"de\"}]}<\/script>\n<!-- \/ Yoast SEO plugin. -->","yoast_head_json":{"title":"Checkmatrix Quartier - Gender Planning","robots":{"index":"index","follow":"follow","max-snippet":"max-snippet:-1","max-image-preview":"max-image-preview:large","max-video-preview":"max-video-preview:-1"},"canonical":"https:\/\/gender-planning.lva.tuwien.ac.at\/index.php\/gender-planning-in-der-praxis-2021s\/ebene-quartier\/","og_locale":"de_DE","og_type":"article","og_title":"Checkmatrix Quartier - Gender Planning","og_description":"Die Checkmatrix f\u00fcr die Quartiersebene gliedert sich in zwei Themenbl\u00f6cke: Prozess Inhalt \u00dcberpr\u00fcft werden k\u00f6nnen st\u00e4dtebauliche Projekte sowie Plandokumente, Konzepte und Bebauungspl\u00e4ne. Bewertet werden k\u00f6nnen abgeschlossene sowie laufende Projekte. Zudem soll die Matrix dazu dienen, k\u00fcnftige Projekte bereits im Planungsprozess auf ihre Gender-Vertr\u00e4glichkeit zu pr\u00fcfen. Hinweise zum Ausf\u00fcllen Die den &hellip;","og_url":"https:\/\/gender-planning.lva.tuwien.ac.at\/index.php\/gender-planning-in-der-praxis-2021s\/ebene-quartier\/","og_site_name":"Gender Planning","article_modified_time":"2021-10-08T11:41:31+00:00","twitter_card":"summary_large_image","twitter_misc":{"Gesch\u00e4tzte Lesezeit":"1\u00a0Minute"},"schema":{"@context":"https:\/\/schema.org","@graph":[{"@type":"WebPage","@id":"https:\/\/gender-planning.lva.tuwien.ac.at\/index.php\/gender-planning-in-der-praxis-2021s\/ebene-quartier\/","url":"https:\/\/gender-planning.lva.tuwien.ac.at\/index.php\/gender-planning-in-der-praxis-2021s\/ebene-quartier\/","name":"Checkmatrix Quartier - Gender Planning","isPartOf":{"@id":"https:\/\/gender-planning.lva.tuwien.ac.at\/#website"},"datePublished":"2021-09-29T14:05:47+00:00","dateModified":"2021-10-08T11:41:31+00:00","breadcrumb":{"@id":"https:\/\/gender-planning.lva.tuwien.ac.at\/index.php\/gender-planning-in-der-praxis-2021s\/ebene-quartier\/#breadcrumb"},"inLanguage":"de","potentialAction":[{"@type":"ReadAction","target":["https:\/\/gender-planning.lva.tuwien.ac.at\/index.php\/gender-planning-in-der-praxis-2021s\/ebene-quartier\/"]}]},{"@type":"BreadcrumbList","@id":"https:\/\/gender-planning.lva.tuwien.ac.at\/index.php\/gender-planning-in-der-praxis-2021s\/ebene-quartier\/#breadcrumb","itemListElement":[{"@type":"ListItem","position":1,"name":"Startseite","item":"https:\/\/gender-planning.lva.tuwien.ac.at\/"},{"@type":"ListItem","position":2,"name":"Gender Planning in der Praxis (2021S)","item":"https:\/\/gender-planning.lva.tuwien.ac.at\/index.php\/gender-planning-in-der-praxis-2021s\/"},{"@type":"ListItem","position":3,"name":"Checkmatrix Quartier"}]},{"@type":"WebSite","@id":"https:\/\/gender-planning.lva.tuwien.ac.at\/#website","url":"https:\/\/gender-planning.lva.tuwien.ac.at\/","name":"Gender Planning","description":"Gender Planning","potentialAction":[{"@type":"SearchAction","target":{"@type":"EntryPoint","urlTemplate":"https:\/\/gender-planning.lva.tuwien.ac.at\/?s={search_term_string}"},"query-input":{"@type":"PropertyValueSpecification","valueRequired":true,"valueName":"search_term_string"}}],"inLanguage":"de"}]}},"_links":{"self":[{"href":"https:\/\/gender-planning.lva.tuwien.ac.at\/index.php\/wp-json\/wp\/v2\/pages\/438","targetHints":{"allow":["GET"]}}],"collection":[{"href":"https:\/\/gender-planning.lva.tuwien.ac.at\/index.php\/wp-json\/wp\/v2\/pages"}],"about":[{"href":"https:\/\/gender-planning.lva.tuwien.ac.at\/index.php\/wp-json\/wp\/v2\/types\/page"}],"author":[{"embeddable":true,"href":"https:\/\/gender-planning.lva.tuwien.ac.at\/index.php\/wp-json\/wp\/v2\/users\/4"}],"replies":[{"embeddable":true,"href":"https:\/\/gender-planning.lva.tuwien.ac.at\/index.php\/wp-json\/wp\/v2\/comments?post=438"}],"version-history":[{"count":6,"href":"https:\/\/gender-planning.lva.tuwien.ac.at\/index.php\/wp-json\/wp\/v2\/pages\/438\/revisions"}],"predecessor-version":[{"id":497,"href":"https:\/\/gender-planning.lva.tuwien.ac.at\/index.php\/wp-json\/wp\/v2\/pages\/438\/revisions\/497"}],"up":[{"embeddable":true,"href":"https:\/\/gender-planning.lva.tuwien.ac.at\/index.php\/wp-json\/wp\/v2\/pages\/362"}],"wp:attachment":[{"href":"https:\/\/gender-planning.lva.tuwien.ac.at\/index.php\/wp-json\/wp\/v2\/media?parent=438"}],"curies":[{"name":"wp","href":"https:\/\/api.w.org\/{rel}","templated":true}]}}