{"id":362,"date":"2021-09-14T10:33:37","date_gmt":"2021-09-14T08:33:37","guid":{"rendered":"https:\/\/gender-planning.lva.tuwien.ac.at\/?page_id=362"},"modified":"2021-11-03T18:28:49","modified_gmt":"2021-11-03T16:28:49","slug":"gender-planning-in-der-praxis-2021s","status":"publish","type":"page","link":"https:\/\/gender-planning.lva.tuwien.ac.at\/index.php\/gender-planning-in-der-praxis-2021s\/","title":{"rendered":"Gender Planning in der Praxis (2021S)"},"content":{"rendered":"\n<p>Ziel der Lehrveranstaltung war es, Pr\u00fcfschemata f\u00fcr die Bewertung der Gendersensibilit\u00e4t von Planungsprojekten zu entwickeln und mittels der erarbeiteten Checkmatrizen konkrete Fallbeispiele zu untersuchen. Den Rahmen und die inhaltliche Basis f\u00fcr die Entwicklung der Checkmatrizen bildeten eine umfangreiche Literaturrecherche zu bestehenden Ans\u00e4tzen im Gender Planning, Gastvortr\u00e4ge sowie mehrere Gespr\u00e4che mit Expert*innen.&nbsp;Die Arbeitsteams waren interdisziplin\u00e4r aus Studierenden der Architektur und der Raumplanung zusammengesetzt. <\/p>\n\n\n\n<h5 class=\"wp-block-heading\"><br>Lehrendenteam<\/h5>\n\n\n\n<p>Petra Hirschler  |  Sabina Ri\u00df  |  Karin Kienast (Tutorin)<\/p>\n\n\n\n<h5 class=\"wp-block-heading\"><meta charset=\"utf-8\"><br>Studierende<\/h5>\n\n\n\n<p>Salwa Ahmed<meta charset=\"utf-8\">  |  Nora Artner<meta charset=\"utf-8\">  |  Kyra Chankin Damaschke<meta charset=\"utf-8\">  |  Tanja Dihanich<meta charset=\"utf-8\">  |  Laura Gebhard<meta charset=\"utf-8\">  |  Leonie Gl\u00fcck<meta charset=\"utf-8\">  |  Johanna Grote<meta charset=\"utf-8\">  |  Katrina Herre<meta charset=\"utf-8\">  |  Sara Hofmann<meta charset=\"utf-8\">  |  Pia Paulina Houben<meta charset=\"utf-8\">  |  Fynn Sebastian Kleine-Moellhoff<meta charset=\"utf-8\">  |  Kilian Koppensteiner<meta charset=\"utf-8\">  |  Kathrin Langhans<meta charset=\"utf-8\">  |  Bernhard Meinhart<meta charset=\"utf-8\">  |  Sarah Milian<meta charset=\"utf-8\">  |  Amelie Lucia M\u00fcller<meta charset=\"utf-8\">  |  Emma Neuner<meta charset=\"utf-8\">  |  Marie Pointner<meta charset=\"utf-8\">  |  Jasper Josef Reidt<meta charset=\"utf-8\">  |  Christoph Rettenegger<meta charset=\"utf-8\">  |  Philipp Rosenbrock<meta charset=\"utf-8\">  |  Marie-Kathrin Rubenz<meta charset=\"utf-8\">  |  Laura Sandner<meta charset=\"utf-8\">  |  Hanna Sippl<meta charset=\"utf-8\">  |  Maria Stepan<meta charset=\"utf-8\">  |  Eileen Stephan<meta charset=\"utf-8\">  |  Sophia Veltman<meta charset=\"utf-8\">  |  Jonathan Voborsky<meta charset=\"utf-8\">  |  Jasmin Zdovc<br><br><\/p>\n\n\n\n<h2 class=\"wp-block-heading\">Ablauf<br><br><\/h2>\n\n\n\n<div class=\"alignnormal\"><div id=\"metaslider-id-387\" style=\"max-width: 1000px;\" class=\"ml-slider-3-108-0 metaslider metaslider-flex metaslider-387 ml-slider has-dots-nav ms-theme-default\" role=\"region\" aria-label=\"Neue Slideshow\" data-height=\"450\" data-width=\"1000\">\n    <div id=\"metaslider_container_387\">\n        <div id=\"metaslider_387\">\n            <ul class='slides'>\n                <li style=\"display: block; width: 100%;\" class=\"slide-395 ms-image \" aria-roledescription=\"slide\" data-date=\"2021-09-15 14:00:27\" data-filename=\"Ablauf_1_2-1-1000x450.png\" data-slide-type=\"image\"><img loading=\"lazy\" decoding=\"async\" src=\"https:\/\/gender-planning.lva.tuwien.ac.at\/wp-content\/uploads\/2021\/09\/Ablauf_1_2-1-1000x450.png\" height=\"450\" width=\"1000\" alt=\"\" class=\"slider-387 slide-395 msDefaultImage\" title=\"Ablauf_1_2\" \/><\/li>\n                <li style=\"display: none; width: 100%;\" class=\"slide-396 ms-image \" aria-roledescription=\"slide\" data-date=\"2021-09-15 14:00:27\" data-filename=\"Ablauf_3_4-1-1000x450.png\" data-slide-type=\"image\"><img loading=\"lazy\" decoding=\"async\" src=\"https:\/\/gender-planning.lva.tuwien.ac.at\/wp-content\/uploads\/2021\/09\/Ablauf_3_4-1-1000x450.png\" height=\"450\" width=\"1000\" alt=\"\" class=\"slider-387 slide-396 msDefaultImage\" title=\"Ablauf_3_4\" \/><\/li>\n            <\/ul>\n        <\/div>\n        \n    <\/div>\n<\/div><\/div>\n\n\n\n<h2 class=\"wp-block-heading\">Untersuchungsebenen<\/h2>\n\n\n\n<p>Unsere Checkmatrizen befassen sich mit f\u00fcnf unterschiedlichen Untersuchungsebenen:<\/p>\n\n\n\n<figure class=\"wp-block-gallery columns-1 wp-block-gallery-1 is-layout-flex wp-block-gallery-is-layout-flex\"><ul class=\"blocks-gallery-grid\"><li class=\"blocks-gallery-item\"><figure><img loading=\"lazy\" decoding=\"async\" width=\"300\" height=\"66\" src=\"https:\/\/gender-planning.lva.tuwien.ac.at\/wp-content\/uploads\/2021\/09\/Praxis_BL-01-300x66.png\" alt=\"\" data-id=\"421\" data-full-url=\"https:\/\/gender-planning.lva.tuwien.ac.at\/wp-content\/uploads\/2021\/09\/Praxis_BL-01.png\" data-link=\"https:\/\/gender-planning.lva.tuwien.ac.at\/praxis_bl-01\/\" class=\"wp-image-421\" srcset=\"https:\/\/gender-planning.lva.tuwien.ac.at\/wp-content\/uploads\/2021\/09\/Praxis_BL-01-300x66.png 300w, https:\/\/gender-planning.lva.tuwien.ac.at\/wp-content\/uploads\/2021\/09\/Praxis_BL-01-1024x224.png 1024w, https:\/\/gender-planning.lva.tuwien.ac.at\/wp-content\/uploads\/2021\/09\/Praxis_BL-01-768x168.png 768w, https:\/\/gender-planning.lva.tuwien.ac.at\/wp-content\/uploads\/2021\/09\/Praxis_BL-01-1536x335.png 1536w, https:\/\/gender-planning.lva.tuwien.ac.at\/wp-content\/uploads\/2021\/09\/Praxis_BL-01-2048x447.png 2048w, https:\/\/gender-planning.lva.tuwien.ac.at\/wp-content\/uploads\/2021\/09\/Praxis_BL-01-449x98.png 449w\" sizes=\"auto, (max-width: 300px) 100vw, 300px\" \/><\/figure><\/li><li class=\"blocks-gallery-item\"><figure><img loading=\"lazy\" decoding=\"async\" width=\"300\" height=\"65\" src=\"https:\/\/gender-planning.lva.tuwien.ac.at\/wp-content\/uploads\/2021\/09\/Praxis_Region-01-300x65.png\" alt=\"\" data-id=\"425\" data-full-url=\"https:\/\/gender-planning.lva.tuwien.ac.at\/wp-content\/uploads\/2021\/09\/Praxis_Region-01.png\" data-link=\"https:\/\/gender-planning.lva.tuwien.ac.at\/praxis_region-01\/\" class=\"wp-image-425\" srcset=\"https:\/\/gender-planning.lva.tuwien.ac.at\/wp-content\/uploads\/2021\/09\/Praxis_Region-01-300x65.png 300w, https:\/\/gender-planning.lva.tuwien.ac.at\/wp-content\/uploads\/2021\/09\/Praxis_Region-01-1024x223.png 1024w, https:\/\/gender-planning.lva.tuwien.ac.at\/wp-content\/uploads\/2021\/09\/Praxis_Region-01-768x168.png 768w, https:\/\/gender-planning.lva.tuwien.ac.at\/wp-content\/uploads\/2021\/09\/Praxis_Region-01-1536x335.png 1536w, https:\/\/gender-planning.lva.tuwien.ac.at\/wp-content\/uploads\/2021\/09\/Praxis_Region-01-2048x447.png 2048w, https:\/\/gender-planning.lva.tuwien.ac.at\/wp-content\/uploads\/2021\/09\/Praxis_Region-01-449x98.png 449w\" sizes=\"auto, (max-width: 300px) 100vw, 300px\" \/><\/figure><\/li><li class=\"blocks-gallery-item\"><figure><img loading=\"lazy\" decoding=\"async\" width=\"300\" height=\"66\" src=\"https:\/\/gender-planning.lva.tuwien.ac.at\/wp-content\/uploads\/2021\/09\/Praxis_Gem-01-300x66.png\" alt=\"\" data-id=\"423\" data-full-url=\"https:\/\/gender-planning.lva.tuwien.ac.at\/wp-content\/uploads\/2021\/09\/Praxis_Gem-01.png\" data-link=\"https:\/\/gender-planning.lva.tuwien.ac.at\/praxis_gem-01\/\" class=\"wp-image-423\" srcset=\"https:\/\/gender-planning.lva.tuwien.ac.at\/wp-content\/uploads\/2021\/09\/Praxis_Gem-01-300x66.png 300w, https:\/\/gender-planning.lva.tuwien.ac.at\/wp-content\/uploads\/2021\/09\/Praxis_Gem-01-1024x224.png 1024w, https:\/\/gender-planning.lva.tuwien.ac.at\/wp-content\/uploads\/2021\/09\/Praxis_Gem-01-768x168.png 768w, https:\/\/gender-planning.lva.tuwien.ac.at\/wp-content\/uploads\/2021\/09\/Praxis_Gem-01-1536x335.png 1536w, https:\/\/gender-planning.lva.tuwien.ac.at\/wp-content\/uploads\/2021\/09\/Praxis_Gem-01-2048x447.png 2048w, https:\/\/gender-planning.lva.tuwien.ac.at\/wp-content\/uploads\/2021\/09\/Praxis_Gem-01-449x98.png 449w\" sizes=\"auto, (max-width: 300px) 100vw, 300px\" \/><\/figure><\/li><li class=\"blocks-gallery-item\"><figure><img loading=\"lazy\" decoding=\"async\" width=\"300\" height=\"65\" src=\"https:\/\/gender-planning.lva.tuwien.ac.at\/wp-content\/uploads\/2021\/09\/Praxis_Quart-01-300x65.png\" alt=\"\" data-id=\"424\" data-full-url=\"https:\/\/gender-planning.lva.tuwien.ac.at\/wp-content\/uploads\/2021\/09\/Praxis_Quart-01.png\" data-link=\"https:\/\/gender-planning.lva.tuwien.ac.at\/praxis_quart-01\/\" class=\"wp-image-424\" srcset=\"https:\/\/gender-planning.lva.tuwien.ac.at\/wp-content\/uploads\/2021\/09\/Praxis_Quart-01-300x65.png 300w, https:\/\/gender-planning.lva.tuwien.ac.at\/wp-content\/uploads\/2021\/09\/Praxis_Quart-01-1024x223.png 1024w, https:\/\/gender-planning.lva.tuwien.ac.at\/wp-content\/uploads\/2021\/09\/Praxis_Quart-01-768x168.png 768w, https:\/\/gender-planning.lva.tuwien.ac.at\/wp-content\/uploads\/2021\/09\/Praxis_Quart-01-1536x335.png 1536w, https:\/\/gender-planning.lva.tuwien.ac.at\/wp-content\/uploads\/2021\/09\/Praxis_Quart-01-2048x447.png 2048w, https:\/\/gender-planning.lva.tuwien.ac.at\/wp-content\/uploads\/2021\/09\/Praxis_Quart-01-449x98.png 449w\" sizes=\"auto, (max-width: 300px) 100vw, 300px\" \/><\/figure><\/li><li class=\"blocks-gallery-item\"><figure><img loading=\"lazy\" decoding=\"async\" width=\"300\" height=\"66\" src=\"https:\/\/gender-planning.lva.tuwien.ac.at\/wp-content\/uploads\/2021\/09\/Praxis_Geb-01-300x66.png\" alt=\"\" data-id=\"422\" data-full-url=\"https:\/\/gender-planning.lva.tuwien.ac.at\/wp-content\/uploads\/2021\/09\/Praxis_Geb-01.png\" data-link=\"https:\/\/gender-planning.lva.tuwien.ac.at\/praxis_geb-01\/\" class=\"wp-image-422\" srcset=\"https:\/\/gender-planning.lva.tuwien.ac.at\/wp-content\/uploads\/2021\/09\/Praxis_Geb-01-300x66.png 300w, https:\/\/gender-planning.lva.tuwien.ac.at\/wp-content\/uploads\/2021\/09\/Praxis_Geb-01-1024x224.png 1024w, https:\/\/gender-planning.lva.tuwien.ac.at\/wp-content\/uploads\/2021\/09\/Praxis_Geb-01-768x168.png 768w, https:\/\/gender-planning.lva.tuwien.ac.at\/wp-content\/uploads\/2021\/09\/Praxis_Geb-01-1536x335.png 1536w, https:\/\/gender-planning.lva.tuwien.ac.at\/wp-content\/uploads\/2021\/09\/Praxis_Geb-01-2048x447.png 2048w, https:\/\/gender-planning.lva.tuwien.ac.at\/wp-content\/uploads\/2021\/09\/Praxis_Geb-01-449x98.png 449w\" sizes=\"auto, (max-width: 300px) 100vw, 300px\" \/><\/figure><\/li><\/ul><\/figure>\n\n\n\n<h2 class=\"wp-block-heading\">Ergebnisse<\/h2>\n\n\n\n<p>Die erstellten Checkmatrizen wurden durch die Studierenden auf selbst ausgew\u00e4hlte Projekte angewandt. Im letzten Schritt erfolgte eine Umplanung nach Kriterien der Gendergerechtigkeit.<\/p>\n\n\n\n<div class=\"wp-block-buttons is-layout-flex wp-block-buttons-is-layout-flex\">\n<div class=\"wp-block-button\"><a class=\"wp-block-button__link\" href=\"https:\/\/gender-planning.lva.tuwien.ac.at\/index.php\/ausgewaehlte-studierendenprojekte\/\">Ausgew\u00e4hlte Studierendenarbeiten<\/a><\/div>\n<\/div>\n","protected":false},"excerpt":{"rendered":"<p>Ziel der Lehrveranstaltung war es, Pr\u00fcfschemata f\u00fcr die Bewertung der Gendersensibilit\u00e4t von Planungsprojekten zu entwickeln und mittels der erarbeiteten Checkmatrizen konkrete Fallbeispiele zu untersuchen. Den Rahmen und die inhaltliche Basis f\u00fcr die Entwicklung der Checkmatrizen bildeten eine umfangreiche Literaturrecherche zu bestehenden Ans\u00e4tzen im Gender Planning, Gastvortr\u00e4ge sowie mehrere Gespr\u00e4che mit &hellip;<\/p>\n","protected":false},"author":4,"featured_media":0,"parent":0,"menu_order":0,"comment_status":"closed","ping_status":"closed","template":"","meta":{"footnotes":""},"class_list":["post-362","page","type-page","status-publish","hentry"],"yoast_head":"<!-- This site is optimized with the Yoast SEO plugin v27.4 - https:\/\/yoast.com\/product\/yoast-seo-wordpress\/ -->\n<title>Gender Planning in der Praxis (2021S) - Gender Planning<\/title>\n<meta name=\"robots\" content=\"index, follow, max-snippet:-1, max-image-preview:large, max-video-preview:-1\" \/>\n<link rel=\"canonical\" href=\"https:\/\/gender-planning.lva.tuwien.ac.at\/index.php\/gender-planning-in-der-praxis-2021s\/\" \/>\n<meta property=\"og:locale\" content=\"de_DE\" \/>\n<meta property=\"og:type\" content=\"article\" \/>\n<meta property=\"og:title\" content=\"Gender Planning in der Praxis (2021S) - Gender Planning\" \/>\n<meta property=\"og:description\" content=\"Ziel der Lehrveranstaltung war es, Pr\u00fcfschemata f\u00fcr die Bewertung der Gendersensibilit\u00e4t von Planungsprojekten zu entwickeln und mittels der erarbeiteten Checkmatrizen konkrete Fallbeispiele zu untersuchen. Den Rahmen und die inhaltliche Basis f\u00fcr die Entwicklung der Checkmatrizen bildeten eine umfangreiche Literaturrecherche zu bestehenden Ans\u00e4tzen im Gender Planning, Gastvortr\u00e4ge sowie mehrere Gespr\u00e4che mit &hellip;\" \/>\n<meta property=\"og:url\" content=\"https:\/\/gender-planning.lva.tuwien.ac.at\/index.php\/gender-planning-in-der-praxis-2021s\/\" \/>\n<meta property=\"og:site_name\" content=\"Gender Planning\" \/>\n<meta property=\"article:modified_time\" content=\"2021-11-03T16:28:49+00:00\" \/>\n<meta property=\"og:image\" content=\"https:\/\/gender-planning.lva.tuwien.ac.at\/wp-content\/uploads\/2021\/09\/Praxis_BL-01-300x66.png\" \/>\n<meta name=\"twitter:card\" content=\"summary_large_image\" \/>\n<meta name=\"twitter:label1\" content=\"Gesch\u00e4tzte Lesezeit\" \/>\n\t<meta name=\"twitter:data1\" content=\"2\u00a0Minuten\" \/>\n<script type=\"application\/ld+json\" class=\"yoast-schema-graph\">{\"@context\":\"https:\\\/\\\/schema.org\",\"@graph\":[{\"@type\":\"WebPage\",\"@id\":\"https:\\\/\\\/gender-planning.lva.tuwien.ac.at\\\/index.php\\\/gender-planning-in-der-praxis-2021s\\\/\",\"url\":\"https:\\\/\\\/gender-planning.lva.tuwien.ac.at\\\/index.php\\\/gender-planning-in-der-praxis-2021s\\\/\",\"name\":\"Gender Planning in der Praxis (2021S) - Gender Planning\",\"isPartOf\":{\"@id\":\"https:\\\/\\\/gender-planning.lva.tuwien.ac.at\\\/#website\"},\"primaryImageOfPage\":{\"@id\":\"https:\\\/\\\/gender-planning.lva.tuwien.ac.at\\\/index.php\\\/gender-planning-in-der-praxis-2021s\\\/#primaryimage\"},\"image\":{\"@id\":\"https:\\\/\\\/gender-planning.lva.tuwien.ac.at\\\/index.php\\\/gender-planning-in-der-praxis-2021s\\\/#primaryimage\"},\"thumbnailUrl\":\"https:\\\/\\\/gender-planning.lva.tuwien.ac.at\\\/wp-content\\\/uploads\\\/2021\\\/09\\\/Praxis_BL-01-300x66.png\",\"datePublished\":\"2021-09-14T08:33:37+00:00\",\"dateModified\":\"2021-11-03T16:28:49+00:00\",\"breadcrumb\":{\"@id\":\"https:\\\/\\\/gender-planning.lva.tuwien.ac.at\\\/index.php\\\/gender-planning-in-der-praxis-2021s\\\/#breadcrumb\"},\"inLanguage\":\"de\",\"potentialAction\":[{\"@type\":\"ReadAction\",\"target\":[\"https:\\\/\\\/gender-planning.lva.tuwien.ac.at\\\/index.php\\\/gender-planning-in-der-praxis-2021s\\\/\"]}]},{\"@type\":\"ImageObject\",\"inLanguage\":\"de\",\"@id\":\"https:\\\/\\\/gender-planning.lva.tuwien.ac.at\\\/index.php\\\/gender-planning-in-der-praxis-2021s\\\/#primaryimage\",\"url\":\"https:\\\/\\\/gender-planning.lva.tuwien.ac.at\\\/wp-content\\\/uploads\\\/2021\\\/09\\\/Praxis_BL-01.png\",\"contentUrl\":\"https:\\\/\\\/gender-planning.lva.tuwien.ac.at\\\/wp-content\\\/uploads\\\/2021\\\/09\\\/Praxis_BL-01.png\",\"width\":3956,\"height\":864},{\"@type\":\"BreadcrumbList\",\"@id\":\"https:\\\/\\\/gender-planning.lva.tuwien.ac.at\\\/index.php\\\/gender-planning-in-der-praxis-2021s\\\/#breadcrumb\",\"itemListElement\":[{\"@type\":\"ListItem\",\"position\":1,\"name\":\"Startseite\",\"item\":\"https:\\\/\\\/gender-planning.lva.tuwien.ac.at\\\/\"},{\"@type\":\"ListItem\",\"position\":2,\"name\":\"Gender Planning in der Praxis (2021S)\"}]},{\"@type\":\"WebSite\",\"@id\":\"https:\\\/\\\/gender-planning.lva.tuwien.ac.at\\\/#website\",\"url\":\"https:\\\/\\\/gender-planning.lva.tuwien.ac.at\\\/\",\"name\":\"Gender Planning\",\"description\":\"Gender Planning\",\"potentialAction\":[{\"@type\":\"SearchAction\",\"target\":{\"@type\":\"EntryPoint\",\"urlTemplate\":\"https:\\\/\\\/gender-planning.lva.tuwien.ac.at\\\/?s={search_term_string}\"},\"query-input\":{\"@type\":\"PropertyValueSpecification\",\"valueRequired\":true,\"valueName\":\"search_term_string\"}}],\"inLanguage\":\"de\"}]}<\/script>\n<!-- \/ Yoast SEO plugin. -->","yoast_head_json":{"title":"Gender Planning in der Praxis (2021S) - Gender Planning","robots":{"index":"index","follow":"follow","max-snippet":"max-snippet:-1","max-image-preview":"max-image-preview:large","max-video-preview":"max-video-preview:-1"},"canonical":"https:\/\/gender-planning.lva.tuwien.ac.at\/index.php\/gender-planning-in-der-praxis-2021s\/","og_locale":"de_DE","og_type":"article","og_title":"Gender Planning in der Praxis (2021S) - Gender Planning","og_description":"Ziel der Lehrveranstaltung war es, Pr\u00fcfschemata f\u00fcr die Bewertung der Gendersensibilit\u00e4t von Planungsprojekten zu entwickeln und mittels der erarbeiteten Checkmatrizen konkrete Fallbeispiele zu untersuchen. Den Rahmen und die inhaltliche Basis f\u00fcr die Entwicklung der Checkmatrizen bildeten eine umfangreiche Literaturrecherche zu bestehenden Ans\u00e4tzen im Gender Planning, Gastvortr\u00e4ge sowie mehrere Gespr\u00e4che mit &hellip;","og_url":"https:\/\/gender-planning.lva.tuwien.ac.at\/index.php\/gender-planning-in-der-praxis-2021s\/","og_site_name":"Gender Planning","article_modified_time":"2021-11-03T16:28:49+00:00","og_image":[{"url":"https:\/\/gender-planning.lva.tuwien.ac.at\/wp-content\/uploads\/2021\/09\/Praxis_BL-01-300x66.png","type":"","width":"","height":""}],"twitter_card":"summary_large_image","twitter_misc":{"Gesch\u00e4tzte Lesezeit":"2\u00a0Minuten"},"schema":{"@context":"https:\/\/schema.org","@graph":[{"@type":"WebPage","@id":"https:\/\/gender-planning.lva.tuwien.ac.at\/index.php\/gender-planning-in-der-praxis-2021s\/","url":"https:\/\/gender-planning.lva.tuwien.ac.at\/index.php\/gender-planning-in-der-praxis-2021s\/","name":"Gender Planning in der Praxis (2021S) - Gender Planning","isPartOf":{"@id":"https:\/\/gender-planning.lva.tuwien.ac.at\/#website"},"primaryImageOfPage":{"@id":"https:\/\/gender-planning.lva.tuwien.ac.at\/index.php\/gender-planning-in-der-praxis-2021s\/#primaryimage"},"image":{"@id":"https:\/\/gender-planning.lva.tuwien.ac.at\/index.php\/gender-planning-in-der-praxis-2021s\/#primaryimage"},"thumbnailUrl":"https:\/\/gender-planning.lva.tuwien.ac.at\/wp-content\/uploads\/2021\/09\/Praxis_BL-01-300x66.png","datePublished":"2021-09-14T08:33:37+00:00","dateModified":"2021-11-03T16:28:49+00:00","breadcrumb":{"@id":"https:\/\/gender-planning.lva.tuwien.ac.at\/index.php\/gender-planning-in-der-praxis-2021s\/#breadcrumb"},"inLanguage":"de","potentialAction":[{"@type":"ReadAction","target":["https:\/\/gender-planning.lva.tuwien.ac.at\/index.php\/gender-planning-in-der-praxis-2021s\/"]}]},{"@type":"ImageObject","inLanguage":"de","@id":"https:\/\/gender-planning.lva.tuwien.ac.at\/index.php\/gender-planning-in-der-praxis-2021s\/#primaryimage","url":"https:\/\/gender-planning.lva.tuwien.ac.at\/wp-content\/uploads\/2021\/09\/Praxis_BL-01.png","contentUrl":"https:\/\/gender-planning.lva.tuwien.ac.at\/wp-content\/uploads\/2021\/09\/Praxis_BL-01.png","width":3956,"height":864},{"@type":"BreadcrumbList","@id":"https:\/\/gender-planning.lva.tuwien.ac.at\/index.php\/gender-planning-in-der-praxis-2021s\/#breadcrumb","itemListElement":[{"@type":"ListItem","position":1,"name":"Startseite","item":"https:\/\/gender-planning.lva.tuwien.ac.at\/"},{"@type":"ListItem","position":2,"name":"Gender Planning in der Praxis (2021S)"}]},{"@type":"WebSite","@id":"https:\/\/gender-planning.lva.tuwien.ac.at\/#website","url":"https:\/\/gender-planning.lva.tuwien.ac.at\/","name":"Gender Planning","description":"Gender Planning","potentialAction":[{"@type":"SearchAction","target":{"@type":"EntryPoint","urlTemplate":"https:\/\/gender-planning.lva.tuwien.ac.at\/?s={search_term_string}"},"query-input":{"@type":"PropertyValueSpecification","valueRequired":true,"valueName":"search_term_string"}}],"inLanguage":"de"}]}},"_links":{"self":[{"href":"https:\/\/gender-planning.lva.tuwien.ac.at\/index.php\/wp-json\/wp\/v2\/pages\/362","targetHints":{"allow":["GET"]}}],"collection":[{"href":"https:\/\/gender-planning.lva.tuwien.ac.at\/index.php\/wp-json\/wp\/v2\/pages"}],"about":[{"href":"https:\/\/gender-planning.lva.tuwien.ac.at\/index.php\/wp-json\/wp\/v2\/types\/page"}],"author":[{"embeddable":true,"href":"https:\/\/gender-planning.lva.tuwien.ac.at\/index.php\/wp-json\/wp\/v2\/users\/4"}],"replies":[{"embeddable":true,"href":"https:\/\/gender-planning.lva.tuwien.ac.at\/index.php\/wp-json\/wp\/v2\/comments?post=362"}],"version-history":[{"count":26,"href":"https:\/\/gender-planning.lva.tuwien.ac.at\/index.php\/wp-json\/wp\/v2\/pages\/362\/revisions"}],"predecessor-version":[{"id":674,"href":"https:\/\/gender-planning.lva.tuwien.ac.at\/index.php\/wp-json\/wp\/v2\/pages\/362\/revisions\/674"}],"wp:attachment":[{"href":"https:\/\/gender-planning.lva.tuwien.ac.at\/index.php\/wp-json\/wp\/v2\/media?parent=362"}],"curies":[{"name":"wp","href":"https:\/\/api.w.org\/{rel}","templated":true}]}}