{"id":322,"date":"2021-09-10T11:53:09","date_gmt":"2021-09-10T09:53:09","guid":{"rendered":"https:\/\/gender-planning.lva.tuwien.ac.at\/?page_id=322"},"modified":"2021-09-10T12:30:30","modified_gmt":"2021-09-10T10:30:30","slug":"was-ist-gender-planning","status":"publish","type":"page","link":"https:\/\/gender-planning.lva.tuwien.ac.at\/index.php\/was-ist-gender-planning\/","title":{"rendered":"Was ist Gender Planning?"},"content":{"rendered":"\n<p>Gender Planning ist die Ber\u00fccksichtigung der unterschiedlichen Anforderungen diverser Nutzer*innengruppen des geplanten Raumes auf s\u00e4mtlichen Planungsebenen. Das beinhaltet sowohl die Prozessgestaltung als auch die geplanten Ma\u00dfnahmen. Es handelt sich also um ein strategisches Vorgehen in der Gestaltung von Planung, in dem auf unterschiedliche Bed\u00fcrfnisse eingegangen wird. \u00dcber Gender Planning steht der Begriff Gender Mainstreaming als strategischer Ansatz f\u00fcr Geschlechterpolitik. Ziel von Gender Mainstreaming ist es, durch das Offenlegen bestehender Lebenssituationen und durch die explizite Darlegung von Missst\u00e4nden die Geschlechtergerechtigkeit in allen Bereichen zu f\u00f6rdern. Die Implementierung von Gender Mainstreaming als Querschnittsmaterie in den Vereinten Nationen und Europa um die Jahrtausendwende war ma\u00dfgeblich an der Entstehung von Gender Planning beteiligt. In den letzten 20 Jahren hat der Begriff teilweise auch auf kleineren Ma\u00dfstabsebenen Einzug gehalten.<\/p>\n\n\n\n<blockquote class=\"wp-block-quote is-layout-flow wp-block-quote-is-layout-flow\"><p>\u201eGender Mainstreaming besteht in der (Re-) Organisation, Verbesserung, Entwicklung und Evaluation der Entscheidungsprozesse, mit dem Ziel, dass die an politischer Gestaltung beteiligten AkteurInnen [sic!] den Blickwinkel der Gleichstellung zwischen Frauen und M\u00e4nnern in allen Bereichen und auf allen Ebenen einnehmen.\u201c&nbsp;<\/p><cite>Council of Europe 1998<\/cite><\/blockquote>\n\n\n\n<p>Der Begriff Gender Mainstreaming ist seit den 90er-Jahren Bestandteil der \u00f6sterreichischen Planungskultur. W\u00e4hrend Geschlechterpolitik in den Jahre davor, wenn \u00fcberhaupt, nur implizit umgesetzt wurde, gab ihr Gender Mainstreaming einen Namen und machte die Strategien sichtbarer. Das gr\u00f6\u00dfte Missverst\u00e4ndnis, das im Bezug auf Gender Mainstreaming besteht, ist, dass es sich um Strategien und Ma\u00dfnahmen f\u00fcr Frauen handle. Gender Mainstreaming bedeutet vielmehr, dass der Raum f\u00fcr alle Nutzer*innen gleicherma\u00dfen sicher und nutzer*innenfreundlich ist. Das bedeutet, dass Raum, der f\u00fcr Frauen*, Kinder oder Hochbetagte gestaltet wird, ebenso sicher f\u00fcr alle anderen ist.<br><br><\/p>\n\n\n\n<figure class=\"wp-block-image size-large\"><img loading=\"lazy\" decoding=\"async\" width=\"1024\" height=\"311\" src=\"https:\/\/gender-planning.lva.tuwien.ac.at\/wp-content\/uploads\/2021\/09\/Gender-Mainstreaming-Grafik-1024x311.png\" alt=\"\" class=\"wp-image-339\" srcset=\"https:\/\/gender-planning.lva.tuwien.ac.at\/wp-content\/uploads\/2021\/09\/Gender-Mainstreaming-Grafik-1024x311.png 1024w, https:\/\/gender-planning.lva.tuwien.ac.at\/wp-content\/uploads\/2021\/09\/Gender-Mainstreaming-Grafik-300x91.png 300w, https:\/\/gender-planning.lva.tuwien.ac.at\/wp-content\/uploads\/2021\/09\/Gender-Mainstreaming-Grafik-768x233.png 768w, https:\/\/gender-planning.lva.tuwien.ac.at\/wp-content\/uploads\/2021\/09\/Gender-Mainstreaming-Grafik-1536x467.png 1536w, https:\/\/gender-planning.lva.tuwien.ac.at\/wp-content\/uploads\/2021\/09\/Gender-Mainstreaming-Grafik-2048x623.png 2048w, https:\/\/gender-planning.lva.tuwien.ac.at\/wp-content\/uploads\/2021\/09\/Gender-Mainstreaming-Grafik-449x137.png 449w\" sizes=\"auto, (max-width: 1024px) 100vw, 1024px\" \/><\/figure>\n","protected":false},"excerpt":{"rendered":"<p>Gender Planning ist die Ber\u00fccksichtigung der unterschiedlichen Anforderungen diverser Nutzer*innengruppen des geplanten Raumes auf s\u00e4mtlichen Planungsebenen. Das beinhaltet sowohl die Prozessgestaltung als auch die geplanten Ma\u00dfnahmen. Es handelt sich also um ein strategisches Vorgehen in der Gestaltung von Planung, in dem auf unterschiedliche Bed\u00fcrfnisse eingegangen wird. \u00dcber Gender Planning steht &hellip;<\/p>\n","protected":false},"author":4,"featured_media":0,"parent":0,"menu_order":0,"comment_status":"closed","ping_status":"closed","template":"","meta":{"footnotes":""},"class_list":["post-322","page","type-page","status-publish","hentry"],"yoast_head":"<!-- This site is optimized with the Yoast SEO plugin v27.4 - https:\/\/yoast.com\/product\/yoast-seo-wordpress\/ -->\n<title>Was ist Gender Planning? - Gender Planning<\/title>\n<meta name=\"robots\" content=\"index, follow, max-snippet:-1, max-image-preview:large, max-video-preview:-1\" \/>\n<link rel=\"canonical\" href=\"https:\/\/gender-planning.lva.tuwien.ac.at\/index.php\/was-ist-gender-planning\/\" \/>\n<meta property=\"og:locale\" content=\"de_DE\" \/>\n<meta property=\"og:type\" content=\"article\" \/>\n<meta property=\"og:title\" content=\"Was ist Gender Planning? - Gender Planning\" \/>\n<meta property=\"og:description\" content=\"Gender Planning ist die Ber\u00fccksichtigung der unterschiedlichen Anforderungen diverser Nutzer*innengruppen des geplanten Raumes auf s\u00e4mtlichen Planungsebenen. Das beinhaltet sowohl die Prozessgestaltung als auch die geplanten Ma\u00dfnahmen. Es handelt sich also um ein strategisches Vorgehen in der Gestaltung von Planung, in dem auf unterschiedliche Bed\u00fcrfnisse eingegangen wird. \u00dcber Gender Planning steht &hellip;\" \/>\n<meta property=\"og:url\" content=\"https:\/\/gender-planning.lva.tuwien.ac.at\/index.php\/was-ist-gender-planning\/\" \/>\n<meta property=\"og:site_name\" content=\"Gender Planning\" \/>\n<meta property=\"article:modified_time\" content=\"2021-09-10T10:30:30+00:00\" \/>\n<meta property=\"og:image\" content=\"https:\/\/gender-planning.lva.tuwien.ac.at\/wp-content\/uploads\/2021\/09\/Gender-Mainstreaming-Grafik-1024x311.png\" \/>\n<meta name=\"twitter:card\" content=\"summary_large_image\" \/>\n<meta name=\"twitter:label1\" content=\"Gesch\u00e4tzte Lesezeit\" \/>\n\t<meta name=\"twitter:data1\" content=\"2\u00a0Minuten\" \/>\n<script type=\"application\/ld+json\" class=\"yoast-schema-graph\">{\"@context\":\"https:\\\/\\\/schema.org\",\"@graph\":[{\"@type\":\"WebPage\",\"@id\":\"https:\\\/\\\/gender-planning.lva.tuwien.ac.at\\\/index.php\\\/was-ist-gender-planning\\\/\",\"url\":\"https:\\\/\\\/gender-planning.lva.tuwien.ac.at\\\/index.php\\\/was-ist-gender-planning\\\/\",\"name\":\"Was ist Gender Planning? - Gender Planning\",\"isPartOf\":{\"@id\":\"https:\\\/\\\/gender-planning.lva.tuwien.ac.at\\\/#website\"},\"primaryImageOfPage\":{\"@id\":\"https:\\\/\\\/gender-planning.lva.tuwien.ac.at\\\/index.php\\\/was-ist-gender-planning\\\/#primaryimage\"},\"image\":{\"@id\":\"https:\\\/\\\/gender-planning.lva.tuwien.ac.at\\\/index.php\\\/was-ist-gender-planning\\\/#primaryimage\"},\"thumbnailUrl\":\"https:\\\/\\\/gender-planning.lva.tuwien.ac.at\\\/wp-content\\\/uploads\\\/2021\\\/09\\\/Gender-Mainstreaming-Grafik-1024x311.png\",\"datePublished\":\"2021-09-10T09:53:09+00:00\",\"dateModified\":\"2021-09-10T10:30:30+00:00\",\"breadcrumb\":{\"@id\":\"https:\\\/\\\/gender-planning.lva.tuwien.ac.at\\\/index.php\\\/was-ist-gender-planning\\\/#breadcrumb\"},\"inLanguage\":\"de\",\"potentialAction\":[{\"@type\":\"ReadAction\",\"target\":[\"https:\\\/\\\/gender-planning.lva.tuwien.ac.at\\\/index.php\\\/was-ist-gender-planning\\\/\"]}]},{\"@type\":\"ImageObject\",\"inLanguage\":\"de\",\"@id\":\"https:\\\/\\\/gender-planning.lva.tuwien.ac.at\\\/index.php\\\/was-ist-gender-planning\\\/#primaryimage\",\"url\":\"https:\\\/\\\/gender-planning.lva.tuwien.ac.at\\\/wp-content\\\/uploads\\\/2021\\\/09\\\/Gender-Mainstreaming-Grafik.png\",\"contentUrl\":\"https:\\\/\\\/gender-planning.lva.tuwien.ac.at\\\/wp-content\\\/uploads\\\/2021\\\/09\\\/Gender-Mainstreaming-Grafik.png\",\"width\":6401,\"height\":1946},{\"@type\":\"BreadcrumbList\",\"@id\":\"https:\\\/\\\/gender-planning.lva.tuwien.ac.at\\\/index.php\\\/was-ist-gender-planning\\\/#breadcrumb\",\"itemListElement\":[{\"@type\":\"ListItem\",\"position\":1,\"name\":\"Startseite\",\"item\":\"https:\\\/\\\/gender-planning.lva.tuwien.ac.at\\\/\"},{\"@type\":\"ListItem\",\"position\":2,\"name\":\"Was ist Gender Planning?\"}]},{\"@type\":\"WebSite\",\"@id\":\"https:\\\/\\\/gender-planning.lva.tuwien.ac.at\\\/#website\",\"url\":\"https:\\\/\\\/gender-planning.lva.tuwien.ac.at\\\/\",\"name\":\"Gender Planning\",\"description\":\"Gender Planning\",\"potentialAction\":[{\"@type\":\"SearchAction\",\"target\":{\"@type\":\"EntryPoint\",\"urlTemplate\":\"https:\\\/\\\/gender-planning.lva.tuwien.ac.at\\\/?s={search_term_string}\"},\"query-input\":{\"@type\":\"PropertyValueSpecification\",\"valueRequired\":true,\"valueName\":\"search_term_string\"}}],\"inLanguage\":\"de\"}]}<\/script>\n<!-- \/ Yoast SEO plugin. -->","yoast_head_json":{"title":"Was ist Gender Planning? - Gender Planning","robots":{"index":"index","follow":"follow","max-snippet":"max-snippet:-1","max-image-preview":"max-image-preview:large","max-video-preview":"max-video-preview:-1"},"canonical":"https:\/\/gender-planning.lva.tuwien.ac.at\/index.php\/was-ist-gender-planning\/","og_locale":"de_DE","og_type":"article","og_title":"Was ist Gender Planning? - Gender Planning","og_description":"Gender Planning ist die Ber\u00fccksichtigung der unterschiedlichen Anforderungen diverser Nutzer*innengruppen des geplanten Raumes auf s\u00e4mtlichen Planungsebenen. Das beinhaltet sowohl die Prozessgestaltung als auch die geplanten Ma\u00dfnahmen. Es handelt sich also um ein strategisches Vorgehen in der Gestaltung von Planung, in dem auf unterschiedliche Bed\u00fcrfnisse eingegangen wird. \u00dcber Gender Planning steht &hellip;","og_url":"https:\/\/gender-planning.lva.tuwien.ac.at\/index.php\/was-ist-gender-planning\/","og_site_name":"Gender Planning","article_modified_time":"2021-09-10T10:30:30+00:00","og_image":[{"url":"https:\/\/gender-planning.lva.tuwien.ac.at\/wp-content\/uploads\/2021\/09\/Gender-Mainstreaming-Grafik-1024x311.png","type":"","width":"","height":""}],"twitter_card":"summary_large_image","twitter_misc":{"Gesch\u00e4tzte Lesezeit":"2\u00a0Minuten"},"schema":{"@context":"https:\/\/schema.org","@graph":[{"@type":"WebPage","@id":"https:\/\/gender-planning.lva.tuwien.ac.at\/index.php\/was-ist-gender-planning\/","url":"https:\/\/gender-planning.lva.tuwien.ac.at\/index.php\/was-ist-gender-planning\/","name":"Was ist Gender Planning? - Gender Planning","isPartOf":{"@id":"https:\/\/gender-planning.lva.tuwien.ac.at\/#website"},"primaryImageOfPage":{"@id":"https:\/\/gender-planning.lva.tuwien.ac.at\/index.php\/was-ist-gender-planning\/#primaryimage"},"image":{"@id":"https:\/\/gender-planning.lva.tuwien.ac.at\/index.php\/was-ist-gender-planning\/#primaryimage"},"thumbnailUrl":"https:\/\/gender-planning.lva.tuwien.ac.at\/wp-content\/uploads\/2021\/09\/Gender-Mainstreaming-Grafik-1024x311.png","datePublished":"2021-09-10T09:53:09+00:00","dateModified":"2021-09-10T10:30:30+00:00","breadcrumb":{"@id":"https:\/\/gender-planning.lva.tuwien.ac.at\/index.php\/was-ist-gender-planning\/#breadcrumb"},"inLanguage":"de","potentialAction":[{"@type":"ReadAction","target":["https:\/\/gender-planning.lva.tuwien.ac.at\/index.php\/was-ist-gender-planning\/"]}]},{"@type":"ImageObject","inLanguage":"de","@id":"https:\/\/gender-planning.lva.tuwien.ac.at\/index.php\/was-ist-gender-planning\/#primaryimage","url":"https:\/\/gender-planning.lva.tuwien.ac.at\/wp-content\/uploads\/2021\/09\/Gender-Mainstreaming-Grafik.png","contentUrl":"https:\/\/gender-planning.lva.tuwien.ac.at\/wp-content\/uploads\/2021\/09\/Gender-Mainstreaming-Grafik.png","width":6401,"height":1946},{"@type":"BreadcrumbList","@id":"https:\/\/gender-planning.lva.tuwien.ac.at\/index.php\/was-ist-gender-planning\/#breadcrumb","itemListElement":[{"@type":"ListItem","position":1,"name":"Startseite","item":"https:\/\/gender-planning.lva.tuwien.ac.at\/"},{"@type":"ListItem","position":2,"name":"Was ist Gender Planning?"}]},{"@type":"WebSite","@id":"https:\/\/gender-planning.lva.tuwien.ac.at\/#website","url":"https:\/\/gender-planning.lva.tuwien.ac.at\/","name":"Gender Planning","description":"Gender Planning","potentialAction":[{"@type":"SearchAction","target":{"@type":"EntryPoint","urlTemplate":"https:\/\/gender-planning.lva.tuwien.ac.at\/?s={search_term_string}"},"query-input":{"@type":"PropertyValueSpecification","valueRequired":true,"valueName":"search_term_string"}}],"inLanguage":"de"}]}},"_links":{"self":[{"href":"https:\/\/gender-planning.lva.tuwien.ac.at\/index.php\/wp-json\/wp\/v2\/pages\/322","targetHints":{"allow":["GET"]}}],"collection":[{"href":"https:\/\/gender-planning.lva.tuwien.ac.at\/index.php\/wp-json\/wp\/v2\/pages"}],"about":[{"href":"https:\/\/gender-planning.lva.tuwien.ac.at\/index.php\/wp-json\/wp\/v2\/types\/page"}],"author":[{"embeddable":true,"href":"https:\/\/gender-planning.lva.tuwien.ac.at\/index.php\/wp-json\/wp\/v2\/users\/4"}],"replies":[{"embeddable":true,"href":"https:\/\/gender-planning.lva.tuwien.ac.at\/index.php\/wp-json\/wp\/v2\/comments?post=322"}],"version-history":[{"count":11,"href":"https:\/\/gender-planning.lva.tuwien.ac.at\/index.php\/wp-json\/wp\/v2\/pages\/322\/revisions"}],"predecessor-version":[{"id":342,"href":"https:\/\/gender-planning.lva.tuwien.ac.at\/index.php\/wp-json\/wp\/v2\/pages\/322\/revisions\/342"}],"wp:attachment":[{"href":"https:\/\/gender-planning.lva.tuwien.ac.at\/index.php\/wp-json\/wp\/v2\/media?parent=322"}],"curies":[{"name":"wp","href":"https:\/\/api.w.org\/{rel}","templated":true}]}}