{"id":3,"date":"2021-07-28T13:42:09","date_gmt":"2021-07-28T13:42:09","guid":{"rendered":"https:\/\/gender-planning.lva.tuwien.ac.at\/?page_id=3"},"modified":"2022-05-24T16:42:40","modified_gmt":"2022-05-24T14:42:40","slug":"privacy-policy","status":"publish","type":"page","link":"https:\/\/gender-planning.lva.tuwien.ac.at\/index.php\/privacy-policy\/","title":{"rendered":"Impressum"},"content":{"rendered":"\n<h5 class=\"wp-block-heading\">Offenlegung gem\u00e4\u00df \u00a725 Mediengesetz<\/h5>\n\n\n\n<p><br>Univ.Ass.<sup>in<\/sup>\u00a0Dipl.-Ing.<sup>in<\/sup>\u00a0Dr.<sup>in<\/sup>\u00a0<strong>Petra HIRSCHLER<\/strong><br>Forschungsbereich Regionalplanung und Regionalentwicklung<br>Institut f\u00fcr Raumplanung<br>Technische Universit\u00e4t Wien<br>Karlsgasse 13, 3. OG, 1040 Wien, \u00d6sterreich<\/p>\n\n\n\n<h5 class=\"wp-block-heading\"><br>Bildquellen<\/h5>\n\n\n\n<p>Icons Feministische Raumaneignung: The Noun Project by Lluisa Iborra<\/p>\n","protected":false},"excerpt":{"rendered":"<p>Offenlegung gem\u00e4\u00df \u00a725 Mediengesetz Univ.Ass.in\u00a0Dipl.-Ing.in\u00a0Dr.in\u00a0Petra HIRSCHLERForschungsbereich Regionalplanung und RegionalentwicklungInstitut f\u00fcr RaumplanungTechnische Universit\u00e4t WienKarlsgasse 13, 3. OG, 1040 Wien, \u00d6sterreich Bildquellen Icons Feministische Raumaneignung: The Noun Project by Lluisa Iborra<\/p>\n","protected":false},"author":4,"featured_media":0,"parent":0,"menu_order":0,"comment_status":"closed","ping_status":"open","template":"","meta":{"footnotes":""},"class_list":["post-3","page","type-page","status-publish","hentry"],"yoast_head":"<!-- This site is optimized with the Yoast SEO plugin v27.5 - https:\/\/yoast.com\/product\/yoast-seo-wordpress\/ -->\n<title>Impressum - Gender Planning<\/title>\n<meta name=\"robots\" content=\"index, follow, max-snippet:-1, max-image-preview:large, max-video-preview:-1\" \/>\n<link rel=\"canonical\" href=\"https:\/\/gender-planning.lva.tuwien.ac.at\/index.php\/privacy-policy\/\" \/>\n<meta property=\"og:locale\" content=\"de_DE\" \/>\n<meta property=\"og:type\" content=\"article\" \/>\n<meta property=\"og:title\" content=\"Impressum - Gender Planning\" \/>\n<meta property=\"og:description\" content=\"Offenlegung gem\u00e4\u00df \u00a725 Mediengesetz Univ.Ass.in\u00a0Dipl.-Ing.in\u00a0Dr.in\u00a0Petra HIRSCHLERForschungsbereich Regionalplanung und RegionalentwicklungInstitut f\u00fcr RaumplanungTechnische Universit\u00e4t WienKarlsgasse 13, 3. OG, 1040 Wien, \u00d6sterreich Bildquellen Icons Feministische Raumaneignung: The Noun Project by Lluisa Iborra\" \/>\n<meta property=\"og:url\" content=\"https:\/\/gender-planning.lva.tuwien.ac.at\/index.php\/privacy-policy\/\" \/>\n<meta property=\"og:site_name\" content=\"Gender Planning\" \/>\n<meta property=\"article:modified_time\" content=\"2022-05-24T14:42:40+00:00\" \/>\n<meta name=\"twitter:card\" content=\"summary_large_image\" \/>\n<meta name=\"twitter:label1\" content=\"Gesch\u00e4tzte Lesezeit\" \/>\n\t<meta name=\"twitter:data1\" content=\"1\u00a0Minute\" \/>\n<script type=\"application\/ld+json\" class=\"yoast-schema-graph\">{\"@context\":\"https:\\\/\\\/schema.org\",\"@graph\":[{\"@type\":\"WebPage\",\"@id\":\"https:\\\/\\\/gender-planning.lva.tuwien.ac.at\\\/index.php\\\/privacy-policy\\\/\",\"url\":\"https:\\\/\\\/gender-planning.lva.tuwien.ac.at\\\/index.php\\\/privacy-policy\\\/\",\"name\":\"Impressum - Gender Planning\",\"isPartOf\":{\"@id\":\"https:\\\/\\\/gender-planning.lva.tuwien.ac.at\\\/#website\"},\"datePublished\":\"2021-07-28T13:42:09+00:00\",\"dateModified\":\"2022-05-24T14:42:40+00:00\",\"breadcrumb\":{\"@id\":\"https:\\\/\\\/gender-planning.lva.tuwien.ac.at\\\/index.php\\\/privacy-policy\\\/#breadcrumb\"},\"inLanguage\":\"de\",\"potentialAction\":[{\"@type\":\"ReadAction\",\"target\":[\"https:\\\/\\\/gender-planning.lva.tuwien.ac.at\\\/index.php\\\/privacy-policy\\\/\"]}]},{\"@type\":\"BreadcrumbList\",\"@id\":\"https:\\\/\\\/gender-planning.lva.tuwien.ac.at\\\/index.php\\\/privacy-policy\\\/#breadcrumb\",\"itemListElement\":[{\"@type\":\"ListItem\",\"position\":1,\"name\":\"Startseite\",\"item\":\"https:\\\/\\\/gender-planning.lva.tuwien.ac.at\\\/\"},{\"@type\":\"ListItem\",\"position\":2,\"name\":\"Impressum\"}]},{\"@type\":\"WebSite\",\"@id\":\"https:\\\/\\\/gender-planning.lva.tuwien.ac.at\\\/#website\",\"url\":\"https:\\\/\\\/gender-planning.lva.tuwien.ac.at\\\/\",\"name\":\"Gender Planning\",\"description\":\"Gender Planning\",\"potentialAction\":[{\"@type\":\"SearchAction\",\"target\":{\"@type\":\"EntryPoint\",\"urlTemplate\":\"https:\\\/\\\/gender-planning.lva.tuwien.ac.at\\\/?s={search_term_string}\"},\"query-input\":{\"@type\":\"PropertyValueSpecification\",\"valueRequired\":true,\"valueName\":\"search_term_string\"}}],\"inLanguage\":\"de\"}]}<\/script>\n<!-- \/ Yoast SEO plugin. -->","yoast_head_json":{"title":"Impressum - Gender Planning","robots":{"index":"index","follow":"follow","max-snippet":"max-snippet:-1","max-image-preview":"max-image-preview:large","max-video-preview":"max-video-preview:-1"},"canonical":"https:\/\/gender-planning.lva.tuwien.ac.at\/index.php\/privacy-policy\/","og_locale":"de_DE","og_type":"article","og_title":"Impressum - Gender Planning","og_description":"Offenlegung gem\u00e4\u00df \u00a725 Mediengesetz Univ.Ass.in\u00a0Dipl.-Ing.in\u00a0Dr.in\u00a0Petra HIRSCHLERForschungsbereich Regionalplanung und RegionalentwicklungInstitut f\u00fcr RaumplanungTechnische Universit\u00e4t WienKarlsgasse 13, 3. OG, 1040 Wien, \u00d6sterreich Bildquellen Icons Feministische Raumaneignung: The Noun Project by Lluisa Iborra","og_url":"https:\/\/gender-planning.lva.tuwien.ac.at\/index.php\/privacy-policy\/","og_site_name":"Gender Planning","article_modified_time":"2022-05-24T14:42:40+00:00","twitter_card":"summary_large_image","twitter_misc":{"Gesch\u00e4tzte Lesezeit":"1\u00a0Minute"},"schema":{"@context":"https:\/\/schema.org","@graph":[{"@type":"WebPage","@id":"https:\/\/gender-planning.lva.tuwien.ac.at\/index.php\/privacy-policy\/","url":"https:\/\/gender-planning.lva.tuwien.ac.at\/index.php\/privacy-policy\/","name":"Impressum - Gender Planning","isPartOf":{"@id":"https:\/\/gender-planning.lva.tuwien.ac.at\/#website"},"datePublished":"2021-07-28T13:42:09+00:00","dateModified":"2022-05-24T14:42:40+00:00","breadcrumb":{"@id":"https:\/\/gender-planning.lva.tuwien.ac.at\/index.php\/privacy-policy\/#breadcrumb"},"inLanguage":"de","potentialAction":[{"@type":"ReadAction","target":["https:\/\/gender-planning.lva.tuwien.ac.at\/index.php\/privacy-policy\/"]}]},{"@type":"BreadcrumbList","@id":"https:\/\/gender-planning.lva.tuwien.ac.at\/index.php\/privacy-policy\/#breadcrumb","itemListElement":[{"@type":"ListItem","position":1,"name":"Startseite","item":"https:\/\/gender-planning.lva.tuwien.ac.at\/"},{"@type":"ListItem","position":2,"name":"Impressum"}]},{"@type":"WebSite","@id":"https:\/\/gender-planning.lva.tuwien.ac.at\/#website","url":"https:\/\/gender-planning.lva.tuwien.ac.at\/","name":"Gender Planning","description":"Gender Planning","potentialAction":[{"@type":"SearchAction","target":{"@type":"EntryPoint","urlTemplate":"https:\/\/gender-planning.lva.tuwien.ac.at\/?s={search_term_string}"},"query-input":{"@type":"PropertyValueSpecification","valueRequired":true,"valueName":"search_term_string"}}],"inLanguage":"de"}]}},"_links":{"self":[{"href":"https:\/\/gender-planning.lva.tuwien.ac.at\/index.php\/wp-json\/wp\/v2\/pages\/3","targetHints":{"allow":["GET"]}}],"collection":[{"href":"https:\/\/gender-planning.lva.tuwien.ac.at\/index.php\/wp-json\/wp\/v2\/pages"}],"about":[{"href":"https:\/\/gender-planning.lva.tuwien.ac.at\/index.php\/wp-json\/wp\/v2\/types\/page"}],"author":[{"embeddable":true,"href":"https:\/\/gender-planning.lva.tuwien.ac.at\/index.php\/wp-json\/wp\/v2\/users\/4"}],"replies":[{"embeddable":true,"href":"https:\/\/gender-planning.lva.tuwien.ac.at\/index.php\/wp-json\/wp\/v2\/comments?post=3"}],"version-history":[{"count":9,"href":"https:\/\/gender-planning.lva.tuwien.ac.at\/index.php\/wp-json\/wp\/v2\/pages\/3\/revisions"}],"predecessor-version":[{"id":828,"href":"https:\/\/gender-planning.lva.tuwien.ac.at\/index.php\/wp-json\/wp\/v2\/pages\/3\/revisions\/828"}],"wp:attachment":[{"href":"https:\/\/gender-planning.lva.tuwien.ac.at\/index.php\/wp-json\/wp\/v2\/media?parent=3"}],"curies":[{"name":"wp","href":"https:\/\/api.w.org\/{rel}","templated":true}]}}